{"id":1220,"date":"2025-09-28T07:10:25","date_gmt":"2025-09-28T07:10:25","guid":{"rendered":"https:\/\/uhmwpemanufacture.com\/?post_type=product&#038;p=1220"},"modified":"2025-09-28T07:11:06","modified_gmt":"2025-09-28T07:11:06","slug":"manufacturer-portable-court-floor-tiles-ice-hockey-mat","status":"publish","type":"product","link":"https:\/\/uhmwpemanufacture.com\/it\/manufacturer-portable-court-floor-tiles-ice-hockey-mat\/","title":{"rendered":"Produttore Piastrelle di pavimento della corte portatile Stuoia di hockey su ghiaccio"},"content":{"rendered":"<h2>Creatore di piastrelle di pavimento della corte portatile Hockey su ghiaccio Mat<\/h2>\n<p>Le nostre piastrelle in ceramica per campi da gioco portatili e i pavimenti per hockey su ghiaccio sono stati creati per garantire praticit\u00e0, robustezza e facilit\u00e0 di installazione. Realizzate con prodotti di alta qualit\u00e0, queste piastrelle in ceramica intrecciate forniscono una superficie liscia, sicura e antiscivolo che assomiglia al ghiaccio vero, rendendole ideali per l'allenamento di hockey, la pratica del pattinaggio e l'uso multisport. Il design modulare e leggero consente una configurazione e uno smontaggio rapidi, perfetti per campi di breve durata, allenamenti domestici o eventi specialistici. Immuni alle intemperie, agli urti e all'usura, garantiscono prestazioni affidabili sia all'interno che all'esterno. In qualit\u00e0 di fornitore di fiducia, offriamo dimensioni e tonalit\u00e0 personalizzabili per soddisfare le diverse esigenze di esibizione e di svago.<\/p>","protected":false},"excerpt":{"rendered":"<p>Le piastrelle per campi da gioco portatili e i tappeti per hockey su ghiaccio forniscono una superficie liscia, durevole e antiscivolo per gli allenamenti e le partite. Facili da installare e resistenti alle intemperie, sono ideali per gli allenamenti in casa, per i campi temporanei e per gli eventi professionali, offrendo prestazioni affidabili sia all'interno che all'esterno.<\/p>","protected":false},"featured_media":1224,"template":"","meta":{"_gspb_post_css":""},"product_brand":[],"product_cat":[29,31],"product_tag":[171,172,173],"class_list":{"0":"post-1220","1":"product","2":"type-product","3":"status-publish","4":"has-post-thumbnail","6":"product_cat-ice-rink-products","7":"product_cat-hockey-practice-shooting-pads","8":"product_tag-ice-hockey-mat","9":"product_tag-portable-court-tiles","10":"product_tag-sports-flooring-manufacturer","12":"first","13":"instock","14":"shipping-taxable","15":"product-type-simple"},"_links":{"self":[{"href":"https:\/\/uhmwpemanufacture.com\/it\/wp-json\/wp\/v2\/product\/1220","targetHints":{"allow":["GET"]}}],"collection":[{"href":"https:\/\/uhmwpemanufacture.com\/it\/wp-json\/wp\/v2\/product"}],"about":[{"href":"https:\/\/uhmwpemanufacture.com\/it\/wp-json\/wp\/v2\/types\/product"}],"wp:featuredmedia":[{"embeddable":true,"href":"https:\/\/uhmwpemanufacture.com\/it\/wp-json\/wp\/v2\/media\/1224"}],"wp:attachment":[{"href":"https:\/\/uhmwpemanufacture.com\/it\/wp-json\/wp\/v2\/media?parent=1220"}],"wp:term":[{"taxonomy":"product_brand","embeddable":true,"href":"https:\/\/uhmwpemanufacture.com\/it\/wp-json\/wp\/v2\/product_brand?post=1220"},{"taxonomy":"product_cat","embeddable":true,"href":"https:\/\/uhmwpemanufacture.com\/it\/wp-json\/wp\/v2\/product_cat?post=1220"},{"taxonomy":"product_tag","embeddable":true,"href":"https:\/\/uhmwpemanufacture.com\/it\/wp-json\/wp\/v2\/product_tag?post=1220"}],"curies":[{"name":"wp","href":"https:\/\/api.w.org\/{rel}","templated":true}]}}