{"id":1268,"date":"2025-09-28T07:34:37","date_gmt":"2025-09-28T07:34:37","guid":{"rendered":"https:\/\/uhmwpemanufacture.com\/?post_type=product&#038;p=1268"},"modified":"2025-09-28T07:34:37","modified_gmt":"2025-09-28T07:34:37","slug":"high-durability-nylon-low-friction-plastic-rods-wholesaler","status":"publish","type":"product","link":"https:\/\/uhmwpemanufacture.com\/it\/high-durability-nylon-low-friction-plastic-rods-wholesaler\/","title":{"rendered":"Alta durevolezza Nylon basso attrito plastica Rods grossista"},"content":{"rendered":"<h2>Rivenditore di nylon ad alta tenacit\u00e0 di aste di plastica a basso sfregamento<\/h2>\n<p>I nostri pali in plastica di nylon sono progettati per garantire un'elevata resilienza e una superba efficienza a basso attrito, rendendoli una scelta affidabile per le applicazioni industriali pi\u00f9 impegnative. Questi pali sono caratterizzati da un'eccellente resistenza all'usura, un'elevata resistenza alla trazione e agli urti, per garantire una lunga durata in presenza di tonnellate elevate e di un uso continuo. Grazie all'eccezionale lavorabilit\u00e0, possono essere rapidamente ridotti, forati o modellati in elementi personalizzati come boccole, attrezzature, rulli e cuscinetti. Immuni agli agenti chimici e all'umidit\u00e0, le barre di nylon mantengono la stabilit\u00e0 in ambienti difficili. In qualit\u00e0 di rivenditore affidabile, forniamo aste di nylon in diverse dimensioni, lunghezze e colori per soddisfare le diverse esigenze di produzione.<\/p>","protected":false},"excerpt":{"rendered":"<p>Le aste in plastica di nylon offrono un'elevata durata, un basso attrito e un'eccellente resistenza all'usura. Ideali per boccole, ingranaggi, rulli e cuscinetti, garantiscono forza, lavorabilit\u00e0 e stabilit\u00e0 nelle applicazioni industriali. Disponibili in varie misure da un grossista di fiducia.<\/p>","protected":false},"featured_media":1274,"template":"","meta":{"_gspb_post_css":""},"product_brand":[],"product_cat":[15],"product_tag":[190,189,188],"class_list":{"0":"post-1268","1":"product","2":"type-product","3":"status-publish","4":"has-post-thumbnail","6":"product_cat-uhmwpe-hdpe-sheets-plates","7":"product_tag-industrial-nylon-rods","8":"product_tag-low-friction-rods","9":"product_tag-nylon-plastic-rods","11":"first","12":"instock","13":"shipping-taxable","14":"product-type-simple"},"_links":{"self":[{"href":"https:\/\/uhmwpemanufacture.com\/it\/wp-json\/wp\/v2\/product\/1268","targetHints":{"allow":["GET"]}}],"collection":[{"href":"https:\/\/uhmwpemanufacture.com\/it\/wp-json\/wp\/v2\/product"}],"about":[{"href":"https:\/\/uhmwpemanufacture.com\/it\/wp-json\/wp\/v2\/types\/product"}],"wp:featuredmedia":[{"embeddable":true,"href":"https:\/\/uhmwpemanufacture.com\/it\/wp-json\/wp\/v2\/media\/1274"}],"wp:attachment":[{"href":"https:\/\/uhmwpemanufacture.com\/it\/wp-json\/wp\/v2\/media?parent=1268"}],"wp:term":[{"taxonomy":"product_brand","embeddable":true,"href":"https:\/\/uhmwpemanufacture.com\/it\/wp-json\/wp\/v2\/product_brand?post=1268"},{"taxonomy":"product_cat","embeddable":true,"href":"https:\/\/uhmwpemanufacture.com\/it\/wp-json\/wp\/v2\/product_cat?post=1268"},{"taxonomy":"product_tag","embeddable":true,"href":"https:\/\/uhmwpemanufacture.com\/it\/wp-json\/wp\/v2\/product_tag?post=1268"}],"curies":[{"name":"wp","href":"https:\/\/api.w.org\/{rel}","templated":true}]}}