{"id":1285,"date":"2025-09-28T07:44:07","date_gmt":"2025-09-28T07:44:07","guid":{"rendered":"https:\/\/uhmwpemanufacture.com\/?post_type=product&#038;p=1285"},"modified":"2025-09-28T07:44:07","modified_gmt":"2025-09-28T07:44:07","slug":"uhmwpe-tarpaulin-pe-material-for-lighting-cut-extruded","status":"publish","type":"product","link":"https:\/\/uhmwpemanufacture.com\/it\/uhmwpe-tarpaulin-pe-material-for-lighting-cut-extruded\/","title":{"rendered":"Materiale PE della tela cerata UHMWPE per l'illuminazione tagliato ed estruso"},"content":{"rendered":"<h2>Materiale PE della tela cerata UHMWPE per l'illuminazione tagliato ed estruso<\/h2>\n<p>Il nostro telone UHMWPE in PE \u00e8 stato sviluppato per garantire robustezza, flessibilit\u00e0 e resistenza alle condizioni pi\u00f9 difficili. Progettato con polietilene ad altissimo peso molecolare, presenta un'eccezionale resistenza allo strappo, all'abrasione e alle intemperie. Adatto per applicazioni di illuminazione, questo prodotto pu\u00f2 essere tagliato ed estruso in modo specifico per adattarsi a requisiti personalizzati. Offre una difesa duratura contro i raggi UV, l'umidit\u00e0 e gli agenti chimici, rendendolo ideale per ambienti interni ed esterni. Leggero ma solido, garantisce una facile manipolazione e installazione. Una soluzione funzionale per attivit\u00e0 commerciali, edilizie e di costruzione che necessitano di una copertura e di un rivestimento affidabili.<\/p>","protected":false},"excerpt":{"rendered":"<p>Il materiale UHMWPE tarpaulin PE offre una durata e una resistenza agli agenti atmosferici superiori. Facile da tagliare e da estrudere, \u00e8 ideale per l'illuminazione, l'edilizia e l'industria e offre protezione dai raggi UV, dall'umidit\u00e0 e dalle sostanze chimiche con prestazioni di lunga durata sia all'interno che all'esterno.<\/p>","protected":false},"featured_media":1291,"template":"","meta":{"_gspb_post_css":""},"product_brand":[],"product_cat":[15,18],"product_tag":[196,195,194],"class_list":{"0":"post-1285","1":"product","2":"type-product","3":"status-publish","4":"has-post-thumbnail","6":"product_cat-uhmwpe-hdpe-sheets-plates","7":"product_cat-hdpe-sheets","8":"product_tag-extruded-plastic-material","9":"product_tag-pe-sheet-material","10":"product_tag-uhmwpe-tarpaulin","12":"first","13":"instock","14":"shipping-taxable","15":"product-type-simple"},"_links":{"self":[{"href":"https:\/\/uhmwpemanufacture.com\/it\/wp-json\/wp\/v2\/product\/1285","targetHints":{"allow":["GET"]}}],"collection":[{"href":"https:\/\/uhmwpemanufacture.com\/it\/wp-json\/wp\/v2\/product"}],"about":[{"href":"https:\/\/uhmwpemanufacture.com\/it\/wp-json\/wp\/v2\/types\/product"}],"wp:featuredmedia":[{"embeddable":true,"href":"https:\/\/uhmwpemanufacture.com\/it\/wp-json\/wp\/v2\/media\/1291"}],"wp:attachment":[{"href":"https:\/\/uhmwpemanufacture.com\/it\/wp-json\/wp\/v2\/media?parent=1285"}],"wp:term":[{"taxonomy":"product_brand","embeddable":true,"href":"https:\/\/uhmwpemanufacture.com\/it\/wp-json\/wp\/v2\/product_brand?post=1285"},{"taxonomy":"product_cat","embeddable":true,"href":"https:\/\/uhmwpemanufacture.com\/it\/wp-json\/wp\/v2\/product_cat?post=1285"},{"taxonomy":"product_tag","embeddable":true,"href":"https:\/\/uhmwpemanufacture.com\/it\/wp-json\/wp\/v2\/product_tag?post=1285"}],"curies":[{"name":"wp","href":"https:\/\/api.w.org\/{rel}","templated":true}]}}