{"id":1314,"date":"2025-09-28T08:07:09","date_gmt":"2025-09-28T08:07:09","guid":{"rendered":"https:\/\/uhmwpemanufacture.com\/?post_type=product&#038;p=1314"},"modified":"2025-09-28T08:07:09","modified_gmt":"2025-09-28T08:07:09","slug":"high-precision-plastic-injection-molding-manufacture-molding","status":"publish","type":"product","link":"https:\/\/uhmwpemanufacture.com\/it\/high-precision-plastic-injection-molding-manufacture-molding\/","title":{"rendered":"Stampaggio ad iniezione di plastica di alta precisione Fabbricazione stampaggio"},"content":{"rendered":"<h2>Stampaggio ad iniezione di plastica di alta precisione Fabbricazione stampaggio<\/h2>\n<p>I nostri servizi di pallinatura di plastica ad alta precisione forniscono componenti affidabili, precisi e durevoli, adatti a soddisfare diverse esigenze commerciali. Utilizzando una sofisticata tecnologia di stampaggio e materiali plastici di alta qualit\u00e0 come PP, PE, nylon e altri materiali tecnici, produciamo elementi con un'eccezionale precisione dimensionale e finitura superficiale. Queste parti costruite sono leggere ma robuste, resistenti all'uso, agli effetti e alle sostanze chimiche, e sono quindi adatte a veicoli, dispositivi elettronici, imballaggi di prodotti e articoli per i clienti. Grazie alla possibilit\u00e0 di personalizzare forme, dimensioni e tonalit\u00e0, realizziamo rimedi certi che soddisfano le richieste dei clienti. In qualit\u00e0 di produttore di fiducia, garantiamo coerenza, prestazioni e produzione economica.<\/p>","protected":false},"excerpt":{"rendered":"<p>Lo stampaggio a iniezione di plastica ad alta precisione consente di ottenere pezzi accurati e durevoli con finiture eccellenti. Utilizzando PP, PE, nylon e tecnopolimeri, forniamo componenti personalizzati per applicazioni automobilistiche, elettroniche, di imballaggio e industriali con una qualit\u00e0 costante.<\/p>","protected":false},"featured_media":1317,"template":"","meta":{"_gspb_post_css":""},"product_brand":[],"product_cat":[35],"product_tag":[202,163,201],"class_list":{"0":"post-1314","1":"product","2":"type-product","3":"status-publish","4":"has-post-thumbnail","6":"product_cat-pp-pe-products","7":"product_tag-custom-plastic-components","8":"product_tag-plastic-injection-molding","9":"product_tag-precision-molded-parts","11":"first","12":"instock","13":"shipping-taxable","14":"product-type-simple"},"_links":{"self":[{"href":"https:\/\/uhmwpemanufacture.com\/it\/wp-json\/wp\/v2\/product\/1314","targetHints":{"allow":["GET"]}}],"collection":[{"href":"https:\/\/uhmwpemanufacture.com\/it\/wp-json\/wp\/v2\/product"}],"about":[{"href":"https:\/\/uhmwpemanufacture.com\/it\/wp-json\/wp\/v2\/types\/product"}],"wp:featuredmedia":[{"embeddable":true,"href":"https:\/\/uhmwpemanufacture.com\/it\/wp-json\/wp\/v2\/media\/1317"}],"wp:attachment":[{"href":"https:\/\/uhmwpemanufacture.com\/it\/wp-json\/wp\/v2\/media?parent=1314"}],"wp:term":[{"taxonomy":"product_brand","embeddable":true,"href":"https:\/\/uhmwpemanufacture.com\/it\/wp-json\/wp\/v2\/product_brand?post=1314"},{"taxonomy":"product_cat","embeddable":true,"href":"https:\/\/uhmwpemanufacture.com\/it\/wp-json\/wp\/v2\/product_cat?post=1314"},{"taxonomy":"product_tag","embeddable":true,"href":"https:\/\/uhmwpemanufacture.com\/it\/wp-json\/wp\/v2\/product_tag?post=1314"}],"curies":[{"name":"wp","href":"https:\/\/api.w.org\/{rel}","templated":true}]}}