{"id":1344,"date":"2025-09-28T08:22:50","date_gmt":"2025-09-28T08:22:50","guid":{"rendered":"https:\/\/uhmwpemanufacture.com\/?post_type=product&#038;p=1344"},"modified":"2025-09-28T08:22:50","modified_gmt":"2025-09-28T08:22:50","slug":"custom-portable-outdoor-floor-ball-dasher-boards-supplier","status":"publish","type":"product","link":"https:\/\/uhmwpemanufacture.com\/it\/custom-portable-outdoor-floor-ball-dasher-boards-supplier\/","title":{"rendered":"Personalizzato portatile all'aperto pavimento palla Dasher Boards Fornitore"},"content":{"rendered":"<h2>Personalizzato portatile pavimentazione esterna sfera Dasher Boards Distributore<\/h2>\n<p>Le nostre pedane da gioco portatili personalizzate per esterni sono state sviluppate per garantire la resistenza, la resilienza e la sicurezza dei giocatori, rendendole ideali per i campi di allenamento e di intrattenimento. Realizzate in polietilene di prima qualit\u00e0, queste pedane presentano resistenza agli urti, resistenza alle intemperie e una superficie liscia e non abrasiva per un gioco sicuro. Lo stile modulare e portatile consente una facile installazione, smontaggio e stoccaggio, assicurando l'adattabilit\u00e0 a soluzioni di breve durata o irreversibili. Ideali sia per l'uso in interni che in esterni, resistono all'usura pesante mantenendo una stabilit\u00e0 duratura. In qualit\u00e0 di fornitore affidabile, offriamo dimensioni, tonalit\u00e0 e allestimenti personalizzati per soddisfare le diverse esigenze espositive.<\/p>","protected":false},"excerpt":{"rendered":"<p>Le pedane da gioco portatili personalizzate per esterni garantiscono durata, resistenza agli urti e sicurezza di gioco. Con un design modulare e facile da installare, sono ideali per l'uso all'interno o all'esterno, offrendo stabilit\u00e0 a lungo termine e opzioni personalizzabili per centri di allenamento e arene ricreative.<\/p>","protected":false},"featured_media":1349,"template":"","meta":{"_gspb_post_css":""},"product_brand":[],"product_cat":[29,33],"product_tag":[210,212,211],"class_list":{"0":"post-1344","1":"product","2":"type-product","3":"status-publish","4":"has-post-thumbnail","6":"product_cat-ice-rink-products","7":"product_cat-floor-ball-dasher-boards","8":"product_tag-floor-ball-dasher-boards","9":"product_tag-outdoor-rink-supplier","10":"product_tag-portable-sports-boards","12":"first","13":"instock","14":"shipping-taxable","15":"product-type-simple"},"_links":{"self":[{"href":"https:\/\/uhmwpemanufacture.com\/it\/wp-json\/wp\/v2\/product\/1344","targetHints":{"allow":["GET"]}}],"collection":[{"href":"https:\/\/uhmwpemanufacture.com\/it\/wp-json\/wp\/v2\/product"}],"about":[{"href":"https:\/\/uhmwpemanufacture.com\/it\/wp-json\/wp\/v2\/types\/product"}],"wp:featuredmedia":[{"embeddable":true,"href":"https:\/\/uhmwpemanufacture.com\/it\/wp-json\/wp\/v2\/media\/1349"}],"wp:attachment":[{"href":"https:\/\/uhmwpemanufacture.com\/it\/wp-json\/wp\/v2\/media?parent=1344"}],"wp:term":[{"taxonomy":"product_brand","embeddable":true,"href":"https:\/\/uhmwpemanufacture.com\/it\/wp-json\/wp\/v2\/product_brand?post=1344"},{"taxonomy":"product_cat","embeddable":true,"href":"https:\/\/uhmwpemanufacture.com\/it\/wp-json\/wp\/v2\/product_cat?post=1344"},{"taxonomy":"product_tag","embeddable":true,"href":"https:\/\/uhmwpemanufacture.com\/it\/wp-json\/wp\/v2\/product_tag?post=1344"}],"curies":[{"name":"wp","href":"https:\/\/api.w.org\/{rel}","templated":true}]}}