{"id":1371,"date":"2025-09-28T08:46:18","date_gmt":"2025-09-28T08:46:18","guid":{"rendered":"https:\/\/uhmwpemanufacture.com\/?post_type=product&#038;p=1371"},"modified":"2025-09-28T08:46:18","modified_gmt":"2025-09-28T08:46:18","slug":"plastic-crane-outrigger-pads-popular-track-support-pad","status":"publish","type":"product","link":"https:\/\/uhmwpemanufacture.com\/it\/plastic-crane-outrigger-pads-popular-track-support-pad\/","title":{"rendered":"Cuscinetti di plastica per gru fuori bordo Cuscinetti di supporto per binari popolari"},"content":{"rendered":"<h2>Tamponi di plastica per gru a bandiera Tamponi di plastica per l'assistenza ai binari<\/h2>\n<p>I nostri pattini per gru in plastica sono progettati per fornire un'assistenza solida e sicura a gru, ascensori e macchinari pesanti. Realizzati in polietilene di prima qualit\u00e0, questi pattini combinano la leggerezza e l'elevata capacit\u00e0 di carico. La superficie antiscivolo garantisce un posizionamento sicuro, mentre la resistenza all'umidit\u00e0, alle sostanze chimiche e alle condizioni atmosferiche estreme li rende ideali per i problemi di cantiere. Grazie alla loro ergonomia, sono facili da trasportare e da montare, offrendo una soluzione economica, riciclabile e priva di rischi. Molto diffuse nei progetti edilizi, energetici e industriali, queste piastre di assistenza proteggono le superfici del terreno e prolungano l'efficienza delle attrezzature negli ambienti pi\u00f9 comuni.<\/p>","protected":false},"excerpt":{"rendered":"<p>I pattini per gru in plastica forniscono un supporto stabile e duraturo per gru e macchinari pesanti. Leggeri e con superfici antiscivolo, resistono alle intemperie, all'umidit\u00e0 e agli agenti chimici, proteggendo le superfici del terreno. Facili da trasportare e riutilizzabili per progetti edili e industriali.<\/p>","protected":false},"featured_media":1380,"template":"","meta":{"_gspb_post_css":""},"product_brand":[],"product_cat":[15,20],"product_tag":[197,222,221],"class_list":{"0":"post-1371","1":"product","2":"type-product","3":"status-publish","4":"has-post-thumbnail","6":"product_cat-uhmwpe-hdpe-sheets-plates","7":"product_cat-crane-outrigger-pads","8":"product_tag-crane-outrigger-pads","9":"product_tag-heavy-equipment-stabilizers","10":"product_tag-plastic-support-pads","12":"first","13":"instock","14":"shipping-taxable","15":"product-type-simple"},"_links":{"self":[{"href":"https:\/\/uhmwpemanufacture.com\/it\/wp-json\/wp\/v2\/product\/1371","targetHints":{"allow":["GET"]}}],"collection":[{"href":"https:\/\/uhmwpemanufacture.com\/it\/wp-json\/wp\/v2\/product"}],"about":[{"href":"https:\/\/uhmwpemanufacture.com\/it\/wp-json\/wp\/v2\/types\/product"}],"wp:featuredmedia":[{"embeddable":true,"href":"https:\/\/uhmwpemanufacture.com\/it\/wp-json\/wp\/v2\/media\/1380"}],"wp:attachment":[{"href":"https:\/\/uhmwpemanufacture.com\/it\/wp-json\/wp\/v2\/media?parent=1371"}],"wp:term":[{"taxonomy":"product_brand","embeddable":true,"href":"https:\/\/uhmwpemanufacture.com\/it\/wp-json\/wp\/v2\/product_brand?post=1371"},{"taxonomy":"product_cat","embeddable":true,"href":"https:\/\/uhmwpemanufacture.com\/it\/wp-json\/wp\/v2\/product_cat?post=1371"},{"taxonomy":"product_tag","embeddable":true,"href":"https:\/\/uhmwpemanufacture.com\/it\/wp-json\/wp\/v2\/product_tag?post=1371"}],"curies":[{"name":"wp","href":"https:\/\/api.w.org\/{rel}","templated":true}]}}