{"id":1386,"date":"2025-09-28T08:50:18","date_gmt":"2025-09-28T08:50:18","guid":{"rendered":"https:\/\/uhmwpemanufacture.com\/?post_type=product&#038;p=1386"},"modified":"2025-09-28T08:50:18","modified_gmt":"2025-09-28T08:50:18","slug":"nylon-plate-sheet-block-cnc-machining-plastic-materials","status":"publish","type":"product","link":"https:\/\/uhmwpemanufacture.com\/it\/nylon-plate-sheet-block-cnc-machining-plastic-materials\/","title":{"rendered":"Nylon piastra blocco foglio CNC lavorazione materie plastiche"},"content":{"rendered":"<h2>Nylon Plate Sheet Block CNC Machining Plastic Products<\/h2>\n<p>Le nostre lastre e i nostri blocchi di nylon sono progettati per garantire resistenza, robustezza e adattabilit\u00e0 nelle applicazioni di lavorazione CNC. Noti per l'elevata resistenza all'usura, la robustezza e la riduzione dell'attrito, i materiali in nylon sono ideali per creare elementi di precisione come ingranaggi, boccole, rulli e cuscinetti. Queste lastre di plastica mantengono la stabilit\u00e0 dimensionale e resistono agli effetti, alle sostanze chimiche e all'umidit\u00e0, rendendole ideali per gli ambienti industriali pi\u00f9 esigenti. Facili da tagliare, forare e attrezzare, le ostruzioni in nylon offrono un'eccezionale lavorabilit\u00e0 e garantiscono una lunga durata. Disponibili in diverse dimensioni e tonalit\u00e0, offrono prestazioni affidabili per le esigenze di produzione e progettazione.<\/p>","protected":false},"excerpt":{"rendered":"<p>Le lastre e i blocchi di nylon offrono forza, resistenza all'usura e basso attrito per la lavorazione CNC. Ideali per ingranaggi, boccole e cuscinetti, resistono agli urti, agli agenti chimici e all'umidit\u00e0, garantendo prestazioni affidabili nelle applicazioni industriali pi\u00f9 esigenti.<\/p>","protected":false},"featured_media":1387,"template":"","meta":{"_gspb_post_css":""},"product_brand":[],"product_cat":[23],"product_tag":[224,225,223],"class_list":{"0":"post-1386","1":"product","2":"type-product","3":"status-publish","4":"has-post-thumbnail","6":"product_cat-nylon-sheets","7":"product_tag-cnc-machining-plastics","8":"product_tag-nylon-block-material","9":"product_tag-nylon-plate-sheet","11":"first","12":"instock","13":"shipping-taxable","14":"product-type-simple"},"_links":{"self":[{"href":"https:\/\/uhmwpemanufacture.com\/it\/wp-json\/wp\/v2\/product\/1386","targetHints":{"allow":["GET"]}}],"collection":[{"href":"https:\/\/uhmwpemanufacture.com\/it\/wp-json\/wp\/v2\/product"}],"about":[{"href":"https:\/\/uhmwpemanufacture.com\/it\/wp-json\/wp\/v2\/types\/product"}],"wp:featuredmedia":[{"embeddable":true,"href":"https:\/\/uhmwpemanufacture.com\/it\/wp-json\/wp\/v2\/media\/1387"}],"wp:attachment":[{"href":"https:\/\/uhmwpemanufacture.com\/it\/wp-json\/wp\/v2\/media?parent=1386"}],"wp:term":[{"taxonomy":"product_brand","embeddable":true,"href":"https:\/\/uhmwpemanufacture.com\/it\/wp-json\/wp\/v2\/product_brand?post=1386"},{"taxonomy":"product_cat","embeddable":true,"href":"https:\/\/uhmwpemanufacture.com\/it\/wp-json\/wp\/v2\/product_cat?post=1386"},{"taxonomy":"product_tag","embeddable":true,"href":"https:\/\/uhmwpemanufacture.com\/it\/wp-json\/wp\/v2\/product_tag?post=1386"}],"curies":[{"name":"wp","href":"https:\/\/api.w.org\/{rel}","templated":true}]}}