{"id":1399,"date":"2025-09-28T08:59:06","date_gmt":"2025-09-28T08:59:06","guid":{"rendered":"https:\/\/uhmwpemanufacture.com\/?post_type=product&#038;p=1399"},"modified":"2025-09-28T08:59:06","modified_gmt":"2025-09-28T08:59:06","slug":"polyethylene-engineering-plastic-sheet-board-manufacturer","status":"publish","type":"product","link":"https:\/\/uhmwpemanufacture.com\/it\/polyethylene-engineering-plastic-sheet-board-manufacturer\/","title":{"rendered":"Bordo in fogli di plastica per l'ingegneria del polietilene Produttore"},"content":{"rendered":"<h2>Produttore di lastre di plastica per l'ingegneria del polietilene<\/h2>\n<p>Le nostre lastre di plastica di design in polietilene sono progettate per garantire robustezza, solidit\u00e0 e adattabilit\u00e0 in un'ampia gamma di applicazioni industriali. Prodotte con PE di alta qualit\u00e0, queste lastre offrono un'eccezionale resistenza agli influssi, sicurezza chimica e basso assorbimento di umidit\u00e0. La loro superficie liscia assicura una facile pulizia e una riduzione dell'attrito, rendendoli ottimali per l'utilizzo in componenti di macchinari, pannelli di riduzione, rivestimenti di celle, imballaggi di prodotti e progetti di costruzione. Facili da attrezzare, tagliare e fabbricare, possono essere personalizzati in diverse dimensioni, colori e spessori per soddisfare le esigenze di lavoro. In qualit\u00e0 di produttore affidabile, forniamo soluzioni di lastre di plastica affidabili e durevoli.<\/p>","protected":false},"excerpt":{"rendered":"<p>Le lastre in tecnopolimero di polietilene offrono forza, resistenza agli urti e stabilit\u00e0 chimica. Con superfici lisce e basso attrito, sono ideali per macchinari, rivestimenti, costruzioni e imballaggi. Disponibili in dimensioni e colori personalizzati da un produttore affidabile.<\/p>","protected":false},"featured_media":1400,"template":"","meta":{"_gspb_post_css":""},"product_brand":[],"product_cat":[15,18],"product_tag":[230,231,229],"class_list":{"0":"post-1399","1":"product","2":"type-product","3":"status-publish","4":"has-post-thumbnail","6":"product_cat-uhmwpe-hdpe-sheets-plates","7":"product_cat-hdpe-sheets","8":"product_tag-engineering-pe-board","9":"product_tag-plastic-sheet-manufacturer","10":"product_tag-polyethylene-plastic-sheet","12":"first","13":"instock","14":"shipping-taxable","15":"product-type-simple"},"_links":{"self":[{"href":"https:\/\/uhmwpemanufacture.com\/it\/wp-json\/wp\/v2\/product\/1399","targetHints":{"allow":["GET"]}}],"collection":[{"href":"https:\/\/uhmwpemanufacture.com\/it\/wp-json\/wp\/v2\/product"}],"about":[{"href":"https:\/\/uhmwpemanufacture.com\/it\/wp-json\/wp\/v2\/types\/product"}],"wp:featuredmedia":[{"embeddable":true,"href":"https:\/\/uhmwpemanufacture.com\/it\/wp-json\/wp\/v2\/media\/1400"}],"wp:attachment":[{"href":"https:\/\/uhmwpemanufacture.com\/it\/wp-json\/wp\/v2\/media?parent=1399"}],"wp:term":[{"taxonomy":"product_brand","embeddable":true,"href":"https:\/\/uhmwpemanufacture.com\/it\/wp-json\/wp\/v2\/product_brand?post=1399"},{"taxonomy":"product_cat","embeddable":true,"href":"https:\/\/uhmwpemanufacture.com\/it\/wp-json\/wp\/v2\/product_cat?post=1399"},{"taxonomy":"product_tag","embeddable":true,"href":"https:\/\/uhmwpemanufacture.com\/it\/wp-json\/wp\/v2\/product_tag?post=1399"}],"curies":[{"name":"wp","href":"https:\/\/api.w.org\/{rel}","templated":true}]}}