{"id":1589,"date":"2025-10-09T01:35:52","date_gmt":"2025-10-09T01:35:52","guid":{"rendered":"https:\/\/uhmwpemanufacture.com\/?post_type=product&#038;p=1589"},"modified":"2025-10-09T01:35:53","modified_gmt":"2025-10-09T01:35:53","slug":"high-density-polyethylene-hdpe-pp-ps-abs-plastic-sheets","status":"publish","type":"product","link":"https:\/\/uhmwpemanufacture.com\/it\/high-density-polyethylene-hdpe-pp-ps-abs-plastic-sheets\/","title":{"rendered":"Lastre di plastica ad alta densit\u00e0 in polietilene HDPE PP PS ABS"},"content":{"rendered":"<h2>Strati di plastica ad alto spessore in polietilene HDPE PP PS ABS<\/h2>\n<p>Queste lastre di plastica multiuso in HDPE, PP, PS e ABS sono realizzate per garantire longevit\u00e0, resistenza e adattabilit\u00e0. Grazie all'eccellente resistenza chimica, alla forza d'urto e alla stabilit\u00e0 termica, sono adatti per applicazioni industriali, edilizie e industriali. Disponibili in tonalit\u00e0 vivaci come giallo, rosso, blu, verde e molto altro, queste lastre sono semplici da produrre, tagliare e termoformare. Ideali per la segnaletica, l'imballaggio, i pannelli di sicurezza e i componenti meccanici, integrano alte prestazioni e fascino visivo, offrendo un utilizzo affidabile e duraturo in numerosi problemi ecologici.<\/p>","protected":false},"excerpt":{"rendered":"<p>Le lastre di plastica HDPE, PP, PS e ABS combinano durata, resistenza e flessibilit\u00e0 per applicazioni industriali e commerciali. Disponibili in diversi colori vivaci, resistono agli urti, all'umidit\u00e0 e agli agenti chimici e sono ideali per la segnaletica, l'imballaggio, i pannelli e i progetti di fabbricazione.<\/p>","protected":false},"featured_media":1590,"template":"","meta":{"_gspb_post_css":""},"product_brand":[],"product_cat":[15,18],"product_tag":[265,266,59],"class_list":{"0":"post-1589","1":"product","2":"type-product","3":"status-publish","4":"has-post-thumbnail","6":"product_cat-uhmwpe-hdpe-sheets-plates","7":"product_cat-hdpe-sheets","8":"product_tag-abs-plastic","9":"product_tag-colored-plastic-sheets","10":"product_tag-hdpe-sheet","12":"first","13":"instock","14":"shipping-taxable","15":"product-type-simple"},"_links":{"self":[{"href":"https:\/\/uhmwpemanufacture.com\/it\/wp-json\/wp\/v2\/product\/1589","targetHints":{"allow":["GET"]}}],"collection":[{"href":"https:\/\/uhmwpemanufacture.com\/it\/wp-json\/wp\/v2\/product"}],"about":[{"href":"https:\/\/uhmwpemanufacture.com\/it\/wp-json\/wp\/v2\/types\/product"}],"wp:featuredmedia":[{"embeddable":true,"href":"https:\/\/uhmwpemanufacture.com\/it\/wp-json\/wp\/v2\/media\/1590"}],"wp:attachment":[{"href":"https:\/\/uhmwpemanufacture.com\/it\/wp-json\/wp\/v2\/media?parent=1589"}],"wp:term":[{"taxonomy":"product_brand","embeddable":true,"href":"https:\/\/uhmwpemanufacture.com\/it\/wp-json\/wp\/v2\/product_brand?post=1589"},{"taxonomy":"product_cat","embeddable":true,"href":"https:\/\/uhmwpemanufacture.com\/it\/wp-json\/wp\/v2\/product_cat?post=1589"},{"taxonomy":"product_tag","embeddable":true,"href":"https:\/\/uhmwpemanufacture.com\/it\/wp-json\/wp\/v2\/product_tag?post=1589"}],"curies":[{"name":"wp","href":"https:\/\/api.w.org\/{rel}","templated":true}]}}