{"id":1650,"date":"2025-10-09T03:03:20","date_gmt":"2025-10-09T03:03:20","guid":{"rendered":"https:\/\/uhmwpemanufacture.com\/?post_type=product&#038;p=1650"},"modified":"2025-10-09T03:03:20","modified_gmt":"2025-10-09T03:03:20","slug":"polypropylene-professional-printed-plastic-manufacturer","status":"publish","type":"product","link":"https:\/\/uhmwpemanufacture.com\/it\/polypropylene-professional-printed-plastic-manufacturer\/","title":{"rendered":"Produttore di plastica stampata professionale in polipropilene"},"content":{"rendered":"<h2>Fornitore specializzato in plastica stampata in polipropilene<\/h2>\n<p>I fogli di plastica stampati in polipropilene sono materiali resilienti, leggeri e funzionali sviluppati per applicazioni estetiche di alta qualit\u00e0. Realizzati con una tecnologia di stampa accurata, questi fogli utilizzano colori vivaci, una nitidezza eccezionale e una forte adesione per layout di lunga durata. Immuni all'umidit\u00e0, alle sostanze chimiche e agli effetti, i fogli di polipropilene sono ideali per insegne, imballaggi di prodotti, schermi e materiali di marketing. La loro superficie liscia garantisce una grande facilit\u00e0 di stampa, riduzione e produzione. Eco-compatibili e riciclabili, queste plastiche integrano funzionalit\u00e0 e fascino estetico, rendendole una scelta affidabile per applicazioni industriali, commerciali e pubblicitarie.<\/p>","protected":false},"excerpt":{"rendered":"<p>I fogli di plastica stampati in polipropilene offrono durata, flessibilit\u00e0 e una qualit\u00e0 di stampa vivace. Ideali per la segnaletica, l'imballaggio e gli espositori, resistono all'umidit\u00e0 e agli agenti chimici e offrono una superficie liscia e facile da stampare per applicazioni professionali di lunga durata.<\/p>","protected":false},"featured_media":1653,"template":"","meta":{"_gspb_post_css":""},"product_brand":[],"product_cat":[35],"product_tag":[285,286,287],"class_list":{"0":"post-1650","1":"product","2":"type-product","3":"status-publish","4":"has-post-thumbnail","6":"product_cat-pp-pe-products","7":"product_tag-polypropylene-sheet","8":"product_tag-printed-plastic","9":"product_tag-signage-material","11":"first","12":"instock","13":"shipping-taxable","14":"product-type-simple"},"_links":{"self":[{"href":"https:\/\/uhmwpemanufacture.com\/it\/wp-json\/wp\/v2\/product\/1650","targetHints":{"allow":["GET"]}}],"collection":[{"href":"https:\/\/uhmwpemanufacture.com\/it\/wp-json\/wp\/v2\/product"}],"about":[{"href":"https:\/\/uhmwpemanufacture.com\/it\/wp-json\/wp\/v2\/types\/product"}],"wp:featuredmedia":[{"embeddable":true,"href":"https:\/\/uhmwpemanufacture.com\/it\/wp-json\/wp\/v2\/media\/1653"}],"wp:attachment":[{"href":"https:\/\/uhmwpemanufacture.com\/it\/wp-json\/wp\/v2\/media?parent=1650"}],"wp:term":[{"taxonomy":"product_brand","embeddable":true,"href":"https:\/\/uhmwpemanufacture.com\/it\/wp-json\/wp\/v2\/product_brand?post=1650"},{"taxonomy":"product_cat","embeddable":true,"href":"https:\/\/uhmwpemanufacture.com\/it\/wp-json\/wp\/v2\/product_cat?post=1650"},{"taxonomy":"product_tag","embeddable":true,"href":"https:\/\/uhmwpemanufacture.com\/it\/wp-json\/wp\/v2\/product_tag?post=1650"}],"curies":[{"name":"wp","href":"https:\/\/api.w.org\/{rel}","templated":true}]}}