{"id":1689,"date":"2025-10-09T06:24:02","date_gmt":"2025-10-09T06:24:02","guid":{"rendered":"https:\/\/uhmwpemanufacture.com\/?post_type=product&#038;p=1689"},"modified":"2025-10-09T06:24:02","modified_gmt":"2025-10-09T06:24:02","slug":"ultra-high-molecular-weight-polyethylene-hdpe-sheet-board","status":"publish","type":"product","link":"https:\/\/uhmwpemanufacture.com\/it\/ultra-high-molecular-weight-polyethylene-hdpe-sheet-board\/","title":{"rendered":"Bordo dello strato di polietilene HDPE ad altissimo peso molecolare"},"content":{"rendered":"<h2>Polietilene ad altissimo peso molecolare HDPE Pannello UHMWPE<\/h2>\n<p>Le lastre in polietilene ad altissimo peso molecolare (UHMWPE) sono realizzate per garantire una robustezza superiore, un attrito ridotto e una resistenza all'usura duratura. Queste lastre bianche in HDPE offrono un'eccellente resistenza chimica, agli urti e all'abrasione, rendendole adatte ad applicazioni commerciali, acquatiche e alimentari. Leggere ma di lunga durata, le lastre UHMWPE garantiscono prestazioni uniformi nei sistemi di trasporto, nei rivestimenti e nelle superfici di sicurezza. Le loro propriet\u00e0 antiaderenti e resistenti all'umidit\u00e0 li rendono molto facili da pulire e conservare, anche in ambienti difficili. Sono disponibili dimensioni e densit\u00e0 personalizzate per soddisfare le diverse esigenze di progettazione e produzione.<\/p>","protected":false},"excerpt":{"rendered":"<p>Le lastre in UHMWPE offrono eccezionale forza, resistenza all'usura e basso attrito. Ideali per applicazioni industriali, marine e alimentari, queste lastre in HDPE offrono un'eccellente resistenza agli urti e agli agenti chimici, con prestazioni uniformi e durature per un utilizzo a lungo termine.<\/p>","protected":false},"featured_media":1695,"template":"","meta":{"_gspb_post_css":""},"product_brand":[],"product_cat":[15,18],"product_tag":[59,304,303],"class_list":{"0":"post-1689","1":"product","2":"type-product","3":"status-publish","4":"has-post-thumbnail","6":"product_cat-uhmwpe-hdpe-sheets-plates","7":"product_cat-hdpe-sheets","8":"product_tag-hdpe-sheet","9":"product_tag-polyethylene-panel","10":"product_tag-uhmwpe-board","12":"first","13":"instock","14":"shipping-taxable","15":"product-type-simple"},"_links":{"self":[{"href":"https:\/\/uhmwpemanufacture.com\/it\/wp-json\/wp\/v2\/product\/1689","targetHints":{"allow":["GET"]}}],"collection":[{"href":"https:\/\/uhmwpemanufacture.com\/it\/wp-json\/wp\/v2\/product"}],"about":[{"href":"https:\/\/uhmwpemanufacture.com\/it\/wp-json\/wp\/v2\/types\/product"}],"wp:featuredmedia":[{"embeddable":true,"href":"https:\/\/uhmwpemanufacture.com\/it\/wp-json\/wp\/v2\/media\/1695"}],"wp:attachment":[{"href":"https:\/\/uhmwpemanufacture.com\/it\/wp-json\/wp\/v2\/media?parent=1689"}],"wp:term":[{"taxonomy":"product_brand","embeddable":true,"href":"https:\/\/uhmwpemanufacture.com\/it\/wp-json\/wp\/v2\/product_brand?post=1689"},{"taxonomy":"product_cat","embeddable":true,"href":"https:\/\/uhmwpemanufacture.com\/it\/wp-json\/wp\/v2\/product_cat?post=1689"},{"taxonomy":"product_tag","embeddable":true,"href":"https:\/\/uhmwpemanufacture.com\/it\/wp-json\/wp\/v2\/product_tag?post=1689"}],"curies":[{"name":"wp","href":"https:\/\/api.w.org\/{rel}","templated":true}]}}