{"id":1797,"date":"2025-10-09T09:42:33","date_gmt":"2025-10-09T09:42:33","guid":{"rendered":"https:\/\/uhmwpemanufacture.com\/?post_type=product&#038;p=1797"},"modified":"2025-10-09T09:43:25","modified_gmt":"2025-10-09T09:43:25","slug":"pp-polypropylene-plastic-sheets-suppliers-pp-building-sheet","status":"publish","type":"product","link":"https:\/\/uhmwpemanufacture.com\/it\/pp-polypropylene-plastic-sheets-suppliers-pp-building-sheet\/","title":{"rendered":"PP Lastre di plastica in polipropilene Fornitori PP Foglio di costruzione"},"content":{"rendered":"<h2>PP Lastre di plastica in polipropilene Fornitori PP Foglio di struttura<\/h2>\n<p>Le lastre di plastica in polipropilene PP sono materiali robusti, leggeri e resistenti alla corrosione, ideali per applicazioni edilizie, industriali e chimiche. Grazie all'eccezionale stabilit\u00e0 chimica, alla resistenza agli influssi e alla facilit\u00e0 di manipolazione, queste lastre sono ampiamente utilizzate per serbatoi, rivestimenti, sistemi di flusso d'aria e pannelli edilizi. La loro superficie liscia, sicura e resistente all'umidit\u00e0 garantisce prestazioni sicure e durature anche in ambienti difficili. Disponibili in numerose tonalit\u00e0 e densit\u00e0, possono essere comodamente tagliate, incollate o sviluppate per un uso personalizzato. Sono perfetti per progetti interni ed esterni che richiedono robustezza e integrit\u00e0.<\/p>","protected":false},"excerpt":{"rendered":"<p>Le lastre di plastica in polipropilene PP offrono durata, resistenza chimica e leggerezza. Ideali per l'edilizia, i serbatoi e i sistemi di ventilazione, sono facili da tagliare, saldare e modellare per applicazioni industriali ed edilizie versatili.<\/p>","protected":false},"featured_media":1802,"template":"","meta":{"_gspb_post_css":""},"product_brand":[],"product_cat":[29,33],"product_tag":[330,285,329],"class_list":{"0":"post-1797","1":"product","2":"type-product","3":"status-publish","4":"has-post-thumbnail","6":"product_cat-ice-rink-products","7":"product_cat-floor-ball-dasher-boards","8":"product_tag-plastic-construction-material","9":"product_tag-polypropylene-sheet","10":"product_tag-pp-building-panel","12":"first","13":"instock","14":"shipping-taxable","15":"product-type-simple"},"_links":{"self":[{"href":"https:\/\/uhmwpemanufacture.com\/it\/wp-json\/wp\/v2\/product\/1797","targetHints":{"allow":["GET"]}}],"collection":[{"href":"https:\/\/uhmwpemanufacture.com\/it\/wp-json\/wp\/v2\/product"}],"about":[{"href":"https:\/\/uhmwpemanufacture.com\/it\/wp-json\/wp\/v2\/types\/product"}],"wp:featuredmedia":[{"embeddable":true,"href":"https:\/\/uhmwpemanufacture.com\/it\/wp-json\/wp\/v2\/media\/1802"}],"wp:attachment":[{"href":"https:\/\/uhmwpemanufacture.com\/it\/wp-json\/wp\/v2\/media?parent=1797"}],"wp:term":[{"taxonomy":"product_brand","embeddable":true,"href":"https:\/\/uhmwpemanufacture.com\/it\/wp-json\/wp\/v2\/product_brand?post=1797"},{"taxonomy":"product_cat","embeddable":true,"href":"https:\/\/uhmwpemanufacture.com\/it\/wp-json\/wp\/v2\/product_cat?post=1797"},{"taxonomy":"product_tag","embeddable":true,"href":"https:\/\/uhmwpemanufacture.com\/it\/wp-json\/wp\/v2\/product_tag?post=1797"}],"curies":[{"name":"wp","href":"https:\/\/api.w.org\/{rel}","templated":true}]}}