{"id":1865,"date":"2025-10-10T01:36:52","date_gmt":"2025-10-10T01:36:52","guid":{"rendered":"https:\/\/uhmwpemanufacture.com\/?post_type=product&#038;p=1865"},"modified":"2025-10-10T01:36:52","modified_gmt":"2025-10-10T01:36:52","slug":"polyethylene-board-hdpe-nylon-sheet-plastic-sheets-vendor","status":"publish","type":"product","link":"https:\/\/uhmwpemanufacture.com\/it\/polyethylene-board-hdpe-nylon-sheet-plastic-sheets-vendor\/","title":{"rendered":"Bordo di polietilene Foglio di nylon HDPE Fogli di plastica Fornitore di fogli di plastica"},"content":{"rendered":"<h2>Bordo di polietilene Foglio HDPE Fogli di plastica Grossista<\/h2>\n<p>Questi pannelli in polietilene HDPE di altissimo livello offrono un'eccezionale resistenza, robustezza e resistenza chimica, rendendoli eccellenti per una vasta gamma di applicazioni commerciali e industriali. Leggeri ma resistenti, presentano un'eccezionale resistenza agli urti, un basso assorbimento di umidit\u00e0 e una superficie liscia e facile da pulire. Perfetti per taglieri, rivestimenti di serbatoi di stoccaggio, componenti di attrezzature e ostacoli di sicurezza, questi fogli HDPE sono disponibili in vari colori e densit\u00e0 per soddisfare le diverse esigenze. In qualit\u00e0 di grossista affidabile, forniamo forniture di massa convenienti con qualit\u00e0 regolare per un'efficienza duratura in ambienti difficili.<\/p>","protected":false},"excerpt":{"rendered":"<p>Le durevoli lastre di polietilene HDPE offrono eccellente forza, resistenza agli urti e stabilit\u00e0 chimica. Ideali per taglieri, parti di macchinari e applicazioni industriali. Leggere, atossiche e facili da produrre in vari colori e spessori.<\/p>","protected":false},"featured_media":1867,"template":"","meta":{"_gspb_post_css":""},"product_brand":[],"product_cat":[23],"product_tag":[59,352,199],"class_list":{"0":"post-1865","1":"product","2":"type-product","3":"status-publish","4":"has-post-thumbnail","6":"product_cat-nylon-sheets","7":"product_tag-hdpe-sheet","8":"product_tag-plastic-sheet-wholesaler","9":"product_tag-polyethylene-board","11":"first","12":"instock","13":"shipping-taxable","14":"product-type-simple"},"_links":{"self":[{"href":"https:\/\/uhmwpemanufacture.com\/it\/wp-json\/wp\/v2\/product\/1865","targetHints":{"allow":["GET"]}}],"collection":[{"href":"https:\/\/uhmwpemanufacture.com\/it\/wp-json\/wp\/v2\/product"}],"about":[{"href":"https:\/\/uhmwpemanufacture.com\/it\/wp-json\/wp\/v2\/types\/product"}],"wp:featuredmedia":[{"embeddable":true,"href":"https:\/\/uhmwpemanufacture.com\/it\/wp-json\/wp\/v2\/media\/1867"}],"wp:attachment":[{"href":"https:\/\/uhmwpemanufacture.com\/it\/wp-json\/wp\/v2\/media?parent=1865"}],"wp:term":[{"taxonomy":"product_brand","embeddable":true,"href":"https:\/\/uhmwpemanufacture.com\/it\/wp-json\/wp\/v2\/product_brand?post=1865"},{"taxonomy":"product_cat","embeddable":true,"href":"https:\/\/uhmwpemanufacture.com\/it\/wp-json\/wp\/v2\/product_cat?post=1865"},{"taxonomy":"product_tag","embeddable":true,"href":"https:\/\/uhmwpemanufacture.com\/it\/wp-json\/wp\/v2\/product_tag?post=1865"}],"curies":[{"name":"wp","href":"https:\/\/api.w.org\/{rel}","templated":true}]}}