{"id":1902,"date":"2025-10-10T02:00:53","date_gmt":"2025-10-10T02:00:53","guid":{"rendered":"https:\/\/uhmwpemanufacture.com\/?post_type=product&#038;p=1902"},"modified":"2025-10-10T02:00:53","modified_gmt":"2025-10-10T02:00:53","slug":"custom-raw-material-floor-ball-dasher-boards-wholesaler","status":"publish","type":"product","link":"https:\/\/uhmwpemanufacture.com\/it\/custom-raw-material-floor-ball-dasher-boards-wholesaler\/","title":{"rendered":"Custom Raw Material pavimento palla Dasher tavole grossista"},"content":{"rendered":"<h2>Personalizzato materiale di base pavimento Palla Dasher Boards grossista<\/h2>\n<p>Queste pedane personalizzate per il gioco della palla a terra sono prodotte con materie prime HDPE di qualit\u00e0 superiore, che offrono una notevole robustezza, resistenza agli influssi e una superficie liscia adatta al gioco ad alte prestazioni. Creati per le arene di pavimentazione per esperti e per l'intrattenimento, garantiscono un rimbalzo rotondo e costante e la sicurezza dei giocatori. I pannelli sono leggeri, facili da montare e resistenti all'umidit\u00e0, ai raggi UV e alle variazioni di temperatura, il che li rende adatti sia agli ambienti interni che esterni. In qualit\u00e0 di rivenditore affidabile, forniamo dimensioni, tonalit\u00e0 e densit\u00e0 personalizzabili per soddisfare le diverse esigenze di layout della pista di pattinaggio e l'uso resistente.<\/p>","protected":false},"excerpt":{"rendered":"<p>Durevoli pedane da pavimento in HDPE realizzate con materie prime di qualit\u00e0 superiore per una resistenza superiore e un gioco fluido. Ideale per le arene professionali e ricreative. Resistenti alle intemperie, facili da installare e personalizzabili per dimensioni, colore e spessore, per prestazioni di lunga durata.<\/p>","protected":false},"featured_media":1908,"template":"","meta":{"_gspb_post_css":""},"product_brand":[],"product_cat":[29,33],"product_tag":[210,306,359],"class_list":{"0":"post-1902","1":"product","2":"type-product","3":"status-publish","4":"has-post-thumbnail","6":"product_cat-ice-rink-products","7":"product_cat-floor-ball-dasher-boards","8":"product_tag-floor-ball-dasher-boards","9":"product_tag-hdpe-rink-panels","10":"product_tag-sports-arena-boards","12":"first","13":"instock","14":"shipping-taxable","15":"product-type-simple"},"_links":{"self":[{"href":"https:\/\/uhmwpemanufacture.com\/it\/wp-json\/wp\/v2\/product\/1902","targetHints":{"allow":["GET"]}}],"collection":[{"href":"https:\/\/uhmwpemanufacture.com\/it\/wp-json\/wp\/v2\/product"}],"about":[{"href":"https:\/\/uhmwpemanufacture.com\/it\/wp-json\/wp\/v2\/types\/product"}],"wp:featuredmedia":[{"embeddable":true,"href":"https:\/\/uhmwpemanufacture.com\/it\/wp-json\/wp\/v2\/media\/1908"}],"wp:attachment":[{"href":"https:\/\/uhmwpemanufacture.com\/it\/wp-json\/wp\/v2\/media?parent=1902"}],"wp:term":[{"taxonomy":"product_brand","embeddable":true,"href":"https:\/\/uhmwpemanufacture.com\/it\/wp-json\/wp\/v2\/product_brand?post=1902"},{"taxonomy":"product_cat","embeddable":true,"href":"https:\/\/uhmwpemanufacture.com\/it\/wp-json\/wp\/v2\/product_cat?post=1902"},{"taxonomy":"product_tag","embeddable":true,"href":"https:\/\/uhmwpemanufacture.com\/it\/wp-json\/wp\/v2\/product_tag?post=1902"}],"curies":[{"name":"wp","href":"https:\/\/api.w.org\/{rel}","templated":true}]}}