{"id":1962,"date":"2025-10-10T07:48:32","date_gmt":"2025-10-10T07:48:32","guid":{"rendered":"https:\/\/uhmwpemanufacture.com\/?post_type=product&#038;p=1962"},"modified":"2025-10-10T07:48:32","modified_gmt":"2025-10-10T07:48:32","slug":"heavy-duty-umwpe-crane-outrigger-pad-crane-stability-mats","status":"publish","type":"product","link":"https:\/\/uhmwpemanufacture.com\/it\/heavy-duty-umwpe-crane-outrigger-pad-crane-stability-mats\/","title":{"rendered":"Tappetini di stabilit\u00e0 per gru UMWPE per carichi pesanti"},"content":{"rendered":"<h2>Forte HMWPE Crane Outrigger Pad Stabilit\u00e0 della gru Rivestimenti per pavimenti<\/h2>\n<p>Tamponi per gru ad alte prestazioni e robustezza HMWPE sviluppati per offrire un'eccezionale stabilit\u00e0 al suolo e distribuzione dei lotti per gru e macchinari pesanti. Realizzati in polietilene ad alto peso molecolare (HMWPE), questi pattini garantiscono un'eccellente robustezza, resistenza all'usura e assorbimento degli effetti. Prevengono i danni al terreno e garantiscono un funzionamento sicuro su numerosi terreni. Leggeri ma solidi, hanno una lunga durata per essere trasportati e posizionati con facilit\u00e0. Adatti per cantieri edili, dispositivi di sollevamento e gru mobili, garantiscono sicurezza, longevit\u00e0 e prestazioni a lungo termine negli ambienti di lavoro pi\u00f9 disparati.<\/p>","protected":false},"excerpt":{"rendered":"<p>Le resistenti piastre stabilizzatrici per gru in HMWPE offrono una distribuzione del carico e una stabilit\u00e0 superiori per i macchinari pesanti. Leggeri, non corrosivi e facili da maneggiare, sono ideali per le operazioni di costruzione e sollevamento.<\/p>","protected":false},"featured_media":1972,"template":"","meta":{"_gspb_post_css":""},"product_brand":[],"product_cat":[15,21],"product_tag":[333,365,364],"class_list":{"0":"post-1962","1":"product","2":"type-product","3":"status-publish","4":"has-post-thumbnail","6":"product_cat-uhmwpe-hdpe-sheets-plates","7":"product_cat-uhmwpe-fender-pads","8":"product_tag-crane-outrigger-pad","9":"product_tag-heavy-duty-lifting-pad","10":"product_tag-hmwpe-stability-mat","12":"first","13":"instock","14":"shipping-taxable","15":"product-type-simple"},"_links":{"self":[{"href":"https:\/\/uhmwpemanufacture.com\/it\/wp-json\/wp\/v2\/product\/1962","targetHints":{"allow":["GET"]}}],"collection":[{"href":"https:\/\/uhmwpemanufacture.com\/it\/wp-json\/wp\/v2\/product"}],"about":[{"href":"https:\/\/uhmwpemanufacture.com\/it\/wp-json\/wp\/v2\/types\/product"}],"wp:featuredmedia":[{"embeddable":true,"href":"https:\/\/uhmwpemanufacture.com\/it\/wp-json\/wp\/v2\/media\/1972"}],"wp:attachment":[{"href":"https:\/\/uhmwpemanufacture.com\/it\/wp-json\/wp\/v2\/media?parent=1962"}],"wp:term":[{"taxonomy":"product_brand","embeddable":true,"href":"https:\/\/uhmwpemanufacture.com\/it\/wp-json\/wp\/v2\/product_brand?post=1962"},{"taxonomy":"product_cat","embeddable":true,"href":"https:\/\/uhmwpemanufacture.com\/it\/wp-json\/wp\/v2\/product_cat?post=1962"},{"taxonomy":"product_tag","embeddable":true,"href":"https:\/\/uhmwpemanufacture.com\/it\/wp-json\/wp\/v2\/product_tag?post=1962"}],"curies":[{"name":"wp","href":"https:\/\/api.w.org\/{rel}","templated":true}]}}