{"id":2017,"date":"2025-10-10T10:58:30","date_gmt":"2025-10-10T10:58:30","guid":{"rendered":"https:\/\/uhmwpemanufacture.com\/?post_type=product&#038;p=2017"},"modified":"2025-10-10T10:58:30","modified_gmt":"2025-10-10T10:58:30","slug":"custom-nylon-sheet-hard-plastic-sheet-manufacturers","status":"publish","type":"product","link":"https:\/\/uhmwpemanufacture.com\/it\/custom-nylon-sheet-hard-plastic-sheet-manufacturers\/","title":{"rendered":"Foglio di nylon personalizzato Produttori di fogli di plastica dura"},"content":{"rendered":"<h2>Foglio di nylon su misura Foglio di plastica dura Produttori<\/h2>\n<p>Lastre di nylon personalizzate di alta qualit\u00e0, create per garantire resistenza, resistenza all'usura e versatilit\u00e0 nelle applicazioni industriali. Queste lastre di plastica dura offrono eccellenti propriet\u00e0 meccaniche residenziali, quali elevata resistenza agli effetti, basso attrito e resistenza all'abrasione e agli agenti chimici. Prontamente disponibili in numerosi colori e densit\u00e0, sono eccellenti per l'uso in servizio, su cuscinetti, boccole ed elementi architettonici. Realizzati con precisione e uniformit\u00e0, i nostri fogli di nylon garantiscono una lunga durata e possono essere lavorati o realizzati per soddisfare determinate esigenze ingegneristiche. Adatte per i mercati automobilistico, marino e meccanico.<\/p>","protected":false},"excerpt":{"rendered":"<p class=\"sr-only\"><span style=\"font-size: 16px;\">Lastre di plastica dura di nylon personalizzate con elevata forza, resistenza all'usura e lavorabilit\u00e0. Ideali per usi industriali come ingranaggi, cuscinetti e parti strutturali in applicazioni automobilistiche e macchinari. Disponibili in vari colori e dimensioni per esigenze di ingegneria di precisione.<\/span><\/p>","protected":false},"featured_media":2019,"template":"","meta":{"_gspb_post_css":""},"product_brand":[],"product_cat":[23],"product_tag":[380,381,379],"class_list":{"0":"post-2017","1":"product","2":"type-product","3":"status-publish","4":"has-post-thumbnail","6":"product_cat-nylon-sheets","7":"product_tag-hard-plastic","8":"product_tag-industrial-materials","9":"product_tag-nylon-sheets","11":"first","12":"instock","13":"shipping-taxable","14":"product-type-simple"},"_links":{"self":[{"href":"https:\/\/uhmwpemanufacture.com\/it\/wp-json\/wp\/v2\/product\/2017","targetHints":{"allow":["GET"]}}],"collection":[{"href":"https:\/\/uhmwpemanufacture.com\/it\/wp-json\/wp\/v2\/product"}],"about":[{"href":"https:\/\/uhmwpemanufacture.com\/it\/wp-json\/wp\/v2\/types\/product"}],"wp:featuredmedia":[{"embeddable":true,"href":"https:\/\/uhmwpemanufacture.com\/it\/wp-json\/wp\/v2\/media\/2019"}],"wp:attachment":[{"href":"https:\/\/uhmwpemanufacture.com\/it\/wp-json\/wp\/v2\/media?parent=2017"}],"wp:term":[{"taxonomy":"product_brand","embeddable":true,"href":"https:\/\/uhmwpemanufacture.com\/it\/wp-json\/wp\/v2\/product_brand?post=2017"},{"taxonomy":"product_cat","embeddable":true,"href":"https:\/\/uhmwpemanufacture.com\/it\/wp-json\/wp\/v2\/product_cat?post=2017"},{"taxonomy":"product_tag","embeddable":true,"href":"https:\/\/uhmwpemanufacture.com\/it\/wp-json\/wp\/v2\/product_tag?post=2017"}],"curies":[{"name":"wp","href":"https:\/\/api.w.org\/{rel}","templated":true}]}}