{"id":2095,"date":"2025-10-11T02:02:59","date_gmt":"2025-10-11T02:02:59","guid":{"rendered":"https:\/\/uhmwpemanufacture.com\/?post_type=product&#038;p=2095"},"modified":"2025-10-11T02:02:59","modified_gmt":"2025-10-11T02:02:59","slug":"pure-virgin-plastic-uhmwpe-hdpe-pp-plastic-sheet-supplier","status":"publish","type":"product","link":"https:\/\/uhmwpemanufacture.com\/it\/pure-virgin-plastic-uhmwpe-hdpe-pp-plastic-sheet-supplier\/","title":{"rendered":"Pura plastica vergine UHMWPE HDPE PP Fornitore di lastre di plastica"},"content":{"rendered":"<h2 id=\"pure-virgin-plastic-uhmwpe-hdpe-pp-plastic-sheet-supplier\">Pura plastica vergine UHMWPE HDPE PP Fornitore di lastre di plastica<\/h2>\n<p>Le immagini presentano una vivace variet\u00e0 di lastre e pali di plastica realizzati in UHMWPE, HDPE e PP vergini puri. Questi articoli in plastica di altissimo livello sono disponibili in una variet\u00e0 di colori, come il blu, l'ecologico, il rosso, il nero e il bianco, che ne evidenziano l'adattabilit\u00e0 e l'idoneit\u00e0 a diverse applicazioni. Le lastre sono sempre tagliate in forme rettangolari, impilate in modo ordinato per evidenziarne lo spessore regolare e la superficie liscia. Oltre alle lastre, vengono offerte anche barre cilindriche in tonalit\u00e0 simili, a dimostrazione della gamma di forme offerte. Queste materie plastiche sono riconosciute per la loro notevole durata, la resistenza chimica e le propriet\u00e0 residenziali di ridotto sfregamento, che le rendono eccellenti per una vasta gamma di usi industriali e commerciali.<\/p>","protected":false},"excerpt":{"rendered":"<p>Scoprite le nostre lastre e barre di plastica vergine pura UHMWPE, HDPE e PP. Disponibili in colori vivaci, queste plastiche di alta qualit\u00e0 offrono durata eccezionale, resistenza chimica e basso attrito. Ideali per diverse applicazioni industriali e commerciali che richiedono soluzioni affidabili e versatili.<\/p>","protected":false},"featured_media":2096,"template":"","meta":{"_gspb_post_css":""},"product_brand":[],"product_cat":[15,17],"product_tag":[397,395,396],"class_list":{"0":"post-2095","1":"product","2":"type-product","3":"status-publish","4":"has-post-thumbnail","6":"product_cat-uhmwpe-hdpe-sheets-plates","7":"product_cat-uhmwpe-sheets","8":"product_tag-hdpe","9":"product_tag-plastic-sheets","10":"product_tag-uhmwpe","12":"first","13":"instock","14":"shipping-taxable","15":"product-type-simple"},"_links":{"self":[{"href":"https:\/\/uhmwpemanufacture.com\/it\/wp-json\/wp\/v2\/product\/2095","targetHints":{"allow":["GET"]}}],"collection":[{"href":"https:\/\/uhmwpemanufacture.com\/it\/wp-json\/wp\/v2\/product"}],"about":[{"href":"https:\/\/uhmwpemanufacture.com\/it\/wp-json\/wp\/v2\/types\/product"}],"wp:featuredmedia":[{"embeddable":true,"href":"https:\/\/uhmwpemanufacture.com\/it\/wp-json\/wp\/v2\/media\/2096"}],"wp:attachment":[{"href":"https:\/\/uhmwpemanufacture.com\/it\/wp-json\/wp\/v2\/media?parent=2095"}],"wp:term":[{"taxonomy":"product_brand","embeddable":true,"href":"https:\/\/uhmwpemanufacture.com\/it\/wp-json\/wp\/v2\/product_brand?post=2095"},{"taxonomy":"product_cat","embeddable":true,"href":"https:\/\/uhmwpemanufacture.com\/it\/wp-json\/wp\/v2\/product_cat?post=2095"},{"taxonomy":"product_tag","embeddable":true,"href":"https:\/\/uhmwpemanufacture.com\/it\/wp-json\/wp\/v2\/product_tag?post=2095"}],"curies":[{"name":"wp","href":"https:\/\/api.w.org\/{rel}","templated":true}]}}