{"id":2115,"date":"2025-10-11T02:14:11","date_gmt":"2025-10-11T02:14:11","guid":{"rendered":"https:\/\/uhmwpemanufacture.com\/?post_type=product&#038;p=2115"},"modified":"2025-10-11T02:14:11","modified_gmt":"2025-10-11T02:14:11","slug":"nylon-sheet-plastic-polyethylene-hdpe-sheet-wholesaler","status":"publish","type":"product","link":"https:\/\/uhmwpemanufacture.com\/it\/nylon-sheet-plastic-polyethylene-hdpe-sheet-wholesaler\/","title":{"rendered":"Foglio di nylon Foglio di plastica di polietilene HDPE Grossista"},"content":{"rendered":"<h2 id=\"nylon-sheet-plastic-polyethylene-hdpe-sheet-wholesaler\">Foglio di nylon Foglio di plastica di polietilene HDPE Grossista<\/h2>\n<p>Le foto mostrano una vasta gamma di lastre e barre di plastica di alta qualit\u00e0, evidenziandone la flessibilit\u00e0 e le possibili applicazioni. Una foto presenta una vivace pila di lastre quadrate nei colori rosso, ecologico, nero e bianco, mostrando l'accessibilit\u00e0 di pi\u00f9 colori e una superficie uniforme e liscia. La seconda immagine si amplia, mostrando una gamma pi\u00f9 ampia di fogli bianchi e neri, insieme a numerose aste rotonde e personalizzate, composte da una pila arancione e rossa. Questa collezione \u00e8 ottimale per un rivenditore specializzato in lastre di nylon, polietilene e HDPE. Questi materiali sono rinomati per la loro robustezza, resistenza agli effetti e flessibilit\u00e0, che li rendono adatti a innumerevoli lavori commerciali, aziendali e innovativi.<\/p>","protected":false},"excerpt":{"rendered":"<p>Il nostro grossista offre una vasta gamma di fogli e barre di plastica in nylon, polietilene e HDPE. Disponibili in vari colori e forme, questi materiali durevoli e resistenti agli urti sono perfetti per innumerevoli progetti industriali, commerciali e creativi, fornendo soluzioni versatili per tutte le vostre esigenze di plastica.<\/p>","protected":false},"featured_media":2120,"template":"","meta":{"_gspb_post_css":""},"product_brand":[],"product_cat":[23],"product_tag":[397,401,395],"class_list":{"0":"post-2115","1":"product","2":"type-product","3":"status-publish","4":"has-post-thumbnail","6":"product_cat-nylon-sheets","7":"product_tag-hdpe","8":"product_tag-nylon","9":"product_tag-plastic-sheets","11":"first","12":"instock","13":"shipping-taxable","14":"product-type-simple"},"_links":{"self":[{"href":"https:\/\/uhmwpemanufacture.com\/it\/wp-json\/wp\/v2\/product\/2115","targetHints":{"allow":["GET"]}}],"collection":[{"href":"https:\/\/uhmwpemanufacture.com\/it\/wp-json\/wp\/v2\/product"}],"about":[{"href":"https:\/\/uhmwpemanufacture.com\/it\/wp-json\/wp\/v2\/types\/product"}],"wp:featuredmedia":[{"embeddable":true,"href":"https:\/\/uhmwpemanufacture.com\/it\/wp-json\/wp\/v2\/media\/2120"}],"wp:attachment":[{"href":"https:\/\/uhmwpemanufacture.com\/it\/wp-json\/wp\/v2\/media?parent=2115"}],"wp:term":[{"taxonomy":"product_brand","embeddable":true,"href":"https:\/\/uhmwpemanufacture.com\/it\/wp-json\/wp\/v2\/product_brand?post=2115"},{"taxonomy":"product_cat","embeddable":true,"href":"https:\/\/uhmwpemanufacture.com\/it\/wp-json\/wp\/v2\/product_cat?post=2115"},{"taxonomy":"product_tag","embeddable":true,"href":"https:\/\/uhmwpemanufacture.com\/it\/wp-json\/wp\/v2\/product_tag?post=2115"}],"curies":[{"name":"wp","href":"https:\/\/api.w.org\/{rel}","templated":true}]}}