{"id":2126,"date":"2025-10-11T02:29:11","date_gmt":"2025-10-11T02:29:11","guid":{"rendered":"https:\/\/uhmwpemanufacture.com\/?post_type=product&#038;p=2126"},"modified":"2025-10-11T02:29:11","modified_gmt":"2025-10-11T02:29:11","slug":"custom-high-density-polyethylene-hdpe-board-wholesaler","status":"publish","type":"product","link":"https:\/\/uhmwpemanufacture.com\/it\/custom-high-density-polyethylene-hdpe-board-wholesaler\/","title":{"rendered":"Grossista di bordo HDPE in polietilene ad alta densit\u00e0 personalizzato"},"content":{"rendered":"<h2 id=\"personalized-high-density-polyethylene-hdpe-board-dealer\">Rivenditore di pannelli personalizzati in polietilene ad alta densit\u00e0 (HDPE)<\/h2>\n<p>Siamo un grossista leader di pannelli personalizzati in polietilene ad alta densit\u00e0 (HDPE), che offre una variet\u00e0 di colori e densit\u00e0 per soddisfare le vostre esigenze specifiche. Le nostre lastre e i nostri pali in HDPE sono riconosciuti per la loro eccezionale resilienza, resistenza chimica e adattabilit\u00e0, che li rende perfetti per varie applicazioni industriali e industriali. Dai grandi blocchi bianchi impilati pronti per la raffinazione a una variet\u00e0 di lastre colorate e pali cilindrici, i nostri articoli sono realizzati per garantire la massima qualit\u00e0 ed efficienza. Che si tratti di tagli personalizzati o di dimensioni dettagliate, offriamo opzioni HDPE affidabili e di alta qualit\u00e0 per tutti i vostri lavori.<\/p>","protected":false},"excerpt":{"rendered":"<p>Il grossista di pannelli in polietilene ad alta densit\u00e0 (HDPE) offre una vasta gamma di fogli e barre in HDPE di vari colori e dimensioni. I nostri prodotti sono durevoli, resistenti agli agenti chimici e ideali per applicazioni industriali e commerciali, disponibili in blocchi bianchi sfusi o in fogli e barre colorate assortite.<\/p>","protected":false},"featured_media":2127,"template":"","meta":{"_gspb_post_css":""},"product_brand":[],"product_cat":[29,32],"product_tag":[404,405,403],"class_list":{"0":"post-2126","1":"product","2":"type-product","3":"status-publish","4":"has-post-thumbnail","6":"product_cat-ice-rink-products","7":"product_cat-ice-synthetic-panels","8":"product_tag-custom-plastic","9":"product_tag-plastic-wholesaler","10":"product_tag-polyethylene","12":"first","13":"instock","14":"shipping-taxable","15":"product-type-simple"},"_links":{"self":[{"href":"https:\/\/uhmwpemanufacture.com\/it\/wp-json\/wp\/v2\/product\/2126","targetHints":{"allow":["GET"]}}],"collection":[{"href":"https:\/\/uhmwpemanufacture.com\/it\/wp-json\/wp\/v2\/product"}],"about":[{"href":"https:\/\/uhmwpemanufacture.com\/it\/wp-json\/wp\/v2\/types\/product"}],"wp:featuredmedia":[{"embeddable":true,"href":"https:\/\/uhmwpemanufacture.com\/it\/wp-json\/wp\/v2\/media\/2127"}],"wp:attachment":[{"href":"https:\/\/uhmwpemanufacture.com\/it\/wp-json\/wp\/v2\/media?parent=2126"}],"wp:term":[{"taxonomy":"product_brand","embeddable":true,"href":"https:\/\/uhmwpemanufacture.com\/it\/wp-json\/wp\/v2\/product_brand?post=2126"},{"taxonomy":"product_cat","embeddable":true,"href":"https:\/\/uhmwpemanufacture.com\/it\/wp-json\/wp\/v2\/product_cat?post=2126"},{"taxonomy":"product_tag","embeddable":true,"href":"https:\/\/uhmwpemanufacture.com\/it\/wp-json\/wp\/v2\/product_tag?post=2126"}],"curies":[{"name":"wp","href":"https:\/\/api.w.org\/{rel}","templated":true}]}}