{"id":2205,"date":"2025-10-11T06:08:24","date_gmt":"2025-10-11T06:08:24","guid":{"rendered":"https:\/\/uhmwpemanufacture.com\/?post_type=product&#038;p=2205"},"modified":"2025-10-11T06:10:03","modified_gmt":"2025-10-11T06:10:03","slug":"engineering-machinery-uhmwpe-plate-crane-foot-support-pad","status":"publish","type":"product","link":"https:\/\/uhmwpemanufacture.com\/it\/engineering-machinery-uhmwpe-plate-crane-foot-support-pad\/","title":{"rendered":"Macchinario di ingegneria UHMWPE piatto gru piede supporto Pad"},"content":{"rendered":"<h2 id=\"heavy-duty-crane-foot-support-pads\">Cuscinetti di supporto per piedi di gru per impieghi gravosi<\/h2>\n<p>Queste pedane di supporto per gru in UHMWPE (polietilene ad altissimo peso molecolare) sono state progettate per garantire prestazioni eccezionali e resilienza nelle applicazioni di ingegneria. Sviluppati per fornire un'assistenza stabile e affidabile, questi cuscinetti distribuiscono in modo uniforme i carichi pesanti, proteggendo dai danni alle superfici e garantendo una maggiore sicurezza durante le procedure di gru e stabilizzatori. Le immagini mostrano sia i pattini rotondi privati che i pattini rettangolari impilati, evidenziandone la robustezza e l'utilit\u00e0. Ogni cuscinetto \u00e8 dotato di un sistema di posizionamento e recupero semplice e senza problemi. Realizzate in UHMWPE di alta qualit\u00e0, queste piastre sono resistenti agli effetti, all'usura e alle sostanze chimiche, e sono quindi eccellenti per siti di costruzione difficili e numerosi terreni. Scegliete queste affidabili piastre di supporto per proteggere i vostri utensili e garantire la stabilit\u00e0 operativa.<\/p>","protected":false},"excerpt":{"rendered":"<p>Le nostre pedane di supporto per gru in UHMWPE offrono stabilit\u00e0 e distribuzione del carico superiori per i macchinari di ingegneria. Progettati per durare nel tempo, questi robusti cuscinetti prevengono i danni alla superficie e migliorano la sicurezza in cantiere. Dotati di comode maniglie per una facile movimentazione, sono resistenti agli urti, all'usura e agli agenti chimici, garantendo prestazioni affidabili in qualsiasi ambiente.<\/p>","protected":false},"featured_media":2211,"template":"","meta":{"_gspb_post_css":""},"product_brand":[],"product_cat":[15,21],"product_tag":[427,256,396],"class_list":{"0":"post-2205","1":"product","2":"type-product","3":"status-publish","4":"has-post-thumbnail","6":"product_cat-uhmwpe-hdpe-sheets-plates","7":"product_cat-uhmwpe-fender-pads","8":"product_tag-crane-pads","9":"product_tag-outrigger-pads","10":"product_tag-uhmwpe","12":"first","13":"instock","14":"shipping-taxable","15":"product-type-simple"},"_links":{"self":[{"href":"https:\/\/uhmwpemanufacture.com\/it\/wp-json\/wp\/v2\/product\/2205","targetHints":{"allow":["GET"]}}],"collection":[{"href":"https:\/\/uhmwpemanufacture.com\/it\/wp-json\/wp\/v2\/product"}],"about":[{"href":"https:\/\/uhmwpemanufacture.com\/it\/wp-json\/wp\/v2\/types\/product"}],"wp:featuredmedia":[{"embeddable":true,"href":"https:\/\/uhmwpemanufacture.com\/it\/wp-json\/wp\/v2\/media\/2211"}],"wp:attachment":[{"href":"https:\/\/uhmwpemanufacture.com\/it\/wp-json\/wp\/v2\/media?parent=2205"}],"wp:term":[{"taxonomy":"product_brand","embeddable":true,"href":"https:\/\/uhmwpemanufacture.com\/it\/wp-json\/wp\/v2\/product_brand?post=2205"},{"taxonomy":"product_cat","embeddable":true,"href":"https:\/\/uhmwpemanufacture.com\/it\/wp-json\/wp\/v2\/product_cat?post=2205"},{"taxonomy":"product_tag","embeddable":true,"href":"https:\/\/uhmwpemanufacture.com\/it\/wp-json\/wp\/v2\/product_tag?post=2205"}],"curies":[{"name":"wp","href":"https:\/\/api.w.org\/{rel}","templated":true}]}}