{"id":2212,"date":"2025-10-11T06:11:44","date_gmt":"2025-10-11T06:11:44","guid":{"rendered":"https:\/\/uhmwpemanufacture.com\/?post_type=product&#038;p=2212"},"modified":"2025-10-11T06:11:44","modified_gmt":"2025-10-11T06:11:44","slug":"customizable-plastic-polyethylene-uhmwpe-sheets-exporter","status":"publish","type":"product","link":"https:\/\/uhmwpemanufacture.com\/it\/customizable-plastic-polyethylene-uhmwpe-sheets-exporter\/","title":{"rendered":"Esportatore personalizzabile di fogli di plastica di polietilene UHMWPE"},"content":{"rendered":"<h2 id=\"adjustable-uhmwpe-sheets\">Lastre UHMWPE regolabili<\/h2>\n<p>Siamo un esportatore leader di lastre regolabili in polietilene plastico UHMWPE, come si vede nella pila dinamica di lastre rosse, bianche, blu, gialle ed ecologiche dell'immagine. Le nostre lastre di polietilene ad altissimo peso molecolare (UHMWPE) di alta qualit\u00e0 sono rinomate per la loro notevole tenacit\u00e0, il basso attrito e l'elevata resistenza agli effetti, che le rendono adatte a una vasta gamma di applicazioni commerciali e industriali.<\/p>\n<p>Queste lastre flessibili possono essere tagliate e realizzate su misura per soddisfare le vostre esigenze specifiche, offrendo un'eccellente resistenza all'abrasione, agli agenti chimici e all'umidit\u00e0. Che si tratti di taglieri, strisce, protezioni per attrezzature o altri usi, i nostri fogli UHMWPE offrono una notevole efficienza e una lunga durata. In qualit\u00e0 di commerciante di fiducia, ci assicuriamo che i nostri articoli soddisfino rigorosi standard di qualit\u00e0, offrendovi rimedi affidabili e convenienti per le vostre attivit\u00e0.<\/p>","protected":false},"excerpt":{"rendered":"<p>Siamo un esportatore leader di fogli di plastica personalizzabili in polietilene UHMWPE. Queste lastre di alta qualit\u00e0 offrono una durata eccezionale, un basso attrito e un'elevata resistenza agli urti, perfette per vari usi industriali e commerciali. Disponibili in diversi colori e dimensioni personalizzate, offrono una resistenza superiore all'abrasione e agli agenti chimici.<\/p>","protected":false},"featured_media":2215,"template":"","meta":{"_gspb_post_css":""},"product_brand":[],"product_cat":[15,17],"product_tag":[429,428,408],"class_list":{"0":"post-2212","1":"product","2":"type-product","3":"status-publish","4":"has-post-thumbnail","6":"product_cat-uhmwpe-hdpe-sheets-plates","7":"product_cat-uhmwpe-sheets","8":"product_tag-customizable-plastic","9":"product_tag-plastic-polyethylene","10":"product_tag-uhmwpe-sheets","12":"first","13":"instock","14":"shipping-taxable","15":"product-type-simple"},"_links":{"self":[{"href":"https:\/\/uhmwpemanufacture.com\/it\/wp-json\/wp\/v2\/product\/2212","targetHints":{"allow":["GET"]}}],"collection":[{"href":"https:\/\/uhmwpemanufacture.com\/it\/wp-json\/wp\/v2\/product"}],"about":[{"href":"https:\/\/uhmwpemanufacture.com\/it\/wp-json\/wp\/v2\/types\/product"}],"wp:featuredmedia":[{"embeddable":true,"href":"https:\/\/uhmwpemanufacture.com\/it\/wp-json\/wp\/v2\/media\/2215"}],"wp:attachment":[{"href":"https:\/\/uhmwpemanufacture.com\/it\/wp-json\/wp\/v2\/media?parent=2212"}],"wp:term":[{"taxonomy":"product_brand","embeddable":true,"href":"https:\/\/uhmwpemanufacture.com\/it\/wp-json\/wp\/v2\/product_brand?post=2212"},{"taxonomy":"product_cat","embeddable":true,"href":"https:\/\/uhmwpemanufacture.com\/it\/wp-json\/wp\/v2\/product_cat?post=2212"},{"taxonomy":"product_tag","embeddable":true,"href":"https:\/\/uhmwpemanufacture.com\/it\/wp-json\/wp\/v2\/product_tag?post=2212"}],"curies":[{"name":"wp","href":"https:\/\/api.w.org\/{rel}","templated":true}]}}