{"id":2221,"date":"2025-10-11T06:22:11","date_gmt":"2025-10-11T06:22:11","guid":{"rendered":"https:\/\/uhmwpemanufacture.com\/?post_type=product&#038;p=2221"},"modified":"2025-10-11T06:22:12","modified_gmt":"2025-10-11T06:22:12","slug":"temporary-paving-slabs-base-mat-temporary-road-mat-supplier","status":"publish","type":"product","link":"https:\/\/uhmwpemanufacture.com\/it\/temporary-paving-slabs-base-mat-temporary-road-mat-supplier\/","title":{"rendered":"Fornitore temporaneo di tappetini stradali per pavimentazione, lastre di base, tappetini stradali temporanei"},"content":{"rendered":"<h2 id=\"temporary-road-and-base-mats\">Tappeti stradali e di base temporanei<\/h2>\n<p>Siamo un fornitore affidabile di pavimentazioni a breve termine e di basi, eccellenti per lo sviluppo di autostrade temporanee e basi stabili. Le foto mostrano le nostre pavimentazioni resilienti, disponibili sia in blu scuro che in blu vivace, caratterizzate da un motivo a lastre di rubino per una maggiore aderenza e sicurezza. Questi tappeti sono progettati per fornire sicurezza e accessibilit\u00e0 al suolo su terreni morbidi, fango o superfici delicate.<\/p>\n<p>I nostri tappeti stradali temporanei sono eccellenti per cantieri, eventi esterni, accesso a macchinari pesanti e spazi di lavoro remoti in cui \u00e8 importante la stabilit\u00e0 del terreno. Realizzati con materiali compositi di alta qualit\u00e0, sono durevoli, leggeri e resistenti agli agenti chimici, ai raggi UV e alle condizioni atmosferiche estreme. Facili da montare e da intrecciare, queste pavimentazioni riducono i danni al sito web, minimizzano le spese di pulizia e garantiscono operazioni efficaci. Scegliete le nostre pavimentazioni a breve termine per un'opzione affidabile, economica ed ecologica per tutte le vostre esigenze di protezione del suolo.<\/p>","protected":false},"excerpt":{"rendered":"<p>Forniamo lastre di pavimentazione temporanea e tappeti stradali durevoli, ideali per la protezione del terreno e la creazione di strade di accesso temporanee. Caratterizzati da un motivo a diamante antiscivolo, questi tappeti garantiscono la stabilit\u00e0 delle attrezzature pesanti su superfici morbide o sensibili. Leggeri, resistenti agli agenti atmosferici e facili da installare, riducono i danni al cantiere e migliorano l'efficienza operativa.<\/p>","protected":false},"featured_media":2223,"template":"","meta":{"_gspb_post_css":""},"product_brand":[],"product_cat":[24,26,25],"product_tag":[139,412,76],"class_list":{"0":"post-2221","1":"product","2":"type-product","3":"status-publish","4":"has-post-thumbnail","6":"product_cat-ground-protection-road-mats","7":"product_cat-base-mats","8":"product_cat-quick-mats","9":"product_tag-ground-protection","10":"product_tag-paving-slabs","11":"product_tag-temporary-road-mats","13":"first","14":"instock","15":"shipping-taxable","16":"product-type-simple"},"_links":{"self":[{"href":"https:\/\/uhmwpemanufacture.com\/it\/wp-json\/wp\/v2\/product\/2221","targetHints":{"allow":["GET"]}}],"collection":[{"href":"https:\/\/uhmwpemanufacture.com\/it\/wp-json\/wp\/v2\/product"}],"about":[{"href":"https:\/\/uhmwpemanufacture.com\/it\/wp-json\/wp\/v2\/types\/product"}],"wp:featuredmedia":[{"embeddable":true,"href":"https:\/\/uhmwpemanufacture.com\/it\/wp-json\/wp\/v2\/media\/2223"}],"wp:attachment":[{"href":"https:\/\/uhmwpemanufacture.com\/it\/wp-json\/wp\/v2\/media?parent=2221"}],"wp:term":[{"taxonomy":"product_brand","embeddable":true,"href":"https:\/\/uhmwpemanufacture.com\/it\/wp-json\/wp\/v2\/product_brand?post=2221"},{"taxonomy":"product_cat","embeddable":true,"href":"https:\/\/uhmwpemanufacture.com\/it\/wp-json\/wp\/v2\/product_cat?post=2221"},{"taxonomy":"product_tag","embeddable":true,"href":"https:\/\/uhmwpemanufacture.com\/it\/wp-json\/wp\/v2\/product_tag?post=2221"}],"curies":[{"name":"wp","href":"https:\/\/api.w.org\/{rel}","templated":true}]}}