{"id":2227,"date":"2025-10-11T06:25:58","date_gmt":"2025-10-11T06:25:58","guid":{"rendered":"https:\/\/uhmwpemanufacture.com\/?post_type=product&#038;p=2227"},"modified":"2025-10-11T06:30:11","modified_gmt":"2025-10-11T06:30:11","slug":"high-quality-custom-coal-bunker-limit-plate-hdpe-sheet-dealer","status":"publish","type":"product","link":"https:\/\/uhmwpemanufacture.com\/it\/high-quality-custom-coal-bunker-limit-plate-hdpe-sheet-dealer\/","title":{"rendered":"Alta qualit\u00e0 Rivenditore del piatto di limite del bunker del carbone su ordinazione dello strato dell'HDPE"},"content":{"rendered":"<h2 id=\"item-description\">Descrizione dell'articolo<\/h2>\n<p>Queste lastre personalizzate di qualit\u00e0 superiore sono resistenti e ideali per applicazioni commerciali pesanti. In qualit\u00e0 di fornitore, forniamo soluzioni su misura per numerose esigenze. La superficie liscia e la struttura robusta di queste lastre in HDPE assicurano prestazioni durature in atmosfere ricercate come i bunker di carbone, riducendo l'usura e prolungando la vita delle vostre attrezzature.<\/p>\n<p>Caratteristiche:<\/p>\n<ul>\n<li>Prodotto HDPE di altissimo livello<\/li>\n<li>Dimensioni personalizzate<\/li>\n<li>Resistente e duraturo<\/li>\n<li>Perfetto per gli strati di limitazione del rifugio di carbone<\/li>\n<li>Eccellente resistenza all'usura<\/li>\n<li>Superficie liscia e a basso attrito<\/li>\n<li>Efficienza affidabile in ambienti industriali<\/li>\n<\/ul>\n<p>Contattateci per saperne di pi\u00f9 sulle nostre offerte di lastre HDPE e su come possono essere utili alle vostre attivit\u00e0.<\/p>","protected":false},"excerpt":{"rendered":"<p>Questa pila di lastre HDPE nere personalizzate di alta qualit\u00e0 \u00e8 perfetta per le piastre limite dei bunker di carbone. In qualit\u00e0 di rivenditore leader, offriamo soluzioni durevoli e resistenti all'usura, studiate su misura per l'uso industriale. Queste lastre forniscono un'eccellente protezione e prolungano la vita delle apparecchiature in ambienti difficili.<\/p>","protected":false},"featured_media":2230,"template":"","meta":{"_gspb_post_css":""},"product_brand":[],"product_cat":[15,22],"product_tag":[389,59,390],"class_list":{"0":"post-2227","1":"product","2":"type-product","3":"status-publish","4":"has-post-thumbnail","6":"product_cat-uhmwpe-hdpe-sheets-plates","7":"product_cat-coal-bunker-limit-plates","8":"product_tag-coal-bunker","9":"product_tag-hdpe-sheet","10":"product_tag-limit-plate","12":"first","13":"instock","14":"shipping-taxable","15":"product-type-simple"},"_links":{"self":[{"href":"https:\/\/uhmwpemanufacture.com\/it\/wp-json\/wp\/v2\/product\/2227","targetHints":{"allow":["GET"]}}],"collection":[{"href":"https:\/\/uhmwpemanufacture.com\/it\/wp-json\/wp\/v2\/product"}],"about":[{"href":"https:\/\/uhmwpemanufacture.com\/it\/wp-json\/wp\/v2\/types\/product"}],"wp:featuredmedia":[{"embeddable":true,"href":"https:\/\/uhmwpemanufacture.com\/it\/wp-json\/wp\/v2\/media\/2230"}],"wp:attachment":[{"href":"https:\/\/uhmwpemanufacture.com\/it\/wp-json\/wp\/v2\/media?parent=2227"}],"wp:term":[{"taxonomy":"product_brand","embeddable":true,"href":"https:\/\/uhmwpemanufacture.com\/it\/wp-json\/wp\/v2\/product_brand?post=2227"},{"taxonomy":"product_cat","embeddable":true,"href":"https:\/\/uhmwpemanufacture.com\/it\/wp-json\/wp\/v2\/product_cat?post=2227"},{"taxonomy":"product_tag","embeddable":true,"href":"https:\/\/uhmwpemanufacture.com\/it\/wp-json\/wp\/v2\/product_tag?post=2227"}],"curies":[{"name":"wp","href":"https:\/\/api.w.org\/{rel}","templated":true}]}}