{"id":2271,"date":"2025-10-11T07:02:00","date_gmt":"2025-10-11T07:02:00","guid":{"rendered":"https:\/\/uhmwpemanufacture.com\/?post_type=product&#038;p=2271"},"modified":"2025-10-11T07:02:00","modified_gmt":"2025-10-11T07:02:00","slug":"nylon-sheet-wear-resisting-uhmwpe-board-sheet-wholesale","status":"publish","type":"product","link":"https:\/\/uhmwpemanufacture.com\/it\/nylon-sheet-wear-resisting-uhmwpe-board-sheet-wholesale\/","title":{"rendered":"Strato di nylon che resiste all'usura Strato del bordo di Uhmwpe all'ingrosso"},"content":{"rendered":"<h2 id=\"nylon-sheet-wear-resisting-uhmwpe-board-sheet-wholesale\">Strato di nylon Strato del bordo di UHMWPE resistente all'usura all'ingrosso<\/h2>\n<p>Siamo un fornitore all'ingrosso di fogli di nylon ad alte prestazioni e di fogli di cartone UHMWPE (polietilene ad altissimo peso molecolare) resistenti all'usura, disponibili in numerose tonalit\u00e0 come quella ecologica e blu illustrata. Le nostre lastre di nylon offrono una resistenza meccanica, una rigidit\u00e0 e una durezza eccezionali, che le rendono adatte alle applicazioni ingegneristiche pi\u00f9 esigenti. Le lastre in UHMWPE offrono un'impareggiabile resistenza all'abrasione, un coefficiente di attrito molto basso e una tenacit\u00e0 di effetto superiore, perfetta per rivestimenti, cuscinetti e parti di trasportatori. Entrambi i materiali sono leggeri, resistenti e immuni agli agenti chimici e all'umidit\u00e0, per garantire prestazioni durature in diversi contesti industriali. Offriamo prezzi all'ingrosso convenienti per ordini di massa.<\/p>","protected":false},"excerpt":{"rendered":"<p>Fornitore all'ingrosso di fogli di nylon e fogli di cartone UHMWPE resistenti all'usura. Eccellente resistenza meccanica, basso attrito e superiore resistenza all'abrasione per le applicazioni industriali pi\u00f9 esigenti. Durevole, leggero e resistente agli agenti chimici.<\/p>","protected":false},"featured_media":2277,"template":"","meta":{"_gspb_post_css":""},"product_brand":[],"product_cat":[23],"product_tag":[69,303,441],"class_list":{"0":"post-2271","1":"product","2":"type-product","3":"status-publish","4":"has-post-thumbnail","6":"product_cat-nylon-sheets","7":"product_tag-nylon-sheet","8":"product_tag-uhmwpe-board","9":"product_tag-wear-resisting-plastic","11":"first","12":"instock","13":"shipping-taxable","14":"product-type-simple"},"_links":{"self":[{"href":"https:\/\/uhmwpemanufacture.com\/it\/wp-json\/wp\/v2\/product\/2271","targetHints":{"allow":["GET"]}}],"collection":[{"href":"https:\/\/uhmwpemanufacture.com\/it\/wp-json\/wp\/v2\/product"}],"about":[{"href":"https:\/\/uhmwpemanufacture.com\/it\/wp-json\/wp\/v2\/types\/product"}],"wp:featuredmedia":[{"embeddable":true,"href":"https:\/\/uhmwpemanufacture.com\/it\/wp-json\/wp\/v2\/media\/2277"}],"wp:attachment":[{"href":"https:\/\/uhmwpemanufacture.com\/it\/wp-json\/wp\/v2\/media?parent=2271"}],"wp:term":[{"taxonomy":"product_brand","embeddable":true,"href":"https:\/\/uhmwpemanufacture.com\/it\/wp-json\/wp\/v2\/product_brand?post=2271"},{"taxonomy":"product_cat","embeddable":true,"href":"https:\/\/uhmwpemanufacture.com\/it\/wp-json\/wp\/v2\/product_cat?post=2271"},{"taxonomy":"product_tag","embeddable":true,"href":"https:\/\/uhmwpemanufacture.com\/it\/wp-json\/wp\/v2\/product_tag?post=2271"}],"curies":[{"name":"wp","href":"https:\/\/api.w.org\/{rel}","templated":true}]}}