{"id":2299,"date":"2025-10-11T07:22:42","date_gmt":"2025-10-11T07:22:42","guid":{"rendered":"https:\/\/uhmwpemanufacture.com\/?post_type=product&#038;p=2299"},"modified":"2025-10-11T07:22:42","modified_gmt":"2025-10-11T07:22:42","slug":"custom-high-quality-coal-bunker-limit-plate-manufacturer-2","status":"publish","type":"product","link":"https:\/\/uhmwpemanufacture.com\/it\/custom-high-quality-coal-bunker-limit-plate-manufacturer-2\/","title":{"rendered":"Personalizzato di alta qualit\u00e0 Bunker carbone limite piastra Produttore"},"content":{"rendered":"<h2 id=\"customized-top-quality-coal-shelter-restriction-plate\">Piatto di restrizione del rifugio del carbone di qualit\u00e0 superiore su misura<\/h2>\n<p>Le nostre piastre di limitazione personalizzate di alta qualit\u00e0 per bunker di carbone sono fondamentali per sistemi di gestione del carbone durevoli e affidabili. Realizzate in robusto acciaio, come illustrato nell'immagine, queste piastre sono progettate per resistere alla natura abrasiva del carbone e alle condizioni di impiego all'interno dei bunker per carbone. Svolgono un ruolo cruciale nella gestione della circolazione e nella limitazione della capacit\u00e0 del carbone, impedendo i riempimenti eccessivi e garantendo la sicurezza del funzionamento.<\/p>\n<p>In qualit\u00e0 di produttore dedicato, ci concentriamo sulla generazione di piastre di restrizione su misura per i requisiti delle attivit\u00e0 di dettaglio, garantendo un adattamento ottimale e un'efficienza ottimale. Il nostro impegno per l'alta qualit\u00e0 significa che ogni piastra offre un'eccezionale resistenza all'usura e onest\u00e0 strutturale, contribuendo alla longevit\u00e0 e all'affidabilit\u00e0 dello spazio di stoccaggio del carbone e delle infrastrutture di comunicazione. Queste piastre sono un componente essenziale per mantenere procedure sicure e senza interruzioni nelle centrali elettriche, nei centri minerari e in altre industrie pesanti.<\/p>","protected":false},"excerpt":{"rendered":"<p>Le nostre piastre di limitazione del bunker di carbone in acciaio sono progettate per durare nel tempo in ambienti difficili. Progettate per controllare il flusso di carbone e prevenire il riempimento eccessivo, garantiscono la sicurezza e l'efficienza dei sistemi di movimentazione del carbone. In qualit\u00e0 di produttori, forniamo piastre di alta qualit\u00e0 resistenti all'usura e personalizzate in base alle vostre specifiche esigenze industriali.<\/p>","protected":false},"featured_media":2300,"template":"","meta":{"_gspb_post_css":""},"product_brand":[],"product_cat":[15,22],"product_tag":[337,449,448],"class_list":{"0":"post-2299","1":"product","2":"type-product","3":"status-publish","4":"has-post-thumbnail","6":"product_cat-uhmwpe-hdpe-sheets-plates","7":"product_cat-coal-bunker-limit-plates","8":"product_tag-coal-bunker-plate","9":"product_tag-industrial-plate","10":"product_tag-steel-plate","12":"first","13":"instock","14":"shipping-taxable","15":"product-type-simple"},"_links":{"self":[{"href":"https:\/\/uhmwpemanufacture.com\/it\/wp-json\/wp\/v2\/product\/2299","targetHints":{"allow":["GET"]}}],"collection":[{"href":"https:\/\/uhmwpemanufacture.com\/it\/wp-json\/wp\/v2\/product"}],"about":[{"href":"https:\/\/uhmwpemanufacture.com\/it\/wp-json\/wp\/v2\/types\/product"}],"wp:featuredmedia":[{"embeddable":true,"href":"https:\/\/uhmwpemanufacture.com\/it\/wp-json\/wp\/v2\/media\/2300"}],"wp:attachment":[{"href":"https:\/\/uhmwpemanufacture.com\/it\/wp-json\/wp\/v2\/media?parent=2299"}],"wp:term":[{"taxonomy":"product_brand","embeddable":true,"href":"https:\/\/uhmwpemanufacture.com\/it\/wp-json\/wp\/v2\/product_brand?post=2299"},{"taxonomy":"product_cat","embeddable":true,"href":"https:\/\/uhmwpemanufacture.com\/it\/wp-json\/wp\/v2\/product_cat?post=2299"},{"taxonomy":"product_tag","embeddable":true,"href":"https:\/\/uhmwpemanufacture.com\/it\/wp-json\/wp\/v2\/product_tag?post=2299"}],"curies":[{"name":"wp","href":"https:\/\/api.w.org\/{rel}","templated":true}]}}