{"id":996,"date":"2025-09-27T11:46:47","date_gmt":"2025-09-27T11:46:47","guid":{"rendered":"https:\/\/uhmwpemanufacture.com\/?post_type=product&#038;p=996"},"modified":"2025-09-27T11:46:47","modified_gmt":"2025-09-27T11:46:47","slug":"high-density-polyethylene-board-hdpe-plastic-sheet-vendor","status":"publish","type":"product","link":"https:\/\/uhmwpemanufacture.com\/it\/high-density-polyethylene-board-hdpe-plastic-sheet-vendor\/","title":{"rendered":"Pannello di polietilene ad alta densit\u00e0 HDPE Foglio di plastica Vendor"},"content":{"rendered":"<h2>Fornitore del bordo di polietilene ad alto spessore dello strato di plastica dell'HDPE<\/h2>\n<p>Le nostre lastre di plastica HDPE offrono forza, robustezza e resistenza agli urti, agli agenti chimici e all'umidit\u00e0. Create per uso industriale, marino ed edilizio, queste lastre di polietilene ad alta densit\u00e0 offrono prestazioni eccezionali in applicazioni esterne e interne. Leggeri ma resistenti, sono molto facili da lavorare, tagliare e modellare per soddisfare le esigenze di attivit\u00e0 personalizzate. Disponibili in numerose tonalit\u00e0, come il bianco, il blu e il nero, questi fogli di HDPE sono ampiamente utilizzati per rivestimenti, pannelli di riduzione, barriere protettive e produzione. Le loro propriet\u00e0 non tossiche ed ecologiche, residenziali o commerciali, li rendono privi di rischi per il contatto con gli alimenti e per le atmosfere popolari a lungo termine.<\/p>","protected":false},"excerpt":{"rendered":"<p>Le lastre in polietilene ad alta densit\u00e0 offrono durata, resistenza agli urti e versatilit\u00e0 per l'uso industriale, marino ed edilizio. Questi fogli di plastica HDPE sono facili da lavorare, resistenti all'umidit\u00e0 e disponibili in pi\u00f9 colori, il che li rende ideali per rivestimenti, barriere e lavorazioni personalizzate.<\/p>","protected":false},"featured_media":999,"template":"","meta":{"_gspb_post_css":""},"product_brand":[],"product_cat":[15,19],"product_tag":[99,101,100],"class_list":{"0":"post-996","1":"product","2":"type-product","3":"status-publish","4":"has-post-thumbnail","6":"product_cat-uhmwpe-hdpe-sheets-plates","7":"product_cat-lead-boron-polyethylene-plates","8":"product_tag-hdpe-board","9":"product_tag-plastic-sheet-supplie","10":"product_tag-polyethylene-sheet","12":"first","13":"instock","14":"shipping-taxable","15":"product-type-simple"},"_links":{"self":[{"href":"https:\/\/uhmwpemanufacture.com\/it\/wp-json\/wp\/v2\/product\/996","targetHints":{"allow":["GET"]}}],"collection":[{"href":"https:\/\/uhmwpemanufacture.com\/it\/wp-json\/wp\/v2\/product"}],"about":[{"href":"https:\/\/uhmwpemanufacture.com\/it\/wp-json\/wp\/v2\/types\/product"}],"wp:featuredmedia":[{"embeddable":true,"href":"https:\/\/uhmwpemanufacture.com\/it\/wp-json\/wp\/v2\/media\/999"}],"wp:attachment":[{"href":"https:\/\/uhmwpemanufacture.com\/it\/wp-json\/wp\/v2\/media?parent=996"}],"wp:term":[{"taxonomy":"product_brand","embeddable":true,"href":"https:\/\/uhmwpemanufacture.com\/it\/wp-json\/wp\/v2\/product_brand?post=996"},{"taxonomy":"product_cat","embeddable":true,"href":"https:\/\/uhmwpemanufacture.com\/it\/wp-json\/wp\/v2\/product_cat?post=996"},{"taxonomy":"product_tag","embeddable":true,"href":"https:\/\/uhmwpemanufacture.com\/it\/wp-json\/wp\/v2\/product_tag?post=996"}],"curies":[{"name":"wp","href":"https:\/\/api.w.org\/{rel}","templated":true}]}}