{"id":875,"date":"2025-09-27T03:36:58","date_gmt":"2025-09-27T03:36:58","guid":{"rendered":"https:\/\/uhmwpemanufacture.com\/?post_type=product&#038;p=875"},"modified":"2025-09-27T03:36:58","modified_gmt":"2025-09-27T03:36:58","slug":"hdpe-sheet-black-wear-resistant-liner-plates-supplier-china","status":"publish","type":"product","link":"https:\/\/uhmwpemanufacture.com\/ko\/hdpe-sheet-black-wear-resistant-liner-plates-supplier-china\/","title":{"rendered":"HDPE \uc2dc\ud2b8 \ube14\ub799 \ub0b4\ub9c8\ubaa8\uc131 \ub77c\uc774\ub108 \ud50c\ub808\uc774\ud2b8 \uacf5\uae09 \uc5c5\uccb4 \uc911\uad6d"},"content":{"rendered":"<h2 data-start=\"0\" data-end=\"62\">HDPE \uc2dc\ud2b8 \ube14\ub799 \ub0b4\ub9c8\ubaa8\uc131 \ub77c\uc774\ub108 \ud50c\ub808\uc774\ud2b8 \uacf5\uae09 \uc5c5\uccb4 \uc911\uad6d<\/h2>\n<p data-start=\"64\" data-end=\"409\">\uac80\uc740\uc0c9 HDPE \ub77c\uc774\ub108 \ud50c\ub808\uc774\ud2b8\ub294 \uae4c\ub2e4\ub85c\uc6b4 \uc790\uc7ac \ucde8\uae09 \ub77c\uc778\uc5d0\uc11c \ubbf8\ub044\ub7fc \ub9c8\ubaa8, \ucda9\uaca9 \ubc0f \ubd80\uc2dd\uc744 \uacac\ub38c\ub0c5\ub2c8\ub2e4. \uc774\ubbf8\uc9c0\ub294 \uc288\ud2b8, \ud638\ud37c \ubc0f \ud2b8\ub7ed \ubca0\ub4dc\uc5d0 \uc7a5\ucc29\ud560 \uc900\ube44\uac00 \ub41c \ud3c9\ud3c9\ud55c \uc2dc\ud2b8\uc640 \uc0ac\uc804 \ub4dc\ub9b4\ub9c1\ub41c \ud50c\ub808\uc774\ud2b8\ub97c \ubcf4\uc5ec\uc90d\ub2c8\ub2e4. \uace0\ubc00\ub3c4 \ud3f4\ub9ac\uc5d0\ud2f8\ub80c\uc740 \ub9e4\ub044\ub7ec\uc6b4 \ud45c\uba74\uacfc \uc548\uc815\uc801\uc778 \uc778\uc131\uc744 \uc81c\uacf5\ud558\ubbc0\ub85c \ub048\uc801\uac70\ub9ac\ub294 \ud558\uc911\uc774 \ube60\ub974\uac8c \ud480\ub9ac\uace0 \uc7a5\ube44\uac00 \ub354 \uc870\uc6a9\ud558\uac8c \uc791\ub3d9\ud569\ub2c8\ub2e4.<\/p>\n<h3 data-start=\"411\" data-end=\"437\">\uc131\ub2a5 \uc774\uc810<\/h3>\n<ul data-start=\"438\" data-end=\"783\">\n<li data-start=\"438\" data-end=\"496\">\n<p data-start=\"440\" data-end=\"496\">\uad50\uccb4 \uc8fc\uae30 \uc5f0\uc7a5\uc744 \uc704\ud55c \ub192\uc740 \ub0b4\ub9c8\ubaa8\uc131<\/p>\n<\/li>\n<li data-start=\"497\" data-end=\"561\">\n<p data-start=\"499\" data-end=\"561\">\ub9c8\ucc30\uc774 \uc801\uc740 \ud45c\uba74\uc73c\ub85c \uce90\ub9ac\ubc31 \ubc0f \uc790\uc7ac \uac78\ub9bc \ud604\uc0c1 \uac10\uc18c<\/p>\n<\/li>\n<li data-start=\"562\" data-end=\"623\">\n<p data-start=\"564\" data-end=\"623\">\ub113\uc740 \uc628\ub3c4 \ubc94\uc704\uc5d0\uc11c \ub6f0\uc5b4\ub09c \ucda9\uaca9 \uac15\ub3c4<\/p>\n<\/li>\n<li data-start=\"624\" data-end=\"675\">\n<p data-start=\"626\" data-end=\"675\">\ub048\uc801\uc784\uacfc \uc2b5\uae30\uc5d0 \uac15\ud558\uace0 \uc138\ucc99\uc774 \uc6a9\uc774\ud569\ub2c8\ub2e4.<\/p>\n<\/li>\n<li data-start=\"676\" data-end=\"730\">\n<p data-start=\"678\" data-end=\"730\">\uc5fc\ubd84, \uc0b0, \uc54c\uce7c\ub9ac\uc5d0 \ub300\ud55c \uad11\ubc94\uc704\ud55c \ub0b4\ud654\ud559\uc131<\/p>\n<\/li>\n<li data-start=\"731\" data-end=\"783\">\n<p data-start=\"733\" data-end=\"783\">\uac15\ucca0 \ubc0f \uacbd\uc9c8 \uace0\ubb34\uc640 \ube44\uad50\ud55c \uc18c\uc74c \uac10\uc1e0 \ud6a8\uacfc<\/p>\n<\/li>\n<\/ul>\n<h3 data-start=\"785\" data-end=\"808\">\uc77c\ubc18\uc801\uc778 \uc560\ud50c\ub9ac\ucf00\uc774\uc158<\/h3>\n<p data-start=\"809\" data-end=\"1042\">\uad11\uc0b0, \uace8\uc7ac, \uace1\ubb3c, \uc7ac\ud65c\uc6a9, \ube44\ub8cc \ubc0f \ud654\ud559 \uacf5\uc7a5\uc758 \uc288\ud2b8 \ubc0f \ud638\ud37c \ub77c\uc774\ub108, \ucee8\ubca0\uc774\uc5b4 \ub9c8\ubaa8 \uc2a4\ud2b8\ub9bd \ubc0f \uac00\uc774\ub4dc, \ud2b8\ub7ed \ubc0f \ud2b8\ub808\uc77c\ub7ec \ubca0\ub4dc \ub77c\uc774\ub108, \uc0ac\uc77c\ub85c \uc2a4\ucee4\ud2b8, \ub3c4\ud06c \ubc94\ud37c, \uc774\uc1a1 \uc9c0\uc810 \ubcf4\ud638, \ubbf9\uc11c \ud328\ub4e4.<\/p>\n<h3 data-start=\"1044\" data-end=\"1072\">\ud06c\uae30, \ub4f1\uae09, \uac00\uacf5<\/h3>\n<ul data-start=\"1073\" data-end=\"1370\">\n<li data-start=\"1073\" data-end=\"1124\">\n<p data-start=\"1075\" data-end=\"1124\">\uc5c4\uaca9\ud55c \uacf5\ucc28 \ud3c9\uba74\uc73c\ub85c \ub450\uaed8 6-150mm<\/p>\n<\/li>\n<li data-start=\"1125\" data-end=\"1196\">\n<p data-start=\"1127\" data-end=\"1196\">\uc2dc\ud2b8 \ud06c\uae30 1000\u00d72000, 1220\u00d72440, 1500\u00d73000mm, \uc0ac\uc774\uc988 \ub9de\ucda4 \uc7ac\ub2e8 \uc11c\ube44\uc2a4<\/p>\n<\/li>\n<li data-start=\"1197\" data-end=\"1279\">\n<p data-start=\"1199\" data-end=\"1279\">\uc0ac\uc6a9 \uac00\ub2a5\ud55c \ub4f1\uae09: \ubc84\uc9c4, \uc7ac\uac00\uacf5, \uc790\uc678\uc120 \uc548\uc815\ud654, \uc815\uc804\uae30 \ubc29\uc9c0, \uc720\ub9ac \ucda9\uc804<\/p>\n<\/li>\n<li data-start=\"1280\" data-end=\"1370\">\n<p data-start=\"1282\" data-end=\"1370\">AI \uc9c0\uc6d0 CAD \ub610\ub294 \uac04\ub2e8\ud55c \uc2a4\ucf00\uce58\uc5d0\uc11c CNC \ub4dc\ub9b4\ub9c1, \uce74\uc6b4\ud130\uc2f1\ud06c, \ucc54\ud37c \ubc0f \ud3ec\ucf13 \uc0dd\uc131<\/p>\n<\/li>\n<\/ul>\n<h3 data-start=\"1372\" data-end=\"1397\">\uc124\uce58 \uc548\ub0b4<\/h3>\n<p data-start=\"1398\" data-end=\"1611\">\uc804\uccb4 \ud50c\ub808\uc774\ud2b8 \uc601\uc5ed\uc744 \uc9c0\uc9c0\ud558\uace0 \uae30\uacc4\uc2dd \uace0\uc815 \uc7a5\uce58\ub97c \uc0ac\uc6a9\ud569\ub2c8\ub2e4. \uc2ac\ub86f\ud615 \uad6c\uba4d \ub610\ub294 \ud50c\ub85c\ud305 \ub9c8\uc6b4\ud2b8\ub85c \uc5f4\ud33d\ucc3d\uc744 \ud5c8\uc6a9\ud569\ub2c8\ub2e4. \uc811\ucc29\uc774 \ud544\uc694\ud55c \uacbd\uc6b0 \ud55c\ucabd \uba74\uc774 \ud3c9\ud3c9\ud558\uac70\ub098 \ucc98\ub9ac\ub41c \ud45c\uba74\uacfc \ud638\ud658 \uac00\ub2a5\ud55c \ud504\ub77c\uc774\uba38\ub97c \uc9c0\uc815\ud569\ub2c8\ub2e4.<\/p>\n<h3 data-start=\"1613\" data-end=\"1636\">\ud488\uc9c8 \ubc0f \uc11c\ube44\uc2a4<\/h3>\n<p data-start=\"1637\" data-end=\"2004\" data-is-last-node=\"\" data-is-only-node=\"\">\ucd94\uc801\uc131\uc744 \uac16\ucd98 \uc5c4\uaca9\ud55c \uacf5\uc815 \uad00\ub9ac \ud558\uc5d0 \uc911\uad6d\uc5d0\uc11c \uc81c\uc870\ub429\ub2c8\ub2e4. \uc694\uccad \uc2dc RoHS \ubc0f REACH \uc900\uc218 \ub4f1\uae09\uc744 \uc81c\uacf5\ud569\ub2c8\ub2e4. \uc548\uc804\ud55c \uc6b4\uc1a1\uc744 \uc704\ud574 \ube60\ub978 \uacac\uc801, \uc0d8\ud50c \ubc0f \uc218\ucd9c \ud3ec\uc7a5\uc744 \uc81c\uacf5\ud569\ub2c8\ub2e4. \uc18c\uc7ac \uc720\ud615, \ub099\ud558 \ub192\uc774, \ub77c\uc774\ub108 \uba74\uc801, \ubaa9\ud45c \ub9c8\ubaa8 \uc218\uba85\uc744 \uc54c\ub824\uc8fc\uc2dc\uba74 \uac00\ub3d9 \uc911\ub2e8 \uc2dc\uac04\uc744 \uc904\uc774\uba74\uc11c \ub77c\uc778\uc744 \uacc4\uc18d \uac00\ub3d9\ud560 \uc218 \uc788\ub294 \uc801\ud569\ud55c HDPE \ub4f1\uae09\uacfc \ub450\uaed8\ub97c \ucd94\ucc9c\ud574 \ub4dc\ub9bd\ub2c8\ub2e4.<\/p>","protected":false},"excerpt":{"rendered":"<p>\ub9c8\ubaa8, \ucda9\uaca9, \ubd80\uc2dd\uc5d0 \uacac\ub51c \uc218 \uc788\ub3c4\ub85d \uc81c\uc791\ub41c \uac80\uc740\uc0c9 HDPE \ub77c\uc774\ub108 \ud50c\ub808\uc774\ud2b8. \ub9c8\ucc30\uc774 \uc801\uace0 \ub2ec\ub77c\ubd99\uc9c0 \uc54a\ub294 \ud45c\uba74\uc73c\ub85c \uc790\uc7ac \ud750\ub984\uc744 \uc720\uc9c0\ud558\uace0 \uc18c\uc74c\uc744 \uc904\uc785\ub2c8\ub2e4. \ud3c9\ud3c9\ud55c \uc2dc\ud2b8 \ub610\ub294 \uc0ac\uc804 \ub4dc\ub9b4\ub9c1\ub41c \ud50c\ub808\uc774\ud2b8 \ud615\ud0dc\ub85c \uc81c\uacf5\ub418\uba70 \ud06c\uae30\uc5d0 \ub9de\uac8c \uc808\ub2e8\ub429\ub2c8\ub2e4. \uc288\ud2b8, \ud638\ud37c, \ucee8\ubca0\uc774\uc5b4, \ud2b8\ub7ed \ubca0\ub4dc\uc5d0 \uc774\uc0c1\uc801\uc785\ub2c8\ub2e4. \ub450\uaed8 6-150mm. \uc911\uad6d \uacf5\uae09 \uc5c5\uccb4.<\/p>","protected":false},"featured_media":882,"template":"","meta":{"_gspb_post_css":""},"product_brand":[],"product_cat":[15,18],"product_tag":[58,59,60],"class_list":{"0":"post-875","1":"product","2":"type-product","3":"status-publish","4":"has-post-thumbnail","6":"product_cat-uhmwpe-hdpe-sheets-plates","7":"product_cat-hdpe-sheets","8":"product_tag-china-supplier","9":"product_tag-hdpe-sheet","10":"product_tag-wear-liner-plates","12":"first","13":"instock","14":"shipping-taxable","15":"product-type-simple"},"_links":{"self":[{"href":"https:\/\/uhmwpemanufacture.com\/ko\/wp-json\/wp\/v2\/product\/875","targetHints":{"allow":["GET"]}}],"collection":[{"href":"https:\/\/uhmwpemanufacture.com\/ko\/wp-json\/wp\/v2\/product"}],"about":[{"href":"https:\/\/uhmwpemanufacture.com\/ko\/wp-json\/wp\/v2\/types\/product"}],"wp:featuredmedia":[{"embeddable":true,"href":"https:\/\/uhmwpemanufacture.com\/ko\/wp-json\/wp\/v2\/media\/882"}],"wp:attachment":[{"href":"https:\/\/uhmwpemanufacture.com\/ko\/wp-json\/wp\/v2\/media?parent=875"}],"wp:term":[{"taxonomy":"product_brand","embeddable":true,"href":"https:\/\/uhmwpemanufacture.com\/ko\/wp-json\/wp\/v2\/product_brand?post=875"},{"taxonomy":"product_cat","embeddable":true,"href":"https:\/\/uhmwpemanufacture.com\/ko\/wp-json\/wp\/v2\/product_cat?post=875"},{"taxonomy":"product_tag","embeddable":true,"href":"https:\/\/uhmwpemanufacture.com\/ko\/wp-json\/wp\/v2\/product_tag?post=875"}],"curies":[{"name":"wp","href":"https:\/\/api.w.org\/{rel}","templated":true}]}}