{"id":1003,"date":"2025-09-28T01:26:07","date_gmt":"2025-09-28T01:26:07","guid":{"rendered":"https:\/\/uhmwpemanufacture.com\/?post_type=product&#038;p=1003"},"modified":"2025-09-28T01:29:32","modified_gmt":"2025-09-28T01:29:32","slug":"heavy-duty-crane-uhmwpe-outrigger-pad-jack-stabilizer-dealer","status":"publish","type":"product","link":"https:\/\/uhmwpemanufacture.com\/pt\/heavy-duty-crane-uhmwpe-outrigger-pad-jack-stabilizer-dealer\/","title":{"rendered":"Guindaste de servi\u00e7o pesado Uhmwpe Outrigger Pad Jack Stabilizer Dealer"},"content":{"rendered":"<h2>Almofadas de estabiliza\u00e7\u00e3o de UHMWPE para servi\u00e7o pesado para estabilidade de guindaste<\/h2>\n<p>Estas robustas almofadas de estabilizador UHMWPE para gruas proporcionam um excelente apoio no solo e muita circula\u00e7\u00e3o para gruas, macacos e equipamento pesado. Desenvolvidas com material UHMWPE de alta resist\u00eancia, estas almofadas s\u00e3o leves mas muito resistentes, imunes \u00e0 fratura, \u00e0 flex\u00e3o e \u00e0 absor\u00e7\u00e3o de humidade. A forma quadrada com uma superf\u00edcie distinta garante uma coloca\u00e7\u00e3o protegida, enquanto as pegas de transporte vermelhas facilitam o transporte e a coloca\u00e7\u00e3o. Ideais para a constru\u00e7\u00e3o de s\u00edtios Web, opera\u00e7\u00f5es de eleva\u00e7\u00e3o e utiliza\u00e7\u00e3o industrial, estas almofadas estabilizadoras protegem o solo e aumentam a seguran\u00e7a, assegurando um desempenho fi\u00e1vel sob toneladas pesadas.<\/p>","protected":false},"excerpt":{"rendered":"<p>As almofadas estabilizadoras de UHMWPE para trabalhos pesados proporcionam um forte apoio no solo para gruas, macacos e equipamento pesado. Com um design leve, elevada capacidade de carga e pegas vermelhas para facilitar o transporte, estas almofadas estabilizadoras garantem opera\u00e7\u00f5es de eleva\u00e7\u00e3o seguras e est\u00e1veis em ambientes industriais e de constru\u00e7\u00e3o.<\/p>","protected":false},"featured_media":1007,"template":"","meta":{"_gspb_post_css":""},"product_brand":[],"product_cat":[15,20],"product_tag":[103,104,102],"class_list":{"0":"post-1003","1":"product","2":"type-product","3":"status-publish","4":"has-post-thumbnail","6":"product_cat-uhmwpe-hdpe-sheets-plates","7":"product_cat-crane-outrigger-pads","8":"product_tag-crane-stabilizer-pad","9":"product_tag-heavy-duty-jack-pad","10":"product_tag-uhmwpe-outrigger-pad","12":"first","13":"instock","14":"shipping-taxable","15":"product-type-simple"},"_links":{"self":[{"href":"https:\/\/uhmwpemanufacture.com\/pt\/wp-json\/wp\/v2\/product\/1003","targetHints":{"allow":["GET"]}}],"collection":[{"href":"https:\/\/uhmwpemanufacture.com\/pt\/wp-json\/wp\/v2\/product"}],"about":[{"href":"https:\/\/uhmwpemanufacture.com\/pt\/wp-json\/wp\/v2\/types\/product"}],"wp:featuredmedia":[{"embeddable":true,"href":"https:\/\/uhmwpemanufacture.com\/pt\/wp-json\/wp\/v2\/media\/1007"}],"wp:attachment":[{"href":"https:\/\/uhmwpemanufacture.com\/pt\/wp-json\/wp\/v2\/media?parent=1003"}],"wp:term":[{"taxonomy":"product_brand","embeddable":true,"href":"https:\/\/uhmwpemanufacture.com\/pt\/wp-json\/wp\/v2\/product_brand?post=1003"},{"taxonomy":"product_cat","embeddable":true,"href":"https:\/\/uhmwpemanufacture.com\/pt\/wp-json\/wp\/v2\/product_cat?post=1003"},{"taxonomy":"product_tag","embeddable":true,"href":"https:\/\/uhmwpemanufacture.com\/pt\/wp-json\/wp\/v2\/product_tag?post=1003"}],"curies":[{"name":"wp","href":"https:\/\/api.w.org\/{rel}","templated":true}]}}