{"id":1017,"date":"2025-09-28T01:37:24","date_gmt":"2025-09-28T01:37:24","guid":{"rendered":"https:\/\/uhmwpemanufacture.com\/?post_type=product&#038;p=1017"},"modified":"2025-09-28T01:37:24","modified_gmt":"2025-09-28T01:37:24","slug":"corrosion-resistant-coal-hopper-liner-plate-manufacturers","status":"publish","type":"product","link":"https:\/\/uhmwpemanufacture.com\/pt\/corrosion-resistant-coal-hopper-liner-plate-manufacturers\/","title":{"rendered":"Placa de revestimento de tremonha de carv\u00e3o resistente \u00e0 corros\u00e3o Fabricantes"},"content":{"rendered":"<h2>Placa de revestimento de tremonha de carv\u00e3o resistente \u00e0 corros\u00e3o<\/h2>\n<p>As nossas placas de revestimento de tremonhas de carv\u00e3o resistentes \u00e0 deteriora\u00e7\u00e3o s\u00e3o desenvolvidas para proteger tremonhas, calhas e silos contra desgaste, impacto e corros\u00e3o qu\u00edmica em atmosferas exigentes. Fabricadas com produtos de alta resist\u00eancia, estas placas aumentam a vida \u00fatil dos dispositivos, minimizam o tempo de inatividade e reduzem os pre\u00e7os de manuten\u00e7\u00e3o. A \u00e1rea de superf\u00edcie lisa diminui a ader\u00eancia do produto, assegurando um fluxo fi\u00e1vel de carv\u00e3o e produtos em massa. Perfeitas para centrais nucleares, minas e sectores pesados, estas placas de revestimento est\u00e3o dispon\u00edveis em v\u00e1rios tamanhos e densidades para satisfazer os requisitos de tarefas espec\u00edficas. Como fabricantes fi\u00e1veis, fornecemos servi\u00e7os duradouros e resistentes para a seguran\u00e7a industrial.<\/p>","protected":false},"excerpt":{"rendered":"<p>As placas de revestimento de tremonhas de carv\u00e3o resistentes \u00e0 corros\u00e3o proporcionam uma prote\u00e7\u00e3o duradoura contra o desgaste, o impacto e os danos qu\u00edmicos. Com uma superf\u00edcie lisa para um melhor fluxo, prolongam a vida \u00fatil do equipamento, reduzem o tempo de inatividade e melhoram a efici\u00eancia nas ind\u00fastrias mineira, de centrais el\u00e9ctricas e de manuseamento de materiais a granel.<\/p>","protected":false},"featured_media":1020,"template":"","meta":{"_gspb_post_css":""},"product_brand":[],"product_cat":[15,22],"product_tag":[108,109,110],"class_list":{"0":"post-1017","1":"product","2":"type-product","3":"status-publish","4":"has-post-thumbnail","6":"product_cat-uhmwpe-hdpe-sheets-plates","7":"product_cat-coal-bunker-limit-plates","8":"product_tag-coal-hopper-liner","9":"product_tag-corrosion-resistant-plate","10":"product_tag-wear-resistant-liner","12":"first","13":"instock","14":"shipping-taxable","15":"product-type-simple"},"_links":{"self":[{"href":"https:\/\/uhmwpemanufacture.com\/pt\/wp-json\/wp\/v2\/product\/1017","targetHints":{"allow":["GET"]}}],"collection":[{"href":"https:\/\/uhmwpemanufacture.com\/pt\/wp-json\/wp\/v2\/product"}],"about":[{"href":"https:\/\/uhmwpemanufacture.com\/pt\/wp-json\/wp\/v2\/types\/product"}],"wp:featuredmedia":[{"embeddable":true,"href":"https:\/\/uhmwpemanufacture.com\/pt\/wp-json\/wp\/v2\/media\/1020"}],"wp:attachment":[{"href":"https:\/\/uhmwpemanufacture.com\/pt\/wp-json\/wp\/v2\/media?parent=1017"}],"wp:term":[{"taxonomy":"product_brand","embeddable":true,"href":"https:\/\/uhmwpemanufacture.com\/pt\/wp-json\/wp\/v2\/product_brand?post=1017"},{"taxonomy":"product_cat","embeddable":true,"href":"https:\/\/uhmwpemanufacture.com\/pt\/wp-json\/wp\/v2\/product_cat?post=1017"},{"taxonomy":"product_tag","embeddable":true,"href":"https:\/\/uhmwpemanufacture.com\/pt\/wp-json\/wp\/v2\/product_tag?post=1017"}],"curies":[{"name":"wp","href":"https:\/\/api.w.org\/{rel}","templated":true}]}}