{"id":1025,"date":"2025-09-28T01:41:13","date_gmt":"2025-09-28T01:41:13","guid":{"rendered":"https:\/\/uhmwpemanufacture.com\/?post_type=product&#038;p=1025"},"modified":"2025-09-28T01:41:13","modified_gmt":"2025-09-28T01:41:13","slug":"custom-hdpe-sheets-high-strength-low-moisture-absorption","status":"publish","type":"product","link":"https:\/\/uhmwpemanufacture.com\/pt\/custom-hdpe-sheets-high-strength-low-moisture-absorption\/","title":{"rendered":"Folhas de PEAD personalizadas Alta resist\u00eancia Baixa absor\u00e7\u00e3o de humidade"},"content":{"rendered":"<h2>Folhas de PEAD personalizadas para aplica\u00e7\u00f5es industriais<\/h2>\n<p>As nossas folhas de PEAD feitas por medida s\u00e3o fabricadas com elevada resist\u00eancia e robustez excecional, tornando-as adequadas para uma vasta gama de utiliza\u00e7\u00f5es industriais e industriais. Com uma baixa absor\u00e7\u00e3o de humidade, estas folhas resistem \u00e0 flex\u00e3o, ao incha\u00e7o e \u00e0 destrui\u00e7\u00e3o, mesmo em condi\u00e7\u00f5es de humidade. A sua superf\u00edcie lisa garante uma limpeza f\u00e1cil e uma excelente resist\u00eancia aos produtos qu\u00edmicos, \u00e0 influ\u00eancia e \u00e0 abras\u00e3o. Adequadas para a redu\u00e7\u00e3o de placas, revestimentos, estruturas mar\u00edtimas e componentes de m\u00e1quinas, as folhas de PEAD proporcionam um desempenho duradouro. Prontamente dispon\u00edveis em dimens\u00f5es, espessuras e tonalidades personaliz\u00e1veis, fornecem servi\u00e7os adapt\u00e1veis para aplica\u00e7\u00f5es variadas onde a integridade e a seguran\u00e7a s\u00e3o essenciais.<\/p>","protected":false},"excerpt":{"rendered":"<p style=\"text-align: left;\">As folhas de PEAD personalizadas oferecem uma elevada resist\u00eancia, durabilidade e baixa absor\u00e7\u00e3o de humidade, o que as torna resistentes \u00e0 deforma\u00e7\u00e3o e aos danos qu\u00edmicos. Ideais para revestimentos, utiliza\u00e7\u00e3o mar\u00edtima, t\u00e1buas de corte e pe\u00e7as industriais, estas folhas proporcionam um desempenho duradouro com tamanhos, espessuras e cores personaliz\u00e1veis.<\/p>","protected":false},"featured_media":1031,"template":"","meta":{"_gspb_post_css":""},"product_brand":[],"product_cat":[15,18],"product_tag":[111,59,112],"class_list":{"0":"post-1025","1":"product","2":"type-product","3":"status-publish","4":"has-post-thumbnail","6":"product_cat-uhmwpe-hdpe-sheets-plates","7":"product_cat-hdpe-sheets","8":"product_tag-custom-plastic-sheet","9":"product_tag-hdpe-sheet","10":"product_tag-industrial-plastic-material","12":"first","13":"instock","14":"shipping-taxable","15":"product-type-simple"},"_links":{"self":[{"href":"https:\/\/uhmwpemanufacture.com\/pt\/wp-json\/wp\/v2\/product\/1025","targetHints":{"allow":["GET"]}}],"collection":[{"href":"https:\/\/uhmwpemanufacture.com\/pt\/wp-json\/wp\/v2\/product"}],"about":[{"href":"https:\/\/uhmwpemanufacture.com\/pt\/wp-json\/wp\/v2\/types\/product"}],"wp:featuredmedia":[{"embeddable":true,"href":"https:\/\/uhmwpemanufacture.com\/pt\/wp-json\/wp\/v2\/media\/1031"}],"wp:attachment":[{"href":"https:\/\/uhmwpemanufacture.com\/pt\/wp-json\/wp\/v2\/media?parent=1025"}],"wp:term":[{"taxonomy":"product_brand","embeddable":true,"href":"https:\/\/uhmwpemanufacture.com\/pt\/wp-json\/wp\/v2\/product_brand?post=1025"},{"taxonomy":"product_cat","embeddable":true,"href":"https:\/\/uhmwpemanufacture.com\/pt\/wp-json\/wp\/v2\/product_cat?post=1025"},{"taxonomy":"product_tag","embeddable":true,"href":"https:\/\/uhmwpemanufacture.com\/pt\/wp-json\/wp\/v2\/product_tag?post=1025"}],"curies":[{"name":"wp","href":"https:\/\/api.w.org\/{rel}","templated":true}]}}