{"id":1034,"date":"2025-09-28T01:53:59","date_gmt":"2025-09-28T01:53:59","guid":{"rendered":"https:\/\/uhmwpemanufacture.com\/?post_type=product&#038;p=1034"},"modified":"2025-09-28T07:52:15","modified_gmt":"2025-09-28T07:52:15","slug":"customized-uhmwpe-crane-stacker-cribbing-blocks-wholesaler","status":"publish","type":"product","link":"https:\/\/uhmwpemanufacture.com\/pt\/customized-uhmwpe-crane-stacker-cribbing-blocks-wholesaler\/","title":{"rendered":"Atacadista de blocos de empilhamento de guindaste UHMWPE personalizados"},"content":{"rendered":"<h2>Blocos de empilhamento de guindaste UHMWPE personalizados<\/h2>\n<p>Os nossos blocos de empilhamento de gruas UHMWPE feitos \u00e0 medida s\u00e3o concebidos para oferecer um suporte e estabilidade excepcionais para gruas, ferramentas pesadas e procedimentos de eleva\u00e7\u00e3o. Fabricados em polietileno de peso molecular ultra-elevado, estes blocos s\u00e3o leves, resilientes e resistentes \u00e0 \u00e1gua, aos produtos qu\u00edmicos e \u00e0 deteriora\u00e7\u00e3o. A sua elevada resist\u00eancia ao impacto garante uma longa vida \u00fatil, enquanto o design n\u00e3o condutor aumenta a seguran\u00e7a nos locais de trabalho. A cor amarela intensa aumenta a visibilidade e os acess\u00f3rios incorporados facilitam o manuseamento e o empilhamento. Ideais para a constru\u00e7\u00e3o, a explora\u00e7\u00e3o mineira e as aplica\u00e7\u00f5es industriais, estes blocos de cribbing s\u00e3o fi\u00e1veis, de utiliza\u00e7\u00e3o m\u00faltipla e concebidos para um desempenho em servi\u00e7o pesado.<\/p>","protected":false},"excerpt":{"rendered":"<p>Os blocos personalizados para empilhadores de gruas em UHMWPE fornecem um suporte forte, est\u00e1vel e leve para equipamento pesado. Resistentes \u00e0 \u00e1gua, aos produtos qu\u00edmicos e \u00e0 corros\u00e3o, estes blocos duradouros apresentam uma elevada resist\u00eancia ao impacto, visibilidade em amarelo vivo e um manuseamento f\u00e1cil para opera\u00e7\u00f5es de eleva\u00e7\u00e3o seguras e eficientes.<\/p>","protected":false},"featured_media":1040,"template":"","meta":{"_gspb_post_css":""},"product_brand":[],"product_cat":[15,21],"product_tag":[114,115,113],"class_list":{"0":"post-1034","1":"product","2":"type-product","3":"status-publish","4":"has-post-thumbnail","6":"product_cat-uhmwpe-hdpe-sheets-plates","7":"product_cat-uhmwpe-fender-pads","8":"product_tag-crane-stacker-blocks","9":"product_tag-heavy-equipment-stabilizer","10":"product_tag-uhmwpe-cribbing-blocks","12":"first","13":"instock","14":"shipping-taxable","15":"product-type-simple"},"_links":{"self":[{"href":"https:\/\/uhmwpemanufacture.com\/pt\/wp-json\/wp\/v2\/product\/1034","targetHints":{"allow":["GET"]}}],"collection":[{"href":"https:\/\/uhmwpemanufacture.com\/pt\/wp-json\/wp\/v2\/product"}],"about":[{"href":"https:\/\/uhmwpemanufacture.com\/pt\/wp-json\/wp\/v2\/types\/product"}],"wp:featuredmedia":[{"embeddable":true,"href":"https:\/\/uhmwpemanufacture.com\/pt\/wp-json\/wp\/v2\/media\/1040"}],"wp:attachment":[{"href":"https:\/\/uhmwpemanufacture.com\/pt\/wp-json\/wp\/v2\/media?parent=1034"}],"wp:term":[{"taxonomy":"product_brand","embeddable":true,"href":"https:\/\/uhmwpemanufacture.com\/pt\/wp-json\/wp\/v2\/product_brand?post=1034"},{"taxonomy":"product_cat","embeddable":true,"href":"https:\/\/uhmwpemanufacture.com\/pt\/wp-json\/wp\/v2\/product_cat?post=1034"},{"taxonomy":"product_tag","embeddable":true,"href":"https:\/\/uhmwpemanufacture.com\/pt\/wp-json\/wp\/v2\/product_tag?post=1034"}],"curies":[{"name":"wp","href":"https:\/\/api.w.org\/{rel}","templated":true}]}}