{"id":1043,"date":"2025-09-28T02:23:52","date_gmt":"2025-09-28T02:23:52","guid":{"rendered":"https:\/\/uhmwpemanufacture.com\/?post_type=product&#038;p=1043"},"modified":"2025-09-28T02:23:52","modified_gmt":"2025-09-28T02:23:52","slug":"uhmwpe-sheet-custom-cutting-cnc-packaging-included-vendor","status":"publish","type":"product","link":"https:\/\/uhmwpemanufacture.com\/pt\/uhmwpe-sheet-custom-cutting-cnc-packaging-included-vendor\/","title":{"rendered":"Folha de UHMWPE Corte personalizado Embalagem CNC Inclu\u00eddo Vendedor"},"content":{"rendered":"<h2>Folha de UHMWPE com redu\u00e7\u00e3o personalizada e servi\u00e7os CNC<\/h2>\n<p>As nossas folhas de UHMWPE s\u00e3o fabricadas para uma durabilidade superior, resist\u00eancia ao impacto e fric\u00e7\u00e3o reduzida, o que as torna adequadas para aplica\u00e7\u00f5es industriais. Com servi\u00e7os de corte CNC personalizados dispon\u00edveis, estas folhas podem ser formadas com precis\u00e3o para satisfazer as suas exig\u00eancias de trabalho, quer para pe\u00e7as de equipamento, revestimentos ou op\u00e7\u00f5es de embalagem de produtos. O produto apresenta uma excelente resist\u00eancia qu\u00edmica, prote\u00e7\u00e3o contra a humidade e uma longa vida \u00fatil, mesmo em ambientes severos. Dispon\u00edveis em v\u00e1rias tonalidades e dimens\u00f5es, estas folhas de UHMWPE s\u00e3o fornecidas com embalagem de produto inclu\u00edda para entrega segura. Como fornecedor fi\u00e1vel, garantimos produtos de alta qualidade adaptados \u00e0s ind\u00fastrias de design, constru\u00e7\u00e3o e produ\u00e7\u00e3o.<\/p>","protected":false},"excerpt":{"rendered":"<p>As chapas de UHMWPE apresentam elevada durabilidade, baixa fric\u00e7\u00e3o e resist\u00eancia ao impacto, ideais para utiliza\u00e7\u00e3o industrial. Com corte personalizado CNC e embalagem segura, estas folhas s\u00e3o fornecidas em v\u00e1rias cores e tamanhos, oferecendo um desempenho fi\u00e1vel para pe\u00e7as de maquinaria, revestimentos e necessidades de constru\u00e7\u00e3o.<\/p>","protected":false},"featured_media":1045,"template":"","meta":{"_gspb_post_css":""},"product_brand":[],"product_cat":[15,17],"product_tag":[116,117,56],"class_list":{"0":"post-1043","1":"product","2":"type-product","3":"status-publish","4":"has-post-thumbnail","6":"product_cat-uhmwpe-hdpe-sheets-plates","7":"product_cat-uhmwpe-sheets","8":"product_tag-cnc-cut-plastic","9":"product_tag-industrial-plastic-sheet","10":"product_tag-uhmwpe-sheet","12":"first","13":"instock","14":"shipping-taxable","15":"product-type-simple"},"_links":{"self":[{"href":"https:\/\/uhmwpemanufacture.com\/pt\/wp-json\/wp\/v2\/product\/1043","targetHints":{"allow":["GET"]}}],"collection":[{"href":"https:\/\/uhmwpemanufacture.com\/pt\/wp-json\/wp\/v2\/product"}],"about":[{"href":"https:\/\/uhmwpemanufacture.com\/pt\/wp-json\/wp\/v2\/types\/product"}],"wp:featuredmedia":[{"embeddable":true,"href":"https:\/\/uhmwpemanufacture.com\/pt\/wp-json\/wp\/v2\/media\/1045"}],"wp:attachment":[{"href":"https:\/\/uhmwpemanufacture.com\/pt\/wp-json\/wp\/v2\/media?parent=1043"}],"wp:term":[{"taxonomy":"product_brand","embeddable":true,"href":"https:\/\/uhmwpemanufacture.com\/pt\/wp-json\/wp\/v2\/product_brand?post=1043"},{"taxonomy":"product_cat","embeddable":true,"href":"https:\/\/uhmwpemanufacture.com\/pt\/wp-json\/wp\/v2\/product_cat?post=1043"},{"taxonomy":"product_tag","embeddable":true,"href":"https:\/\/uhmwpemanufacture.com\/pt\/wp-json\/wp\/v2\/product_tag?post=1043"}],"curies":[{"name":"wp","href":"https:\/\/api.w.org\/{rel}","templated":true}]}}