{"id":1048,"date":"2025-09-28T02:35:50","date_gmt":"2025-09-28T02:35:50","guid":{"rendered":"https:\/\/uhmwpemanufacture.com\/?post_type=product&#038;p=1048"},"modified":"2025-09-28T02:35:50","modified_gmt":"2025-09-28T02:35:50","slug":"safe-trakmat-hdpe-ground-protection-and-access-mats-dealer","status":"publish","type":"product","link":"https:\/\/uhmwpemanufacture.com\/pt\/safe-trakmat-hdpe-ground-protection-and-access-mats-dealer\/","title":{"rendered":"Revendedor de tapetes de prote\u00e7\u00e3o do solo e de acesso Safe Trakmat HDPE"},"content":{"rendered":"<h2>Tapetes de defesa do solo e de acessibilidade Safe Trakmat HDPE<\/h2>\n<p>Os nossos revestimentos para pavimentos Safe Trakmat HDPE para prote\u00e7\u00e3o do solo e ganho de acesso foram desenvolvidos para proporcionar uma superf\u00edcie segura para ferramentas pesadas, autom\u00f3veis e tr\u00e1fego pedestre. Fabricados em polietileno de alta densidade, estes revestimentos para pavimentos s\u00e3o dur\u00e1veis, resistentes \u00e0s intemp\u00e9ries e recicl\u00e1veis, assegurando um desempenho excecional de suporte de carga em terrenos macios ou desiguais. A superf\u00edcie antiderrapante distinta aumenta a ader\u00eancia, diminuindo o risco de colis\u00f5es, enquanto as aberturas para as m\u00e3os integradas facilitam a manuten\u00e7\u00e3o e a instala\u00e7\u00e3o. Ideais para estaleiros de constru\u00e7\u00e3o, ocasi\u00f5es, paisagismo e projectos de servi\u00e7os p\u00fablicos, estes revestimentos para pavimentos protegem o solo, minimizam os danos e oferecem uma solu\u00e7\u00e3o fi\u00e1vel e sem riscos para sistemas de acesso e de trabalho a curto prazo.<\/p>","protected":false},"excerpt":{"rendered":"<p>Os tapetes de prote\u00e7\u00e3o do solo Safe Trakmat HDPE oferecem solu\u00e7\u00f5es de acesso duradouras e reutiliz\u00e1veis para equipamento e ve\u00edculos pesados. Com uma superf\u00edcie antiderrapante e de f\u00e1cil manuseamento, protegem terrenos macios ou irregulares durante a constru\u00e7\u00e3o, eventos e projectos de servi\u00e7os p\u00fablicos.<\/p>","protected":false},"featured_media":1049,"template":"","meta":{"_gspb_post_css":""},"product_brand":[],"product_cat":[24,33,29],"product_tag":[72,118,119],"class_list":{"0":"post-1048","1":"product","2":"type-product","3":"status-publish","4":"has-post-thumbnail","6":"product_cat-ground-protection-road-mats","7":"product_cat-floor-ball-dasher-boards","8":"product_cat-ice-rink-products","9":"product_tag-ground-protection-mats","10":"product_tag-hdpe-access-mats","11":"product_tag-trakmat-dealer","13":"first","14":"instock","15":"shipping-taxable","16":"product-type-simple"},"_links":{"self":[{"href":"https:\/\/uhmwpemanufacture.com\/pt\/wp-json\/wp\/v2\/product\/1048","targetHints":{"allow":["GET"]}}],"collection":[{"href":"https:\/\/uhmwpemanufacture.com\/pt\/wp-json\/wp\/v2\/product"}],"about":[{"href":"https:\/\/uhmwpemanufacture.com\/pt\/wp-json\/wp\/v2\/types\/product"}],"wp:featuredmedia":[{"embeddable":true,"href":"https:\/\/uhmwpemanufacture.com\/pt\/wp-json\/wp\/v2\/media\/1049"}],"wp:attachment":[{"href":"https:\/\/uhmwpemanufacture.com\/pt\/wp-json\/wp\/v2\/media?parent=1048"}],"wp:term":[{"taxonomy":"product_brand","embeddable":true,"href":"https:\/\/uhmwpemanufacture.com\/pt\/wp-json\/wp\/v2\/product_brand?post=1048"},{"taxonomy":"product_cat","embeddable":true,"href":"https:\/\/uhmwpemanufacture.com\/pt\/wp-json\/wp\/v2\/product_cat?post=1048"},{"taxonomy":"product_tag","embeddable":true,"href":"https:\/\/uhmwpemanufacture.com\/pt\/wp-json\/wp\/v2\/product_tag?post=1048"}],"curies":[{"name":"wp","href":"https:\/\/api.w.org\/{rel}","templated":true}]}}