{"id":1054,"date":"2025-09-28T02:40:40","date_gmt":"2025-09-28T02:40:40","guid":{"rendered":"https:\/\/uhmwpemanufacture.com\/?post_type=product&#038;p=1054"},"modified":"2025-09-28T02:40:40","modified_gmt":"2025-09-28T02:40:40","slug":"ground-protection-equipment-efficient-uhmwpe-quick-mats","status":"publish","type":"product","link":"https:\/\/uhmwpemanufacture.com\/pt\/ground-protection-equipment-efficient-uhmwpe-quick-mats\/","title":{"rendered":"Equipamento de prote\u00e7\u00e3o do solo Tapetes r\u00e1pidos UHMWPE eficientes"},"content":{"rendered":"<h2>Equipamento de defesa terrestre com tapetes r\u00e1pidos UHMWPE<\/h2>\n<p>Os nossos tapetes r\u00e1pidos UHMWPE s\u00e3o desenvolvidos para uma seguran\u00e7a eficaz do solo, oferecendo uma \u00e1rea de superf\u00edcie segura e protegida para ve\u00edculos pesados, maquinaria e tr\u00e1fego pedonal. Fabricados em polietileno de peso molecular ultra-elevado, estes revestimentos para pavimentos s\u00e3o leves, duradouros e imunes a influ\u00eancias, \u00e1gua e produtos qu\u00edmicos. A \u00e1rea de superf\u00edcie distinta garante uma excelente tra\u00e7\u00e3o, diminuindo os riscos de deslizamento, enquanto a sua disposi\u00e7\u00e3o m\u00f3vel e interligada permite uma instala\u00e7\u00e3o e elimina\u00e7\u00e3o r\u00e1pidas. Adequados para a constru\u00e7\u00e3o, o paisagismo, os eventos e as tarefas energ\u00e9ticas, estes tapetes protegem a relva, o solo e as superf\u00edcies delicadas do solo. Prontamente dispon\u00edveis em v\u00e1rias tonalidades e dimens\u00f5es, constituem uma solu\u00e7\u00e3o fi\u00e1vel e recicl\u00e1vel para a acessibilidade de curta dura\u00e7\u00e3o e a estabilidade do solo.<\/p>","protected":false},"excerpt":{"rendered":"<p class=\"sr-only\"><span style=\"font-size: 16px;\">Os tapetes r\u00e1pidos UHMWPE de prote\u00e7\u00e3o do solo proporcionam superf\u00edcies resistentes e reutiliz\u00e1veis para m\u00e1quinas pesadas, ve\u00edculos e eventos. Com uma textura antiderrapante e um design leve, garantem um acesso seguro e est\u00e1vel em terrenos macios ou irregulares, protegendo simultaneamente o solo e a relva.<\/span><\/p>","protected":false},"featured_media":1057,"template":"","meta":{"_gspb_post_css":""},"product_brand":[],"product_cat":[24,25],"product_tag":[122,121,120],"class_list":{"0":"post-1054","1":"product","2":"type-product","3":"status-publish","4":"has-post-thumbnail","6":"product_cat-ground-protection-road-mats","7":"product_cat-quick-mats","8":"product_tag-access-mats","9":"product_tag-ground-protection-equipment","10":"product_tag-uhmwpe-quick-mats","12":"first","13":"instock","14":"shipping-taxable","15":"product-type-simple"},"_links":{"self":[{"href":"https:\/\/uhmwpemanufacture.com\/pt\/wp-json\/wp\/v2\/product\/1054","targetHints":{"allow":["GET"]}}],"collection":[{"href":"https:\/\/uhmwpemanufacture.com\/pt\/wp-json\/wp\/v2\/product"}],"about":[{"href":"https:\/\/uhmwpemanufacture.com\/pt\/wp-json\/wp\/v2\/types\/product"}],"wp:featuredmedia":[{"embeddable":true,"href":"https:\/\/uhmwpemanufacture.com\/pt\/wp-json\/wp\/v2\/media\/1057"}],"wp:attachment":[{"href":"https:\/\/uhmwpemanufacture.com\/pt\/wp-json\/wp\/v2\/media?parent=1054"}],"wp:term":[{"taxonomy":"product_brand","embeddable":true,"href":"https:\/\/uhmwpemanufacture.com\/pt\/wp-json\/wp\/v2\/product_brand?post=1054"},{"taxonomy":"product_cat","embeddable":true,"href":"https:\/\/uhmwpemanufacture.com\/pt\/wp-json\/wp\/v2\/product_cat?post=1054"},{"taxonomy":"product_tag","embeddable":true,"href":"https:\/\/uhmwpemanufacture.com\/pt\/wp-json\/wp\/v2\/product_tag?post=1054"}],"curies":[{"name":"wp","href":"https:\/\/api.w.org\/{rel}","templated":true}]}}