{"id":1060,"date":"2025-09-28T03:11:44","date_gmt":"2025-09-28T03:11:44","guid":{"rendered":"https:\/\/uhmwpemanufacture.com\/?post_type=product&#038;p=1060"},"modified":"2025-09-28T03:11:44","modified_gmt":"2025-09-28T03:11:44","slug":"custom-molded-parts-hdpe-high-quality-plastic-injection","status":"publish","type":"product","link":"https:\/\/uhmwpemanufacture.com\/pt\/custom-molded-parts-hdpe-high-quality-plastic-injection\/","title":{"rendered":"Pe\u00e7as moldadas personalizadas HDPE Inje\u00e7\u00e3o de pl\u00e1stico de alta qualidade"},"content":{"rendered":"<h2>Pe\u00e7as moldadas personalizadas em PEAD para inje\u00e7\u00e3o de pl\u00e1stico<\/h2>\n<p>As nossas pe\u00e7as moldadas personalizadas s\u00e3o fabricadas a partir de PEAD de primeira qualidade, utilizando uma sofisticada tecnologia de inje\u00e7\u00e3o de pl\u00e1stico para garantir resist\u00eancia, precis\u00e3o e longevidade. Estes elementos s\u00e3o concebidos para satisfazer diversas exig\u00eancias industriais, proporcionando uma excelente resist\u00eancia ao impacto, uma reduzida absor\u00e7\u00e3o de humidade e uma efici\u00eancia duradoura. Com superf\u00edcies lisas e detalhes exactos, s\u00e3o ideais para aplica\u00e7\u00f5es em autom\u00f3veis, dispositivos electr\u00f3nicos, m\u00e1quinas e produtos para clientes. Prontamente dispon\u00edveis em v\u00e1rias formas, cores e tamanhos, oferecemos servi\u00e7os personalizados para corresponder \u00e0s necessidades exactas dos clientes. Como um fornecedor de confian\u00e7a, fornecemos pe\u00e7as moldadas acess\u00edveis e de alto desempenho que aumentam a efic\u00e1cia e a qualidade superior do item.<\/p>","protected":false},"excerpt":{"rendered":"<p>As pe\u00e7as em PEAD moldadas \u00e0 medida, fabricadas com inje\u00e7\u00e3o de pl\u00e1stico de alta qualidade, garantem precis\u00e3o, durabilidade e resist\u00eancia ao impacto. Ideais para aplica\u00e7\u00f5es autom\u00f3veis, electr\u00f3nicas e industriais, estas pe\u00e7as s\u00e3o personaliz\u00e1veis em termos de forma, tamanho e cor para satisfazer diversas necessidades de fabrico.<\/p>","protected":false},"featured_media":1064,"template":"","meta":{"_gspb_post_css":""},"product_brand":[],"product_cat":[35],"product_tag":[125,123,124],"class_list":{"0":"post-1060","1":"product","2":"type-product","3":"status-publish","4":"has-post-thumbnail","6":"product_cat-pp-pe-products","7":"product_tag-custom-plastic-parts","8":"product_tag-hdpe-molded-parts","9":"product_tag-plastic-injection-components","11":"first","12":"instock","13":"shipping-taxable","14":"product-type-simple"},"_links":{"self":[{"href":"https:\/\/uhmwpemanufacture.com\/pt\/wp-json\/wp\/v2\/product\/1060","targetHints":{"allow":["GET"]}}],"collection":[{"href":"https:\/\/uhmwpemanufacture.com\/pt\/wp-json\/wp\/v2\/product"}],"about":[{"href":"https:\/\/uhmwpemanufacture.com\/pt\/wp-json\/wp\/v2\/types\/product"}],"wp:featuredmedia":[{"embeddable":true,"href":"https:\/\/uhmwpemanufacture.com\/pt\/wp-json\/wp\/v2\/media\/1064"}],"wp:attachment":[{"href":"https:\/\/uhmwpemanufacture.com\/pt\/wp-json\/wp\/v2\/media?parent=1060"}],"wp:term":[{"taxonomy":"product_brand","embeddable":true,"href":"https:\/\/uhmwpemanufacture.com\/pt\/wp-json\/wp\/v2\/product_brand?post=1060"},{"taxonomy":"product_cat","embeddable":true,"href":"https:\/\/uhmwpemanufacture.com\/pt\/wp-json\/wp\/v2\/product_cat?post=1060"},{"taxonomy":"product_tag","embeddable":true,"href":"https:\/\/uhmwpemanufacture.com\/pt\/wp-json\/wp\/v2\/product_tag?post=1060"}],"curies":[{"name":"wp","href":"https:\/\/api.w.org\/{rel}","templated":true}]}}