{"id":1071,"date":"2025-09-28T03:20:34","date_gmt":"2025-09-28T03:20:34","guid":{"rendered":"https:\/\/uhmwpemanufacture.com\/?post_type=product&#038;p=1071"},"modified":"2025-09-28T03:20:34","modified_gmt":"2025-09-28T03:20:34","slug":"customize-uhmwpe-synthetic-ice-floor-panel-manufacturers","status":"publish","type":"product","link":"https:\/\/uhmwpemanufacture.com\/pt\/customize-uhmwpe-synthetic-ice-floor-panel-manufacturers\/","title":{"rendered":"Fabricantes de painel de piso de gelo sint\u00e9tico UHMWPE personalizado"},"content":{"rendered":"<h2>Personalizar os pain\u00e9is de pavimento de gelo sint\u00e9tico UHMWPE<\/h2>\n<p>Os nossos pain\u00e9is personalizados de pavimento de gelo artificial UHMWPE s\u00e3o concebidos para uma efici\u00eancia de patinagem suave e realista, sem necessidade de refrigera\u00e7\u00e3o. Produzidos a partir de polietileno de peso molecular ultra-elevado, estes pain\u00e9is proporcionam um movimento excecional, longevidade e fric\u00e7\u00e3o reduzida, o que os torna excelentes para pistas de patinagem interiores e exteriores, centros de forma\u00e7\u00e3o e instala\u00e7\u00f5es recreativas. Resistentes \u00e0s intemp\u00e9ries, \u00e0 humidade e ao impacto, os pain\u00e9is garantem uma vida \u00fatil longa e uma manuten\u00e7\u00e3o f\u00e1cil. Com uma disposi\u00e7\u00e3o entrela\u00e7ada e tamanhos personaliz\u00e1veis, proporcionam uma configura\u00e7\u00e3o r\u00e1pida e uma efici\u00eancia segura. Na qualidade de fabricantes especializados, fornecemos solu\u00e7\u00f5es de gelo sint\u00e9tico de qualidade superior, concebidas para satisfazer os mais variados requisitos desportivos e de lazer.<\/p>","protected":false},"excerpt":{"rendered":"<p>Os pain\u00e9is de piso de gelo sint\u00e9tico UHMWPE personalizados oferecem um deslizamento suave, durabilidade e f\u00e1cil instala\u00e7\u00e3o. Ideal para pistas de gelo interiores e exteriores, centros de treino e utiliza\u00e7\u00e3o recreativa.<\/p>","protected":false},"featured_media":1072,"template":"","meta":{"_gspb_post_css":""},"product_brand":[],"product_cat":[29,32],"product_tag":[128,126,127],"class_list":{"0":"post-1071","1":"product","2":"type-product","3":"status-publish","4":"has-post-thumbnail","6":"product_cat-ice-rink-products","7":"product_cat-ice-synthetic-panels","8":"product_tag-ice-rink-flooring","9":"product_tag-synthetic-ice-panels","10":"product_tag-uhmwpe-ice-floor","12":"first","13":"instock","14":"shipping-taxable","15":"product-type-simple"},"_links":{"self":[{"href":"https:\/\/uhmwpemanufacture.com\/pt\/wp-json\/wp\/v2\/product\/1071","targetHints":{"allow":["GET"]}}],"collection":[{"href":"https:\/\/uhmwpemanufacture.com\/pt\/wp-json\/wp\/v2\/product"}],"about":[{"href":"https:\/\/uhmwpemanufacture.com\/pt\/wp-json\/wp\/v2\/types\/product"}],"wp:featuredmedia":[{"embeddable":true,"href":"https:\/\/uhmwpemanufacture.com\/pt\/wp-json\/wp\/v2\/media\/1072"}],"wp:attachment":[{"href":"https:\/\/uhmwpemanufacture.com\/pt\/wp-json\/wp\/v2\/media?parent=1071"}],"wp:term":[{"taxonomy":"product_brand","embeddable":true,"href":"https:\/\/uhmwpemanufacture.com\/pt\/wp-json\/wp\/v2\/product_brand?post=1071"},{"taxonomy":"product_cat","embeddable":true,"href":"https:\/\/uhmwpemanufacture.com\/pt\/wp-json\/wp\/v2\/product_cat?post=1071"},{"taxonomy":"product_tag","embeddable":true,"href":"https:\/\/uhmwpemanufacture.com\/pt\/wp-json\/wp\/v2\/product_tag?post=1071"}],"curies":[{"name":"wp","href":"https:\/\/api.w.org\/{rel}","templated":true}]}}