{"id":1078,"date":"2025-09-28T03:25:19","date_gmt":"2025-09-28T03:25:19","guid":{"rendered":"https:\/\/uhmwpemanufacture.com\/?post_type=product&#038;p=1078"},"modified":"2025-09-28T03:25:19","modified_gmt":"2025-09-28T03:25:19","slug":"uhmwpe-hockey-rink-dasher-board-ice-rink-guardrail-vendor","status":"publish","type":"product","link":"https:\/\/uhmwpemanufacture.com\/pt\/uhmwpe-hockey-rink-dasher-board-ice-rink-guardrail-vendor\/","title":{"rendered":"UHMWPE Pista de H\u00f3quei Dasher Board Guarda-corpo da pista de gelo Vendedor"},"content":{"rendered":"<h2>Placas e guarda-corpos de UHMWPE para pista de h\u00f3quei<\/h2>\n<p>Os nossos pain\u00e9is de prote\u00e7\u00e3o para pistas de h\u00f3quei em patins UHMWPE foram concebidos para proporcionar uma robustez, seguran\u00e7a e resist\u00eancia aos efeitos excepcionais para pistas de gelo especializadas e recreativas. Fabricadas com polietileno de peso molecular ultra-elevado, estas barreiras de prote\u00e7\u00e3o resistem a acidentes graves, mantendo uma superf\u00edcie lisa e n\u00e3o abrasiva para a seguran\u00e7a do jogador. A constru\u00e7\u00e3o leve mas forte permite uma instala\u00e7\u00e3o f\u00e1cil, enquanto as estruturas refor\u00e7adas em a\u00e7o ou alum\u00ednio garantem uma estabilidade a longo prazo. Criadas para sectores interiores e exteriores, estas placas resistem \u00e0 humidade, aos raios UV e a problemas dif\u00edceis. Como fornecedor de confian\u00e7a, fornecemos pain\u00e9is de controlo e barreiras de prote\u00e7\u00e3o de primeira qualidade, personalizados para uma efici\u00eancia fi\u00e1vel no gelo.<\/p>","protected":false},"excerpt":{"rendered":"<p>As t\u00e1buas de tra\u00e7os de pista de h\u00f3quei em UHMWPE oferecem uma elevada resist\u00eancia ao impacto, durabilidade e seguran\u00e7a para os jogadores. Concebidas para pistas interiores e exteriores, apresentam superf\u00edcies lisas, estruturas robustas e uma instala\u00e7\u00e3o f\u00e1cil para um desempenho duradouro na pista de gelo.<\/p>","protected":false},"featured_media":1083,"template":"","meta":{"_gspb_post_css":""},"product_brand":[],"product_cat":[15],"product_tag":[81,129,130],"class_list":{"0":"post-1078","1":"product","2":"type-product","3":"status-publish","4":"has-post-thumbnail","6":"product_cat-uhmwpe-hdpe-sheets-plates","7":"product_tag-hockey-dasher-boards","8":"product_tag-ice-rink-guardrail","9":"product_tag-uhmwpe-rink-boards","11":"first","12":"instock","13":"shipping-taxable","14":"product-type-simple"},"_links":{"self":[{"href":"https:\/\/uhmwpemanufacture.com\/pt\/wp-json\/wp\/v2\/product\/1078","targetHints":{"allow":["GET"]}}],"collection":[{"href":"https:\/\/uhmwpemanufacture.com\/pt\/wp-json\/wp\/v2\/product"}],"about":[{"href":"https:\/\/uhmwpemanufacture.com\/pt\/wp-json\/wp\/v2\/types\/product"}],"wp:featuredmedia":[{"embeddable":true,"href":"https:\/\/uhmwpemanufacture.com\/pt\/wp-json\/wp\/v2\/media\/1083"}],"wp:attachment":[{"href":"https:\/\/uhmwpemanufacture.com\/pt\/wp-json\/wp\/v2\/media?parent=1078"}],"wp:term":[{"taxonomy":"product_brand","embeddable":true,"href":"https:\/\/uhmwpemanufacture.com\/pt\/wp-json\/wp\/v2\/product_brand?post=1078"},{"taxonomy":"product_cat","embeddable":true,"href":"https:\/\/uhmwpemanufacture.com\/pt\/wp-json\/wp\/v2\/product_cat?post=1078"},{"taxonomy":"product_tag","embeddable":true,"href":"https:\/\/uhmwpemanufacture.com\/pt\/wp-json\/wp\/v2\/product_tag?post=1078"}],"curies":[{"name":"wp","href":"https:\/\/api.w.org\/{rel}","templated":true}]}}