{"id":1098,"date":"2025-09-28T03:49:38","date_gmt":"2025-09-28T03:49:38","guid":{"rendered":"https:\/\/uhmwpemanufacture.com\/?post_type=product&#038;p=1098"},"modified":"2025-09-28T03:49:38","modified_gmt":"2025-09-28T03:49:38","slug":"custom-hdpe-ice-rink-hockey-dasher-board-plastic-wholesaler","status":"publish","type":"product","link":"https:\/\/uhmwpemanufacture.com\/pt\/custom-hdpe-ice-rink-hockey-dasher-board-plastic-wholesaler\/","title":{"rendered":"Pl\u00e1stico para pista de gelo de PEAD personalizado Pl\u00e1stico para pista de gelo de h\u00f3quei"},"content":{"rendered":"<h2>Pranchas de h\u00f3quei em patins para pista de gelo em PEAD personalizadas<\/h2>\n<p>As nossas t\u00e1buas de h\u00f3quei em patins HDPE personalizadas s\u00e3o constru\u00eddas para pistas profissionais e de entretenimento, oferecendo uma for\u00e7a, robustez e seguran\u00e7a para os jogadores de primeira qualidade. Fabricadas em polietileno de alta densidade com uma estrutura melhorada, estas placas resistem a impactos fortes, mantendo uma superf\u00edcie lisa e n\u00e3o abrasiva. As tonalidades brilhantes e as marca\u00e7\u00f5es claras garantem a presen\u00e7a, enquanto o estilo modular permite uma instala\u00e7\u00e3o r\u00e1pida e uma substitui\u00e7\u00e3o muito f\u00e1cil. Resistentes \u00e0 humidade, aos raios UV e \u00e0s mudan\u00e7as de temperatura, estes pain\u00e9is de sinaliza\u00e7\u00e3o s\u00e3o aplicados com precis\u00e3o tanto no interior como no exterior. Como revendedor de confian\u00e7a, fornecemos placas de alta qualidade e personaliz\u00e1veis para satisfazer os diversos requisitos dos ringues em todo o mundo.<\/p>","protected":false},"excerpt":{"rendered":"<p>As placas de h\u00f3quei em patins de HDPE personalizadas oferecem resist\u00eancia, durabilidade e seguran\u00e7a aos jogadores. Com superf\u00edcies lisas e estruturas refor\u00e7adas, s\u00e3o ideais para pistas interiores e exteriores, oferecendo um desempenho duradouro e uma instala\u00e7\u00e3o f\u00e1cil.<\/p>","protected":false},"featured_media":1101,"template":"","meta":{"_gspb_post_css":""},"product_brand":[],"product_cat":[29,33],"product_tag":[134,136,135],"class_list":{"0":"post-1098","1":"product","2":"type-product","3":"status-publish","4":"has-post-thumbnail","6":"product_cat-ice-rink-products","7":"product_cat-floor-ball-dasher-boards","8":"product_tag-hdpe-dasher-boards","9":"product_tag-hockey-rink-wholesaler","10":"product_tag-ice-rink-boards","12":"first","13":"instock","14":"shipping-taxable","15":"product-type-simple"},"_links":{"self":[{"href":"https:\/\/uhmwpemanufacture.com\/pt\/wp-json\/wp\/v2\/product\/1098","targetHints":{"allow":["GET"]}}],"collection":[{"href":"https:\/\/uhmwpemanufacture.com\/pt\/wp-json\/wp\/v2\/product"}],"about":[{"href":"https:\/\/uhmwpemanufacture.com\/pt\/wp-json\/wp\/v2\/types\/product"}],"wp:featuredmedia":[{"embeddable":true,"href":"https:\/\/uhmwpemanufacture.com\/pt\/wp-json\/wp\/v2\/media\/1101"}],"wp:attachment":[{"href":"https:\/\/uhmwpemanufacture.com\/pt\/wp-json\/wp\/v2\/media?parent=1098"}],"wp:term":[{"taxonomy":"product_brand","embeddable":true,"href":"https:\/\/uhmwpemanufacture.com\/pt\/wp-json\/wp\/v2\/product_brand?post=1098"},{"taxonomy":"product_cat","embeddable":true,"href":"https:\/\/uhmwpemanufacture.com\/pt\/wp-json\/wp\/v2\/product_cat?post=1098"},{"taxonomy":"product_tag","embeddable":true,"href":"https:\/\/uhmwpemanufacture.com\/pt\/wp-json\/wp\/v2\/product_tag?post=1098"}],"curies":[{"name":"wp","href":"https:\/\/api.w.org\/{rel}","templated":true}]}}