{"id":1107,"date":"2025-09-28T03:54:02","date_gmt":"2025-09-28T03:54:02","guid":{"rendered":"https:\/\/uhmwpemanufacture.com\/?post_type=product&#038;p=1107"},"modified":"2025-09-28T03:54:02","modified_gmt":"2025-09-28T03:54:02","slug":"high-quality-plastic-engineering-mould-sheet-uhmwpe-product","status":"publish","type":"product","link":"https:\/\/uhmwpemanufacture.com\/pt\/high-quality-plastic-engineering-mould-sheet-uhmwpe-product\/","title":{"rendered":"Folha de molde para engenharia de pl\u00e1stico de alta qualidade Produto UHMWPE"},"content":{"rendered":"<h2>Folha de molde para engenharia de pl\u00e1stico de alta qualidade Produto UHMWPE<\/h2>\n<p>As nossas folhas de molde de engenharia UHMWPE s\u00e3o fabricadas para serem fortes, robustas e com uma excelente resist\u00eancia ao desgaste. Com uma \u00e1rea de superf\u00edcie de baixa fric\u00e7\u00e3o e resist\u00eancia ao efeito, estas folhas s\u00e3o amplamente utilizadas em aplica\u00e7\u00f5es industriais, tais como sistemas de transporte, equipamento de embalagem e elementos de equipamento. A impressionante resist\u00eancia qu\u00edmica do produto e a sua longa vida \u00fatil tornam-no excelente para atmosferas exigentes. Prontamente dispon\u00edveis em tamanhos e cores ajust\u00e1veis, as chapas podem ser maquinadas para satisfazer requisitos de trabalho espec\u00edficos, assegurando a fiabilidade nos mercados de produ\u00e7\u00e3o e design.<\/p>","protected":false},"excerpt":{"rendered":"<p>Folhas de pl\u00e1stico de alta qualidade para moldes de engenharia UHMWPE com resist\u00eancia superior ao desgaste, resist\u00eancia ao impacto e baixa fric\u00e7\u00e3o. Ideal para pe\u00e7as de m\u00e1quinas, transportadores e utiliza\u00e7\u00e3o industrial. Personaliz\u00e1veis em tamanho e cor para se adaptarem a aplica\u00e7\u00f5es variadas em ambientes exigentes.<\/p>","protected":false},"featured_media":1108,"template":"","meta":{"_gspb_post_css":""},"product_brand":[],"product_cat":[34],"product_tag":[71,137,56],"class_list":{"0":"post-1107","1":"product","2":"type-product","3":"status-publish","4":"has-post-thumbnail","6":"product_cat-mg-engineering-plastic-sheets","7":"product_tag-engineering-plastic","8":"product_tag-mould-sheet","9":"product_tag-uhmwpe-sheet","11":"first","12":"instock","13":"shipping-taxable","14":"product-type-simple"},"_links":{"self":[{"href":"https:\/\/uhmwpemanufacture.com\/pt\/wp-json\/wp\/v2\/product\/1107","targetHints":{"allow":["GET"]}}],"collection":[{"href":"https:\/\/uhmwpemanufacture.com\/pt\/wp-json\/wp\/v2\/product"}],"about":[{"href":"https:\/\/uhmwpemanufacture.com\/pt\/wp-json\/wp\/v2\/types\/product"}],"wp:featuredmedia":[{"embeddable":true,"href":"https:\/\/uhmwpemanufacture.com\/pt\/wp-json\/wp\/v2\/media\/1108"}],"wp:attachment":[{"href":"https:\/\/uhmwpemanufacture.com\/pt\/wp-json\/wp\/v2\/media?parent=1107"}],"wp:term":[{"taxonomy":"product_brand","embeddable":true,"href":"https:\/\/uhmwpemanufacture.com\/pt\/wp-json\/wp\/v2\/product_brand?post=1107"},{"taxonomy":"product_cat","embeddable":true,"href":"https:\/\/uhmwpemanufacture.com\/pt\/wp-json\/wp\/v2\/product_cat?post=1107"},{"taxonomy":"product_tag","embeddable":true,"href":"https:\/\/uhmwpemanufacture.com\/pt\/wp-json\/wp\/v2\/product_tag?post=1107"}],"curies":[{"name":"wp","href":"https:\/\/api.w.org\/{rel}","templated":true}]}}