{"id":1116,"date":"2025-09-28T03:57:21","date_gmt":"2025-09-28T03:57:21","guid":{"rendered":"https:\/\/uhmwpemanufacture.com\/?post_type=product&#038;p=1116"},"modified":"2025-09-28T03:57:21","modified_gmt":"2025-09-28T03:57:21","slug":"custom-duty-dura-base-mats-uhmwpe-ground-protection-mat","status":"publish","type":"product","link":"https:\/\/uhmwpemanufacture.com\/pt\/custom-duty-dura-base-mats-uhmwpe-ground-protection-mat\/","title":{"rendered":"Tapete de prote\u00e7\u00e3o do solo em UHMWPE para servi\u00e7o personalizado Dura Base Mats"},"content":{"rendered":"<h2>Tapetes de base Dura para tarefas personalizadas Tapete de defesa do solo em UHMWPE<\/h2>\n<p>Os tapetes UHMWPE Dura Base para tarefas personalizadas fornecem seguran\u00e7a para trabalhos pesados no solo em edif\u00edcios, ocasi\u00f5es e trabalhos industriais. Fabricados com uma superf\u00edcie texturizada dur\u00e1vel para m\u00e1xima ader\u00eancia, estes revestimentos de pavimento suportam cargas pesadas, reduzem o stress no solo e evitam danos na superf\u00edcie. F\u00e1ceis de montar e de utiliza\u00e7\u00e3o m\u00faltipla, s\u00e3o ideais para desenvolver auto-estradas de curta dura\u00e7\u00e3o, sistemas de trabalho ou percursos de acesso em ambientes dif\u00edceis. Resistentes \u00e0s intemp\u00e9ries, aos produtos qu\u00edmicos e ao impacto, garantem uma efici\u00eancia duradoura, mantendo a seguran\u00e7a e a estabilidade. Prontamente dispon\u00edveis em tamanhos e espessuras personalizados para satisfazer as diversas necessidades de defesa do solo em v\u00e1rios sectores.<\/p>","protected":false},"excerpt":{"rendered":"<p>Os tapetes UHMWPE Dura Base para trabalhos personalizados oferecem uma forte prote\u00e7\u00e3o do solo com uma superf\u00edcie texturada para tra\u00e7\u00e3o. Ideal para cargas pesadas, estradas tempor\u00e1rias e utiliza\u00e7\u00e3o industrial.<\/p>","protected":false},"featured_media":1118,"template":"","meta":{"_gspb_post_css":""},"product_brand":[],"product_cat":[24,27],"product_tag":[140,139,138],"class_list":{"0":"post-1116","1":"product","2":"type-product","3":"status-publish","4":"has-post-thumbnail","6":"product_cat-ground-protection-road-mats","7":"product_cat-dura-mats","8":"product_tag-dura-base-mats","9":"product_tag-ground-protection","10":"product_tag-uhmwpe-mats","12":"first","13":"instock","14":"shipping-taxable","15":"product-type-simple"},"_links":{"self":[{"href":"https:\/\/uhmwpemanufacture.com\/pt\/wp-json\/wp\/v2\/product\/1116","targetHints":{"allow":["GET"]}}],"collection":[{"href":"https:\/\/uhmwpemanufacture.com\/pt\/wp-json\/wp\/v2\/product"}],"about":[{"href":"https:\/\/uhmwpemanufacture.com\/pt\/wp-json\/wp\/v2\/types\/product"}],"wp:featuredmedia":[{"embeddable":true,"href":"https:\/\/uhmwpemanufacture.com\/pt\/wp-json\/wp\/v2\/media\/1118"}],"wp:attachment":[{"href":"https:\/\/uhmwpemanufacture.com\/pt\/wp-json\/wp\/v2\/media?parent=1116"}],"wp:term":[{"taxonomy":"product_brand","embeddable":true,"href":"https:\/\/uhmwpemanufacture.com\/pt\/wp-json\/wp\/v2\/product_brand?post=1116"},{"taxonomy":"product_cat","embeddable":true,"href":"https:\/\/uhmwpemanufacture.com\/pt\/wp-json\/wp\/v2\/product_cat?post=1116"},{"taxonomy":"product_tag","embeddable":true,"href":"https:\/\/uhmwpemanufacture.com\/pt\/wp-json\/wp\/v2\/product_tag?post=1116"}],"curies":[{"name":"wp","href":"https:\/\/api.w.org\/{rel}","templated":true}]}}