{"id":1120,"date":"2025-09-28T04:06:50","date_gmt":"2025-09-28T04:06:50","guid":{"rendered":"https:\/\/uhmwpemanufacture.com\/?post_type=product&#038;p=1120"},"modified":"2025-09-28T04:06:50","modified_gmt":"2025-09-28T04:06:50","slug":"trakmat-recycled-hdpe-ground-protection-and-access-mats","status":"publish","type":"product","link":"https:\/\/uhmwpemanufacture.com\/pt\/trakmat-recycled-hdpe-ground-protection-and-access-mats\/","title":{"rendered":"Tapetes de prote\u00e7\u00e3o do solo e de acesso em PEAD reciclado da Trakmat"},"content":{"rendered":"<h2>Revestimentos para pavimentos de acessibilidade e defesa do solo em PEAD reciclado Trakmat<\/h2>\n<p>Os revestimentos para pavimentos Trakmat em PEAD reciclado s\u00e3o concebidos para proporcionar uma solu\u00e7\u00e3o segura, resistente e amiga do ambiente para estradas tempor\u00e1rias, acesso ao local e estabiliza\u00e7\u00e3o do solo. Constru\u00eddos a partir de PEAD reciclado de alta qualidade, estes revestimentos para pavimentos s\u00e3o leves mas incrivelmente resistentes, proporcionando uma capacidade de carga excecional para equipamentos e autom\u00f3veis pesados. A sua superf\u00edcie texturada aumenta a tra\u00e7\u00e3o e reduz o deslizamento em condi\u00e7\u00f5es h\u00famidas ou desiguais. Criados para uma utiliza\u00e7\u00e3o repetida, s\u00e3o f\u00e1ceis de instalar, arrumar e armazenar, o que os torna ideais para estaleiros de constru\u00e7\u00e3o, eventos, paisagismo e projectos de servi\u00e7os p\u00fablicos. Uma sele\u00e7\u00e3o econ\u00f3mica e sustent\u00e1vel para uma defesa fi\u00e1vel do solo.<\/p>","protected":false},"excerpt":{"rendered":"<p>Os tapetes de prote\u00e7\u00e3o do solo e de acesso em PEAD reciclado Trakmat foram concebidos para proporcionar um suporte duradouro e ecol\u00f3gico para m\u00e1quinas e ve\u00edculos pesados. A sua superf\u00edcie antiderrapante garante opera\u00e7\u00f5es seguras em estaleiros de constru\u00e7\u00e3o, eventos e projectos ao ar livre, reduzindo os danos no solo e a compacta\u00e7\u00e3o do solo.<\/p>","protected":false},"featured_media":1123,"template":"","meta":{"_gspb_post_css":""},"product_brand":[],"product_cat":[24,26],"product_tag":[122,72,141],"class_list":{"0":"post-1120","1":"product","2":"type-product","3":"status-publish","4":"has-post-thumbnail","6":"product_cat-ground-protection-road-mats","7":"product_cat-base-mats","8":"product_tag-access-mats","9":"product_tag-ground-protection-mats","10":"product_tag-recycled-hdpe-mats","12":"first","13":"instock","14":"shipping-taxable","15":"product-type-simple"},"_links":{"self":[{"href":"https:\/\/uhmwpemanufacture.com\/pt\/wp-json\/wp\/v2\/product\/1120","targetHints":{"allow":["GET"]}}],"collection":[{"href":"https:\/\/uhmwpemanufacture.com\/pt\/wp-json\/wp\/v2\/product"}],"about":[{"href":"https:\/\/uhmwpemanufacture.com\/pt\/wp-json\/wp\/v2\/types\/product"}],"wp:featuredmedia":[{"embeddable":true,"href":"https:\/\/uhmwpemanufacture.com\/pt\/wp-json\/wp\/v2\/media\/1123"}],"wp:attachment":[{"href":"https:\/\/uhmwpemanufacture.com\/pt\/wp-json\/wp\/v2\/media?parent=1120"}],"wp:term":[{"taxonomy":"product_brand","embeddable":true,"href":"https:\/\/uhmwpemanufacture.com\/pt\/wp-json\/wp\/v2\/product_brand?post=1120"},{"taxonomy":"product_cat","embeddable":true,"href":"https:\/\/uhmwpemanufacture.com\/pt\/wp-json\/wp\/v2\/product_cat?post=1120"},{"taxonomy":"product_tag","embeddable":true,"href":"https:\/\/uhmwpemanufacture.com\/pt\/wp-json\/wp\/v2\/product_tag?post=1120"}],"curies":[{"name":"wp","href":"https:\/\/api.w.org\/{rel}","templated":true}]}}