{"id":1126,"date":"2025-09-28T06:03:34","date_gmt":"2025-09-28T06:03:34","guid":{"rendered":"https:\/\/uhmwpemanufacture.com\/?post_type=product&#038;p=1126"},"modified":"2025-09-28T06:03:34","modified_gmt":"2025-09-28T06:03:34","slug":"custom-anti-slip-wear-resistant-uhmwpe-amphimats-vendor","status":"publish","type":"product","link":"https:\/\/uhmwpemanufacture.com\/pt\/custom-anti-slip-wear-resistant-uhmwpe-amphimats-vendor\/","title":{"rendered":"Fornecedor de anfiteatros de uva antiderrapantes personalizados e resistentes ao desgaste"},"content":{"rendered":"<h2>Fornecedor de anfiteatros UHMWPE antiderrapantes feitos \u00e0 medida<\/h2>\n<p>Estes amphimats UHMWPE personalizados s\u00e3o desenvolvidos para m\u00e1xima resili\u00eancia e seguran\u00e7a, oferecendo uma not\u00e1vel resist\u00eancia ao desgaste e uma longa vida \u00fatil. Desenvolvidos com uma superf\u00edcie antiderrapante, proporcionam um apoio fi\u00e1vel ao solo para equipamentos pesados, autom\u00f3veis e meios de acesso de curta dura\u00e7\u00e3o, mesmo em ambientes dif\u00edceis. A sua estrutura leve mas s\u00f3lida torna-os muito f\u00e1ceis de transportar e instalar, garantindo uma configura\u00e7\u00e3o eficiente do s\u00edtio Web. Perfeitos para sites de constru\u00e7\u00e3o, eventos ao ar livre e projectos de servi\u00e7os p\u00fablicos, estes revestimentos para pavimentos protegem o solo de danos e mant\u00eam condi\u00e7\u00f5es de trabalho seguras. Como fornecedor de confian\u00e7a, fornecemos solu\u00e7\u00f5es de qualidade personalizadas de acordo com as suas necessidades.<\/p>","protected":false},"excerpt":{"rendered":"<p>Os anfiteatros UHMWPE personalizados com design antiderrapante garantem a resist\u00eancia ao desgaste e a estabilidade do equipamento pesado. F\u00e1ceis de instalar, protegem as superf\u00edcies do solo em projectos de constru\u00e7\u00e3o, eventos e servi\u00e7os p\u00fablicos, oferecendo um desempenho fi\u00e1vel a longo prazo.<\/p>","protected":false},"featured_media":1127,"template":"","meta":{"_gspb_post_css":""},"product_brand":[],"product_cat":[24,28],"product_tag":[72,142,143],"class_list":{"0":"post-1126","1":"product","2":"type-product","3":"status-publish","4":"has-post-thumbnail","6":"product_cat-ground-protection-road-mats","7":"product_cat-amphi-mats","8":"product_tag-ground-protection-mats","9":"product_tag-uhmwpe-amphimats","10":"product_tag-wear-resistant-mats","12":"first","13":"instock","14":"shipping-taxable","15":"product-type-simple"},"_links":{"self":[{"href":"https:\/\/uhmwpemanufacture.com\/pt\/wp-json\/wp\/v2\/product\/1126","targetHints":{"allow":["GET"]}}],"collection":[{"href":"https:\/\/uhmwpemanufacture.com\/pt\/wp-json\/wp\/v2\/product"}],"about":[{"href":"https:\/\/uhmwpemanufacture.com\/pt\/wp-json\/wp\/v2\/types\/product"}],"wp:featuredmedia":[{"embeddable":true,"href":"https:\/\/uhmwpemanufacture.com\/pt\/wp-json\/wp\/v2\/media\/1127"}],"wp:attachment":[{"href":"https:\/\/uhmwpemanufacture.com\/pt\/wp-json\/wp\/v2\/media?parent=1126"}],"wp:term":[{"taxonomy":"product_brand","embeddable":true,"href":"https:\/\/uhmwpemanufacture.com\/pt\/wp-json\/wp\/v2\/product_brand?post=1126"},{"taxonomy":"product_cat","embeddable":true,"href":"https:\/\/uhmwpemanufacture.com\/pt\/wp-json\/wp\/v2\/product_cat?post=1126"},{"taxonomy":"product_tag","embeddable":true,"href":"https:\/\/uhmwpemanufacture.com\/pt\/wp-json\/wp\/v2\/product_tag?post=1126"}],"curies":[{"name":"wp","href":"https:\/\/api.w.org\/{rel}","templated":true}]}}