{"id":1134,"date":"2025-09-28T06:12:44","date_gmt":"2025-09-28T06:12:44","guid":{"rendered":"https:\/\/uhmwpemanufacture.com\/?post_type=product&#038;p=1134"},"modified":"2025-09-28T06:12:44","modified_gmt":"2025-09-28T06:12:44","slug":"custom-boron-uhmwpe-plastic-sheet-boron-borated-wholesaler","status":"publish","type":"product","link":"https:\/\/uhmwpemanufacture.com\/pt\/custom-boron-uhmwpe-plastic-sheet-boron-borated-wholesaler\/","title":{"rendered":"Folha de pl\u00e1stico de boro Uhmwpe personalizada Atacadista de boro boratado"},"content":{"rendered":"<h2>Folha de pl\u00e1stico de boro Uhmwpe personalizada Atacadista de boro boratado<\/h2>\n<p>Estes anfiteatros UHMWPE personalizados s\u00e3o desenvolvidos para m\u00e1xima durabilidade e seguran\u00e7a, proporcionando uma extraordin\u00e1ria resist\u00eancia ao desgaste e uma longa vida \u00fatil. Constru\u00eddos com uma superf\u00edcie antiderrapante, proporcionam um apoio fi\u00e1vel ao solo para equipamento pesado, autom\u00f3veis e acessos de curta dura\u00e7\u00e3o, mesmo em ambientes dif\u00edceis. A sua estrutura leve mas forte torna-os muito f\u00e1ceis de transportar e montar, garantindo uma organiza\u00e7\u00e3o eficiente do local. Perfeitos para sites de constru\u00e7\u00e3o, ocasi\u00f5es ao ar livre e tarefas energ\u00e9ticas, estes revestimentos para pavimentos protegem o solo de danos e mant\u00eam condi\u00e7\u00f5es de trabalho est\u00e1veis. Como fornecedor de confian\u00e7a, fornecemos servi\u00e7os de alta qualidade adaptados \u00e0s suas necessidades.<\/p>","protected":false},"excerpt":{"rendered":"<p>Os anfiteatros UHMWPE personalizados com design antiderrapante garantem a resist\u00eancia ao desgaste e a estabilidade do equipamento pesado. F\u00e1ceis de instalar, protegem as superf\u00edcies do solo em projectos de constru\u00e7\u00e3o, eventos e servi\u00e7os p\u00fablicos, oferecendo um desempenho fi\u00e1vel a longo prazo.<\/p>","protected":false},"featured_media":1138,"template":"","meta":{"_gspb_post_css":""},"product_brand":[],"product_cat":[15,19],"product_tag":[72,142,143],"class_list":{"0":"post-1134","1":"product","2":"type-product","3":"status-publish","4":"has-post-thumbnail","6":"product_cat-uhmwpe-hdpe-sheets-plates","7":"product_cat-lead-boron-polyethylene-plates","8":"product_tag-ground-protection-mats","9":"product_tag-uhmwpe-amphimats","10":"product_tag-wear-resistant-mats","12":"first","13":"instock","14":"shipping-taxable","15":"product-type-simple"},"_links":{"self":[{"href":"https:\/\/uhmwpemanufacture.com\/pt\/wp-json\/wp\/v2\/product\/1134","targetHints":{"allow":["GET"]}}],"collection":[{"href":"https:\/\/uhmwpemanufacture.com\/pt\/wp-json\/wp\/v2\/product"}],"about":[{"href":"https:\/\/uhmwpemanufacture.com\/pt\/wp-json\/wp\/v2\/types\/product"}],"wp:featuredmedia":[{"embeddable":true,"href":"https:\/\/uhmwpemanufacture.com\/pt\/wp-json\/wp\/v2\/media\/1138"}],"wp:attachment":[{"href":"https:\/\/uhmwpemanufacture.com\/pt\/wp-json\/wp\/v2\/media?parent=1134"}],"wp:term":[{"taxonomy":"product_brand","embeddable":true,"href":"https:\/\/uhmwpemanufacture.com\/pt\/wp-json\/wp\/v2\/product_brand?post=1134"},{"taxonomy":"product_cat","embeddable":true,"href":"https:\/\/uhmwpemanufacture.com\/pt\/wp-json\/wp\/v2\/product_cat?post=1134"},{"taxonomy":"product_tag","embeddable":true,"href":"https:\/\/uhmwpemanufacture.com\/pt\/wp-json\/wp\/v2\/product_tag?post=1134"}],"curies":[{"name":"wp","href":"https:\/\/api.w.org\/{rel}","templated":true}]}}