{"id":1141,"date":"2025-09-28T06:16:13","date_gmt":"2025-09-28T06:16:13","guid":{"rendered":"https:\/\/uhmwpemanufacture.com\/?post_type=product&#038;p=1141"},"modified":"2025-09-28T06:16:13","modified_gmt":"2025-09-28T06:16:13","slug":"heavy-engineering-machinery-uhmwpe-plate-crane-wholesaler","status":"publish","type":"product","link":"https:\/\/uhmwpemanufacture.com\/pt\/heavy-engineering-machinery-uhmwpe-plate-crane-wholesaler\/","title":{"rendered":"Maquinaria de engenharia pesada grossista de guindaste de placa UHMWPE"},"content":{"rendered":"<h2>Equipamento de engenharia pesada Revendedor de guindastes de placa UHMWPE<\/h2>\n<p>Estas placas UHMWPE para trabalhos pesados s\u00e3o desenvolvidas para aplica\u00e7\u00f5es em gruas e m\u00e1quinas, proporcionando uma distribui\u00e7\u00e3o de lotes excecional, resist\u00eancia \u00e0 utiliza\u00e7\u00e3o e resili\u00eancia duradoura. Com elevada resist\u00eancia \u00e0 influ\u00eancia e propriedades residenciais anti-corros\u00e3o, garantem seguran\u00e7a e prote\u00e7\u00e3o em tarefas de constru\u00e7\u00e3o civil, minera\u00e7\u00e3o e sector pesado. Leves mas s\u00f3lidos, s\u00e3o f\u00e1ceis de manusear com pegas incorporadas. A sua superf\u00edcie antiaderente e resistente \u00e0s intemp\u00e9ries permite um desempenho respeit\u00e1vel em ambientes severos, impedindo danos no solo e suportando lotes pesados. Ideais para especialistas, empresas de aluguer de equipamento e concession\u00e1rios que procuram solu\u00e7\u00f5es fi\u00e1veis de apoio no solo.<\/p>","protected":false},"excerpt":{"rendered":"<p>Placas de UHMWPE para guindastes de m\u00e1quinas de engenharia pesada, concebidas para m\u00e1xima estabilidade e durabilidade. Leves mas fortes, estas placas resistem ao impacto, \u00e0 \u00e1gua e aos produtos qu\u00edmicos, o que as torna ideais para gruas, estabilizadores e equipamento de eleva\u00e7\u00e3o em ambientes dif\u00edceis.<\/p>","protected":false},"featured_media":0,"template":"","meta":{"_gspb_post_css":""},"product_brand":[],"product_cat":[15,20],"product_tag":[145,146,144],"class_list":{"0":"post-1141","1":"product","2":"type-product","3":"status-publish","5":"product_cat-uhmwpe-hdpe-sheets-plates","6":"product_cat-crane-outrigger-pads","7":"product_tag-heavy-machinery-support","8":"product_tag-outrigger-mats","9":"product_tag-uhmwpe-crane-pads","11":"first","12":"instock","13":"shipping-taxable","14":"product-type-simple"},"_links":{"self":[{"href":"https:\/\/uhmwpemanufacture.com\/pt\/wp-json\/wp\/v2\/product\/1141","targetHints":{"allow":["GET"]}}],"collection":[{"href":"https:\/\/uhmwpemanufacture.com\/pt\/wp-json\/wp\/v2\/product"}],"about":[{"href":"https:\/\/uhmwpemanufacture.com\/pt\/wp-json\/wp\/v2\/types\/product"}],"wp:attachment":[{"href":"https:\/\/uhmwpemanufacture.com\/pt\/wp-json\/wp\/v2\/media?parent=1141"}],"wp:term":[{"taxonomy":"product_brand","embeddable":true,"href":"https:\/\/uhmwpemanufacture.com\/pt\/wp-json\/wp\/v2\/product_brand?post=1141"},{"taxonomy":"product_cat","embeddable":true,"href":"https:\/\/uhmwpemanufacture.com\/pt\/wp-json\/wp\/v2\/product_cat?post=1141"},{"taxonomy":"product_tag","embeddable":true,"href":"https:\/\/uhmwpemanufacture.com\/pt\/wp-json\/wp\/v2\/product_tag?post=1141"}],"curies":[{"name":"wp","href":"https:\/\/api.w.org\/{rel}","templated":true}]}}