{"id":1148,"date":"2025-09-28T06:20:59","date_gmt":"2025-09-28T06:20:59","guid":{"rendered":"https:\/\/uhmwpemanufacture.com\/?post_type=product&#038;p=1148"},"modified":"2025-09-28T06:20:59","modified_gmt":"2025-09-28T06:20:59","slug":"custom-uhmwpe-pom-hdpe-nylon-polyethylene-sheet-wholesaler","status":"publish","type":"product","link":"https:\/\/uhmwpemanufacture.com\/pt\/custom-uhmwpe-pom-hdpe-nylon-polyethylene-sheet-wholesaler\/","title":{"rendered":"Atacadista de chapas de polietileno de nylon com pompa Uhmwpe personalizado"},"content":{"rendered":"<h2>Revendedor de chapas de polietileno de nylon com pompa Uhmwpe personalizado<\/h2>\n<p>As nossas chapas de UHMWPE, POM, HDPE e nylon personalizadas fornecem uma not\u00e1vel resist\u00eancia ao desgaste, resist\u00eancia ao efeito e tenacidade para uma grande variedade de utiliza\u00e7\u00f5es industriais. Com fric\u00e7\u00e3o reduzida e forte resist\u00eancia qu\u00edmica, estas chapas s\u00e3o adequadas para aplica\u00e7\u00f5es de design, manuseamento de alimentos, pe\u00e7as mec\u00e2nicas e constru\u00e7\u00e3o civil. Dispon\u00edveis em v\u00e1rias dimens\u00f5es e espessuras, proporcionam uma efici\u00eancia fi\u00e1vel em problemas exigentes. Como grossista de confian\u00e7a, fornecemos produtos de qualidade superior com pre\u00e7os acess\u00edveis e fornecimento regular para satisfazer as necessidades variadas dos clientes.<\/p>","protected":false},"excerpt":{"rendered":"<p>Folhas personalizadas de UHMWPE, POM, HDPE, nylon e polietileno com elevada resist\u00eancia, resist\u00eancia ao desgaste e estabilidade qu\u00edmica. Adequadas para aplica\u00e7\u00f5es de engenharia, constru\u00e7\u00e3o e industriais. Dispon\u00edveis em v\u00e1rios tamanhos, cores e espessuras para satisfazer diversas necessidades de fabrico.<\/p>","protected":false},"featured_media":1151,"template":"","meta":{"_gspb_post_css":""},"product_brand":[],"product_cat":[23],"product_tag":[59,69,56],"class_list":{"0":"post-1148","1":"product","2":"type-product","3":"status-publish","4":"has-post-thumbnail","6":"product_cat-nylon-sheets","7":"product_tag-hdpe-sheet","8":"product_tag-nylon-sheet","9":"product_tag-uhmwpe-sheet","11":"first","12":"instock","13":"shipping-taxable","14":"product-type-simple"},"_links":{"self":[{"href":"https:\/\/uhmwpemanufacture.com\/pt\/wp-json\/wp\/v2\/product\/1148","targetHints":{"allow":["GET"]}}],"collection":[{"href":"https:\/\/uhmwpemanufacture.com\/pt\/wp-json\/wp\/v2\/product"}],"about":[{"href":"https:\/\/uhmwpemanufacture.com\/pt\/wp-json\/wp\/v2\/types\/product"}],"wp:featuredmedia":[{"embeddable":true,"href":"https:\/\/uhmwpemanufacture.com\/pt\/wp-json\/wp\/v2\/media\/1151"}],"wp:attachment":[{"href":"https:\/\/uhmwpemanufacture.com\/pt\/wp-json\/wp\/v2\/media?parent=1148"}],"wp:term":[{"taxonomy":"product_brand","embeddable":true,"href":"https:\/\/uhmwpemanufacture.com\/pt\/wp-json\/wp\/v2\/product_brand?post=1148"},{"taxonomy":"product_cat","embeddable":true,"href":"https:\/\/uhmwpemanufacture.com\/pt\/wp-json\/wp\/v2\/product_cat?post=1148"},{"taxonomy":"product_tag","embeddable":true,"href":"https:\/\/uhmwpemanufacture.com\/pt\/wp-json\/wp\/v2\/product_tag?post=1148"}],"curies":[{"name":"wp","href":"https:\/\/api.w.org\/{rel}","templated":true}]}}