{"id":1154,"date":"2025-09-28T06:26:46","date_gmt":"2025-09-28T06:26:46","guid":{"rendered":"https:\/\/uhmwpemanufacture.com\/?post_type=product&#038;p=1154"},"modified":"2025-09-28T06:26:46","modified_gmt":"2025-09-28T06:26:46","slug":"uhmwpe-coal-bunker-lining-plate-injection-molded-parts-dealer","status":"publish","type":"product","link":"https:\/\/uhmwpemanufacture.com\/pt\/uhmwpe-coal-bunker-lining-plate-injection-molded-parts-dealer\/","title":{"rendered":"Revendedor de pe\u00e7as moldadas por inje\u00e7\u00e3o de placa de revestimento de bancas de carv\u00e3o UHMWPE"},"content":{"rendered":"<h2>Placa de revestimento celular do dep\u00f3sito de carv\u00e3o UHMWPE Fornecedor de componentes de constru\u00e7\u00e3o por inje\u00e7\u00e3o<\/h2>\n<p>As nossas placas de revestimento para abrigos de carv\u00e3o em UHMWPE foram desenvolvidas para uma efici\u00eancia de servi\u00e7o pesado na ind\u00fastria mineral. Com elevada resist\u00eancia ao desgaste, auto-lubrifica\u00e7\u00e3o e excelente resist\u00eancia ao impacto, evitam obstru\u00e7\u00f5es de material e reduzem o tempo de paragem para manuten\u00e7\u00e3o. Moldadas por inje\u00e7\u00e3o para maior precis\u00e3o, estas placas s\u00e3o muito f\u00e1ceis de montar e proporcionam uma prote\u00e7\u00e3o de primeira qualidade contra a abras\u00e3o e a corros\u00e3o. Ideais para dep\u00f3sitos de carv\u00e3o, calhas, silos e tremonhas, prolongam a vida \u00fatil das ferramentas e asseguram um manuseamento mais suave do material em massa. Com a confian\u00e7a dos procedimentos industriais, estes revestimentos proporcionam longevidade e efici\u00eancia nos ambientes mais dif\u00edceis, tornando-os uma solu\u00e7\u00e3o necess\u00e1ria para aplica\u00e7\u00f5es de explora\u00e7\u00e3o mineira e processamento.<\/p>","protected":false},"excerpt":{"rendered":"<p>As placas de revestimento de dep\u00f3sitos de carv\u00e3o em UHMWPE oferecem elevada resist\u00eancia ao desgaste, resist\u00eancia ao impacto e auto-lubrifica\u00e7\u00e3o. Ideais para calhas, silos e dep\u00f3sitos, garantem um manuseamento suave do material a granel, reduzem os bloqueios e prolongam a vida \u00fatil do equipamento com uma instala\u00e7\u00e3o f\u00e1cil e duradoura.<\/p>","protected":false},"featured_media":1157,"template":"","meta":{"_gspb_post_css":""},"product_brand":[],"product_cat":[15,22],"product_tag":[149,148,147],"class_list":{"0":"post-1154","1":"product","2":"type-product","3":"status-publish","4":"has-post-thumbnail","6":"product_cat-uhmwpe-hdpe-sheets-plates","7":"product_cat-coal-bunker-limit-plates","8":"product_tag-chute-lining-plate","9":"product_tag-injection-molded-parts","10":"product_tag-uhmwpe-coal-bunker-liner","12":"first","13":"instock","14":"shipping-taxable","15":"product-type-simple"},"_links":{"self":[{"href":"https:\/\/uhmwpemanufacture.com\/pt\/wp-json\/wp\/v2\/product\/1154","targetHints":{"allow":["GET"]}}],"collection":[{"href":"https:\/\/uhmwpemanufacture.com\/pt\/wp-json\/wp\/v2\/product"}],"about":[{"href":"https:\/\/uhmwpemanufacture.com\/pt\/wp-json\/wp\/v2\/types\/product"}],"wp:featuredmedia":[{"embeddable":true,"href":"https:\/\/uhmwpemanufacture.com\/pt\/wp-json\/wp\/v2\/media\/1157"}],"wp:attachment":[{"href":"https:\/\/uhmwpemanufacture.com\/pt\/wp-json\/wp\/v2\/media?parent=1154"}],"wp:term":[{"taxonomy":"product_brand","embeddable":true,"href":"https:\/\/uhmwpemanufacture.com\/pt\/wp-json\/wp\/v2\/product_brand?post=1154"},{"taxonomy":"product_cat","embeddable":true,"href":"https:\/\/uhmwpemanufacture.com\/pt\/wp-json\/wp\/v2\/product_cat?post=1154"},{"taxonomy":"product_tag","embeddable":true,"href":"https:\/\/uhmwpemanufacture.com\/pt\/wp-json\/wp\/v2\/product_tag?post=1154"}],"curies":[{"name":"wp","href":"https:\/\/api.w.org\/{rel}","templated":true}]}}