{"id":1162,"date":"2025-09-28T06:30:22","date_gmt":"2025-09-28T06:30:22","guid":{"rendered":"https:\/\/uhmwpemanufacture.com\/?post_type=product&#038;p=1162"},"modified":"2025-09-28T06:30:22","modified_gmt":"2025-09-28T06:30:22","slug":"excellent-formability-color-polyethylene-plastic-sheets-hdpe","status":"publish","type":"product","link":"https:\/\/uhmwpemanufacture.com\/pt\/excellent-formability-color-polyethylene-plastic-sheets-hdpe\/","title":{"rendered":"Excelente Formabilidade Folhas de Pl\u00e1stico de Polietileno Colorido PEAD"},"content":{"rendered":"<h2>Chapas de pl\u00e1stico de polietileno para sombreamento HDPE<\/h2>\n<p>As nossas folhas de pl\u00e1stico de polietileno HDPE incluem excelente formabilidade, robustez e resist\u00eancia qu\u00edmica, tornando-as num produto funcional para aplica\u00e7\u00f5es comerciais, industriais e de engenharia. Oferecidas em cores vivas, estas folhas s\u00e3o leves mas s\u00f3lidas, proporcionando um fabrico f\u00e1cil atrav\u00e9s de corte, flex\u00e3o e soldadura. S\u00e3o amplamente utilizadas em revestimentos celulares, embalagens de produtos, pain\u00e9is de constru\u00e7\u00e3o e obst\u00e1culos de seguran\u00e7a. Com elevada resist\u00eancia ao impacto e propriedades residenciais ou comerciais \u00e0 prova de intemp\u00e9ries, asseguram uma efici\u00eancia respeit\u00e1vel no interior ou no exterior da sua casa. Estas folhas de PEAD integram praticidade e alta qualidade, proporcionando uma solu\u00e7\u00e3o econ\u00f3mica para a produ\u00e7\u00e3o personalizada exigida em v\u00e1rios sectores.<\/p>","protected":false},"excerpt":{"rendered":"<p>As folhas de polietileno colorido HDPE proporcionam uma excelente formabilidade, resist\u00eancia ao impacto e resist\u00eancia qu\u00edmica. Ideais para constru\u00e7\u00e3o, revestimento, embalagem e utiliza\u00e7\u00e3o industrial, s\u00e3o f\u00e1ceis de fabricar e t\u00eam um bom desempenho em aplica\u00e7\u00f5es interiores e exteriores.<\/p>","protected":false},"featured_media":1166,"template":"","meta":{"_gspb_post_css":""},"product_brand":[],"product_cat":[15,18],"product_tag":[152,150,151],"class_list":{"0":"post-1162","1":"product","2":"type-product","3":"status-publish","4":"has-post-thumbnail","6":"product_cat-uhmwpe-hdpe-sheets-plates","7":"product_cat-hdpe-sheets","8":"product_tag-colored-hdpe-panels","9":"product_tag-hdpe-plastic-sheets","10":"product_tag-polyethylene-sheets-supplier","12":"first","13":"instock","14":"shipping-taxable","15":"product-type-simple"},"_links":{"self":[{"href":"https:\/\/uhmwpemanufacture.com\/pt\/wp-json\/wp\/v2\/product\/1162","targetHints":{"allow":["GET"]}}],"collection":[{"href":"https:\/\/uhmwpemanufacture.com\/pt\/wp-json\/wp\/v2\/product"}],"about":[{"href":"https:\/\/uhmwpemanufacture.com\/pt\/wp-json\/wp\/v2\/types\/product"}],"wp:featuredmedia":[{"embeddable":true,"href":"https:\/\/uhmwpemanufacture.com\/pt\/wp-json\/wp\/v2\/media\/1166"}],"wp:attachment":[{"href":"https:\/\/uhmwpemanufacture.com\/pt\/wp-json\/wp\/v2\/media?parent=1162"}],"wp:term":[{"taxonomy":"product_brand","embeddable":true,"href":"https:\/\/uhmwpemanufacture.com\/pt\/wp-json\/wp\/v2\/product_brand?post=1162"},{"taxonomy":"product_cat","embeddable":true,"href":"https:\/\/uhmwpemanufacture.com\/pt\/wp-json\/wp\/v2\/product_cat?post=1162"},{"taxonomy":"product_tag","embeddable":true,"href":"https:\/\/uhmwpemanufacture.com\/pt\/wp-json\/wp\/v2\/product_tag?post=1162"}],"curies":[{"name":"wp","href":"https:\/\/api.w.org\/{rel}","templated":true}]}}