{"id":1170,"date":"2025-09-28T06:39:29","date_gmt":"2025-09-28T06:39:29","guid":{"rendered":"https:\/\/uhmwpemanufacture.com\/?post_type=product&#038;p=1170"},"modified":"2025-09-28T07:52:03","modified_gmt":"2025-09-28T07:52:03","slug":"reliability-uhmw-pe-cribbing-blocks-heavy-load-applications","status":"publish","type":"product","link":"https:\/\/uhmwpemanufacture.com\/pt\/reliability-uhmw-pe-cribbing-blocks-heavy-load-applications\/","title":{"rendered":"Fiabilidade dos blocos de suporte UHMW-PE Aplica\u00e7\u00f5es de carga pesada"},"content":{"rendered":"<h2>Fiabilidade dos blocos de suporte UHMW-PE Aplica\u00e7\u00f5es de carga pesada<\/h2>\n<p>Os blocos de cribbing UHMW-PE s\u00e3o concebidos para proporcionar uma resist\u00eancia, resili\u00eancia e seguran\u00e7a excepcionais em aplica\u00e7\u00f5es de carga pesada. Concebidos para a constru\u00e7\u00e3o, a explora\u00e7\u00e3o mineira e a rea\u00e7\u00e3o de emerg\u00eancia, estes blocos resistem ao desgaste, ao impacto e \u00e0s condi\u00e7\u00f5es climat\u00e9ricas extremas, ao mesmo tempo que utilizam uma excelente distribui\u00e7\u00e3o de toneladas. A sua estrutura leve mas dur\u00e1vel garante um manuseamento f\u00e1cil e uma utiliza\u00e7\u00e3o duplicada sem lascas ou fissuras. As propriedades residenciais n\u00e3o absorventes e resistentes a produtos qu\u00edmicos tornam-nos excelentes para ambientes exteriores onde exista humidade, \u00f3leos ou produtos qu\u00edmicos. Perfeitos para estabilizar gruas, ve\u00edculos e equipamento, estes blocos de cribbing proporcionam uma fiabilidade resistente em problemas exigentes.<\/p>","protected":false},"excerpt":{"rendered":"<p>Os blocos de suporte UHMW-PE proporcionam uma resist\u00eancia e estabilidade fi\u00e1veis para aplica\u00e7\u00f5es de carga pesada. Leves, duradouros e resistentes a produtos qu\u00edmicos, proporcionam um suporte seguro para gruas, cami\u00f5es e m\u00e1quinas em ambientes de constru\u00e7\u00e3o, explora\u00e7\u00e3o mineira e industriais.<\/p>","protected":false},"featured_media":1173,"template":"","meta":{"_gspb_post_css":""},"product_brand":[],"product_cat":[15,21],"product_tag":[154,153,113],"class_list":{"0":"post-1170","1":"product","2":"type-product","3":"status-publish","4":"has-post-thumbnail","6":"product_cat-uhmwpe-hdpe-sheets-plates","7":"product_cat-uhmwpe-fender-pads","8":"product_tag-crane-stabilizer-blocks","9":"product_tag-heavy-load-support","10":"product_tag-uhmwpe-cribbing-blocks","12":"first","13":"instock","14":"shipping-taxable","15":"product-type-simple"},"_links":{"self":[{"href":"https:\/\/uhmwpemanufacture.com\/pt\/wp-json\/wp\/v2\/product\/1170","targetHints":{"allow":["GET"]}}],"collection":[{"href":"https:\/\/uhmwpemanufacture.com\/pt\/wp-json\/wp\/v2\/product"}],"about":[{"href":"https:\/\/uhmwpemanufacture.com\/pt\/wp-json\/wp\/v2\/types\/product"}],"wp:featuredmedia":[{"embeddable":true,"href":"https:\/\/uhmwpemanufacture.com\/pt\/wp-json\/wp\/v2\/media\/1173"}],"wp:attachment":[{"href":"https:\/\/uhmwpemanufacture.com\/pt\/wp-json\/wp\/v2\/media?parent=1170"}],"wp:term":[{"taxonomy":"product_brand","embeddable":true,"href":"https:\/\/uhmwpemanufacture.com\/pt\/wp-json\/wp\/v2\/product_brand?post=1170"},{"taxonomy":"product_cat","embeddable":true,"href":"https:\/\/uhmwpemanufacture.com\/pt\/wp-json\/wp\/v2\/product_cat?post=1170"},{"taxonomy":"product_tag","embeddable":true,"href":"https:\/\/uhmwpemanufacture.com\/pt\/wp-json\/wp\/v2\/product_tag?post=1170"}],"curies":[{"name":"wp","href":"https:\/\/api.w.org\/{rel}","templated":true}]}}