{"id":1175,"date":"2025-09-28T06:42:45","date_gmt":"2025-09-28T06:42:45","guid":{"rendered":"https:\/\/uhmwpemanufacture.com\/?post_type=product&#038;p=1175"},"modified":"2025-09-28T06:42:45","modified_gmt":"2025-09-28T06:42:45","slug":"resistant-uhmwpe-plate-natural-peek-board-plastic-exporter","status":"publish","type":"product","link":"https:\/\/uhmwpemanufacture.com\/pt\/resistant-uhmwpe-plate-natural-peek-board-plastic-exporter\/","title":{"rendered":"Placa Uhmwpe Resistente Placa PEEK Natural Exportador de Pl\u00e1stico"},"content":{"rendered":"<h2>Placa Imune Uhmwpe Placa PEEK Natural Pl\u00e1stico Mercador<\/h2>\n<p>A nossa placa resistente UHMWPE e os nossos produtos de placa PEEK natural fornecem uma resili\u00eancia e efici\u00eancia fenomenais numa grande variedade de aplica\u00e7\u00f5es. Concebidos para resistirem a influ\u00eancias elevadas, desgaste pesado e ambientes exigentes, estes pl\u00e1sticos de design oferecem uma excelente resist\u00eancia a produtos qu\u00edmicos, fric\u00e7\u00e3o e humidade. Com excelente maquinabilidade e estabilidade, s\u00e3o \u00f3ptimos para componentes industriais, componentes mec\u00e2nicos e acess\u00f3rios de precis\u00e3o. Dispon\u00edveis em folhas, postes e formas personalizadas, satisfazem as v\u00e1rias exig\u00eancias de ind\u00fastrias como a autom\u00f3vel, mineira, aeroespacial e de processamento alimentar. A qualidade fi\u00e1vel e a longa vida \u00fatil fazem deles uma escolha de confian\u00e7a para representantes globais.<\/p>\n<h2>Atributos do truque<\/h2>\n<p>Elevada resist\u00eancia ao desgaste e ao impacto<\/p>\n<p>Excelente estabilidade qu\u00edmica<\/p>\n<p>Maquinabilidade e adaptabilidade superiores<\/p>\n<p>Imune \u00e0 humidade e \u00e0 corros\u00e3o<\/p>\n<p>Dispon\u00edvel em v\u00e1rias formas e tamanhos<\/p>","protected":false},"excerpt":{"rendered":"<p>As placas UHMWPE resistentes e as placas PEEK naturais proporcionam uma for\u00e7a, resist\u00eancia ao desgaste e estabilidade qu\u00edmica excepcionais. Perfeitos para componentes industriais, maquinaria e utiliza\u00e7\u00e3o em engenharia, estes pl\u00e1sticos oferecem uma longa vida \u00fatil e um desempenho fi\u00e1vel em aplica\u00e7\u00f5es exigentes.<\/p>","protected":false},"featured_media":1178,"template":"","meta":{"_gspb_post_css":""},"product_brand":[],"product_cat":[15,17],"product_tag":[157,156,155],"class_list":{"0":"post-1175","1":"product","2":"type-product","3":"status-publish","4":"has-post-thumbnail","6":"product_cat-uhmwpe-hdpe-sheets-plates","7":"product_cat-uhmwpe-sheets","8":"product_tag-engineering-plastics","9":"product_tag-peek-board","10":"product_tag-uhmwpe-plate","12":"first","13":"instock","14":"shipping-taxable","15":"product-type-simple"},"_links":{"self":[{"href":"https:\/\/uhmwpemanufacture.com\/pt\/wp-json\/wp\/v2\/product\/1175","targetHints":{"allow":["GET"]}}],"collection":[{"href":"https:\/\/uhmwpemanufacture.com\/pt\/wp-json\/wp\/v2\/product"}],"about":[{"href":"https:\/\/uhmwpemanufacture.com\/pt\/wp-json\/wp\/v2\/types\/product"}],"wp:featuredmedia":[{"embeddable":true,"href":"https:\/\/uhmwpemanufacture.com\/pt\/wp-json\/wp\/v2\/media\/1178"}],"wp:attachment":[{"href":"https:\/\/uhmwpemanufacture.com\/pt\/wp-json\/wp\/v2\/media?parent=1175"}],"wp:term":[{"taxonomy":"product_brand","embeddable":true,"href":"https:\/\/uhmwpemanufacture.com\/pt\/wp-json\/wp\/v2\/product_brand?post=1175"},{"taxonomy":"product_cat","embeddable":true,"href":"https:\/\/uhmwpemanufacture.com\/pt\/wp-json\/wp\/v2\/product_cat?post=1175"},{"taxonomy":"product_tag","embeddable":true,"href":"https:\/\/uhmwpemanufacture.com\/pt\/wp-json\/wp\/v2\/product_tag?post=1175"}],"curies":[{"name":"wp","href":"https:\/\/api.w.org\/{rel}","templated":true}]}}