{"id":1181,"date":"2025-09-28T06:48:30","date_gmt":"2025-09-28T06:48:30","guid":{"rendered":"https:\/\/uhmwpemanufacture.com\/?post_type=product&#038;p=1181"},"modified":"2025-09-28T06:48:30","modified_gmt":"2025-09-28T06:48:30","slug":"excavator-track-road-mats-plastic-ground-protection-mat","status":"publish","type":"product","link":"https:\/\/uhmwpemanufacture.com\/pt\/excavator-track-road-mats-plastic-ground-protection-mat\/","title":{"rendered":"Tapete de prote\u00e7\u00e3o do solo de pl\u00e1stico para escavadoras"},"content":{"rendered":"<h2>Tapetes de pl\u00e1stico para estradas de escavadoras Tapetes de pl\u00e1stico para prote\u00e7\u00e3o do solo<\/h2>\n<p>Os revestimentos para pavimentos de caminhos de rolamento de escavadoras, fabricados em pl\u00e1stico de alta resist\u00eancia, oferecem seguran\u00e7a antiderrapante para equipamento pesado em locais de constru\u00e7\u00e3o, petr\u00f3leo, minas e eventos. Estes tapetes minimizam a tens\u00e3o no solo, protegem a sujidade e evitam que as m\u00e1quinas se afundem, mesmo em terrenos macios ou irregulares. Leves mas resistentes, s\u00e3o muito f\u00e1ceis de montar, limpar e reutilizar, o que as torna uma alternativa econ\u00f3mica e ecol\u00f3gica \u00e0 madeira. Com uma excelente resist\u00eancia a produtos qu\u00edmicos e ao clima, estes revestimentos para pavimentos garantem um desempenho fi\u00e1vel em condi\u00e7\u00f5es exteriores dif\u00edceis. Perfeitos para produzir estradas de acessibilidade de curto prazo e sistemas de funcionamento sem riscos.<\/p>","protected":false},"excerpt":{"rendered":"<p>Os tapetes de estrada para rastos de escavadoras proporcionam uma prote\u00e7\u00e3o duradoura do solo para maquinaria pesada. Fabricados em pl\u00e1stico de alta resist\u00eancia, evitam o afundamento, protegem o solo e criam estradas de acesso tempor\u00e1rio est\u00e1veis para constru\u00e7\u00e3o, explora\u00e7\u00e3o mineira e eventos. F\u00e1ceis de instalar, resistentes \u00e0s intemp\u00e9ries e reutiliz\u00e1veis.<\/p>","protected":false},"featured_media":1182,"template":"","meta":{"_gspb_post_css":""},"product_brand":[],"product_cat":[24,26],"product_tag":[160,158,159],"class_list":{"0":"post-1181","1":"product","2":"type-product","3":"status-publish","4":"has-post-thumbnail","6":"product_cat-ground-protection-road-mats","7":"product_cat-base-mats","8":"product_tag-construction-access-mats","9":"product_tag-excavator-track-mats","10":"product_tag-ground-protection-mat","12":"first","13":"instock","14":"shipping-taxable","15":"product-type-simple"},"_links":{"self":[{"href":"https:\/\/uhmwpemanufacture.com\/pt\/wp-json\/wp\/v2\/product\/1181","targetHints":{"allow":["GET"]}}],"collection":[{"href":"https:\/\/uhmwpemanufacture.com\/pt\/wp-json\/wp\/v2\/product"}],"about":[{"href":"https:\/\/uhmwpemanufacture.com\/pt\/wp-json\/wp\/v2\/types\/product"}],"wp:featuredmedia":[{"embeddable":true,"href":"https:\/\/uhmwpemanufacture.com\/pt\/wp-json\/wp\/v2\/media\/1182"}],"wp:attachment":[{"href":"https:\/\/uhmwpemanufacture.com\/pt\/wp-json\/wp\/v2\/media?parent=1181"}],"wp:term":[{"taxonomy":"product_brand","embeddable":true,"href":"https:\/\/uhmwpemanufacture.com\/pt\/wp-json\/wp\/v2\/product_brand?post=1181"},{"taxonomy":"product_cat","embeddable":true,"href":"https:\/\/uhmwpemanufacture.com\/pt\/wp-json\/wp\/v2\/product_cat?post=1181"},{"taxonomy":"product_tag","embeddable":true,"href":"https:\/\/uhmwpemanufacture.com\/pt\/wp-json\/wp\/v2\/product_tag?post=1181"}],"curies":[{"name":"wp","href":"https:\/\/api.w.org\/{rel}","templated":true}]}}